{"id":259072,"date":"2023-11-09T13:28:10","date_gmt":"2023-11-09T18:28:10","guid":{"rendered":"https:\/\/www.avenuedesigncanada.com\/?post_type=product&#038;p=259072"},"modified":"2026-02-12T10:17:18","modified_gmt":"2026-02-12T15:17:18","slug":"buffet-reveal","status":"publish","type":"product","link":"https:\/\/www.avenuedesigncanada.com\/fr\/product\/buffet-reveal\/","title":{"rendered":"Buffet Reveal"},"content":{"rendered":"<p><em>Les caract\u00e9ristiques du buffet Reveal:<\/em><\/p>\n<p>Solides et placages de fr\u00eane<br \/>\nPortes recouvertes de raphia<br \/>\nQuatre portes avec quincaillerie en bois<br \/>\nUn tiroir central derri\u00e8re les portes<br \/>\nDeux tablettes int\u00e9rieures r\u00e9glables sur les c\u00f4t\u00e9s gauche et droit<\/p>\n<p>Options<br \/>\nStain, Paint, Metallic Paint, Artisan, MIY, Premium Leaf<\/p>\n<p>Illustration :<br \/>\nFinition : Navajo avec raphia Snowdrift.<br \/>\nVous avez des questions sur ce produit ? Nos concepteurs sont l\u00e0 pour vous aider. Appelez-nous au (514) 340-9351 <\/p>\n","protected":false},"excerpt":{"rendered":"<p>Avec sa superposition d&rsquo;\u00e9l\u00e9ments visuellement intrigants, la collection Reveal encourage l&rsquo;\u0153il \u00e0 s&rsquo;attarder un peu plus longtemps et \u00e0 tendre la main pour toucher. Fra\u00eeches et famili\u00e8res \u00e0 la fois, ces cr\u00e9ations inspir\u00e9es sont d&rsquo;une beaut\u00e9 inn\u00e9e et s&rsquo;appuient sur une palette de mati\u00e8res premi\u00e8res s\u00e9lectionn\u00e9es avec une grande sophistication. Les plans de bois lisses aux finitions douces et s\u00e8ches fusionnent avec des textures tiss\u00e9es exquises pour un v\u00e9ritable attrait esth\u00e9tique. Les silhouettes galb\u00e9es et les formes modernes et d\u00e9contract\u00e9es sont fabriqu\u00e9es \u00e0 partir de bois massif et de placage de fr\u00eane, tandis que le caract\u00e8re expressif du raphia rehausse les faces des tiroirs et cr\u00e9e un attrait tactile sur les surfaces. Cette int\u00e9gration d&rsquo;\u00e9l\u00e9ments naturels allie l&rsquo;\u00e9l\u00e9gance \u00e0 un design organique moderne.<\/p>\n","protected":false},"featured_media":259078,"template":"","meta":{"_kad_blocks_custom_css":"","_kad_blocks_head_custom_js":"","_kad_blocks_body_custom_js":"","_kad_blocks_footer_custom_js":"","_kad_post_transparent":"","_kad_post_title":"","_kad_post_layout":"","_kad_post_sidebar_id":"","_kad_post_content_style":"","_kad_post_vertical_padding":"","_kad_post_feature":"","_kad_post_feature_position":"","_kad_post_header":false,"_kad_post_footer":false,"_kad_post_classname":""},"product_brand":[],"product_cat":[1303],"product_tag":[1369],"class_list":{"0":"post-259072","1":"product","2":"type-product","3":"status-publish","4":"has-post-thumbnail","6":"product_cat-buffets","7":"product_tag-theodore-fr","9":"first","10":"instock","11":"taxable","12":"shipping-taxable","13":"product-type-simple","14":"entry","15":"content-bg","16":"loop-entry"},"taxonomy_info":{"product_cat":[{"value":1303,"label":"Buffets"}],"product_tag":[{"value":1369,"label":"THEODORE"}]},"featured_image_src_large":["https:\/\/www.avenuedesigncanada.com\/wp-content\/uploads\/2023\/11\/P592B_IO-HO-1024x1024.jpg",1024,1024,true],"author_info":[],"comment_info":"","_links":{"self":[{"href":"https:\/\/www.avenuedesigncanada.com\/fr\/wp-json\/wp\/v2\/product\/259072","targetHints":{"allow":["GET"]}}],"collection":[{"href":"https:\/\/www.avenuedesigncanada.com\/fr\/wp-json\/wp\/v2\/product"}],"about":[{"href":"https:\/\/www.avenuedesigncanada.com\/fr\/wp-json\/wp\/v2\/types\/product"}],"wp:featuredmedia":[{"embeddable":true,"href":"https:\/\/www.avenuedesigncanada.com\/fr\/wp-json\/wp\/v2\/media\/259078"}],"wp:attachment":[{"href":"https:\/\/www.avenuedesigncanada.com\/fr\/wp-json\/wp\/v2\/media?parent=259072"}],"wp:term":[{"taxonomy":"product_brand","embeddable":true,"href":"https:\/\/www.avenuedesigncanada.com\/fr\/wp-json\/wp\/v2\/product_brand?post=259072"},{"taxonomy":"product_cat","embeddable":true,"href":"https:\/\/www.avenuedesigncanada.com\/fr\/wp-json\/wp\/v2\/product_cat?post=259072"},{"taxonomy":"product_tag","embeddable":true,"href":"https:\/\/www.avenuedesigncanada.com\/fr\/wp-json\/wp\/v2\/product_tag?post=259072"}],"curies":[{"name":"wp","href":"https:\/\/api.w.org\/{rel}","templated":true}]}}