{"id":259430,"date":"2023-11-10T09:56:09","date_gmt":"2023-11-10T14:56:09","guid":{"rendered":"https:\/\/www.avenuedesigncanada.com\/?post_type=product&#038;p=259430"},"modified":"2026-02-12T10:17:19","modified_gmt":"2026-02-12T15:17:19","slug":"table-a-cafe-andover","status":"publish","type":"product","link":"https:\/\/www.avenuedesigncanada.com\/fr\/product\/table-a-cafe-andover\/","title":{"rendered":"Table \u00e0 caf\u00e9 Andover"},"content":{"rendered":"<p><em>Les caract\u00e9ristiques de la table \u00e0 caf\u00e9 Andover :<\/em><\/p>\n<p>Bois de fr\u00eane solide et placages<\/p>\n<p>Options<br \/>\nStain, Paint, Metallic Paint, Artisan, MIY, Premium Leaf, Combination finishing<\/p>\n<p>Tel qu&rsquo;illustr\u00e9 :<br \/>\nFinition : Woodcliff.<\/p>\n<p>&nbsp;<br \/>\nVous avez des questions sur ce produit ? Nos concepteurs sont l\u00e0 pour vous aider. Appelez-nous au (514) 340-9351  <\/p>\n","protected":false},"excerpt":{"rendered":"<p>La table \u00e0 cocktail Andover est fabriqu\u00e9e \u00e0 partir de solides et de placages de fr\u00eane, offrant un aspect raffin\u00e9 et naturel. Les options personnalisables comprennent la teinture, la peinture, la peinture m\u00e9tallique, les finitions Artisan, MIY, Premium Leaf ou une combinaison de finitions, vous permettant d&rsquo;adapter la table \u00e0 votre style. Montr\u00e9e ici dans la finition Woodcliff, elle allie \u00e9l\u00e9gance et polyvalence pour tout espace de vie.  <\/p>\n","protected":false},"featured_media":259440,"template":"","meta":{"_kad_blocks_custom_css":"","_kad_blocks_head_custom_js":"","_kad_blocks_body_custom_js":"","_kad_blocks_footer_custom_js":"","_kad_post_transparent":"","_kad_post_title":"","_kad_post_layout":"","_kad_post_sidebar_id":"","_kad_post_content_style":"","_kad_post_vertical_padding":"","_kad_post_feature":"","_kad_post_feature_position":"","_kad_post_header":false,"_kad_post_footer":false,"_kad_post_classname":""},"product_brand":[],"product_cat":[1327],"product_tag":[1369],"class_list":{"0":"post-259430","1":"product","2":"type-product","3":"status-publish","4":"has-post-thumbnail","6":"product_cat-salon-tables-a-cafe","7":"product_tag-theodore-fr","9":"first","10":"instock","11":"taxable","12":"shipping-taxable","13":"product-type-simple","14":"entry","15":"content-bg","16":"loop-entry"},"taxonomy_info":{"product_cat":[{"value":1327,"label":"Tables \u00e0 caf\u00e9"}],"product_tag":[{"value":1369,"label":"THEODORE"}]},"featured_image_src_large":["https:\/\/www.avenuedesigncanada.com\/wp-content\/uploads\/2023\/11\/andover-cocktail-face-1024x1024.jpg",1024,1024,true],"author_info":[],"comment_info":"","_links":{"self":[{"href":"https:\/\/www.avenuedesigncanada.com\/fr\/wp-json\/wp\/v2\/product\/259430","targetHints":{"allow":["GET"]}}],"collection":[{"href":"https:\/\/www.avenuedesigncanada.com\/fr\/wp-json\/wp\/v2\/product"}],"about":[{"href":"https:\/\/www.avenuedesigncanada.com\/fr\/wp-json\/wp\/v2\/types\/product"}],"wp:featuredmedia":[{"embeddable":true,"href":"https:\/\/www.avenuedesigncanada.com\/fr\/wp-json\/wp\/v2\/media\/259440"}],"wp:attachment":[{"href":"https:\/\/www.avenuedesigncanada.com\/fr\/wp-json\/wp\/v2\/media?parent=259430"}],"wp:term":[{"taxonomy":"product_brand","embeddable":true,"href":"https:\/\/www.avenuedesigncanada.com\/fr\/wp-json\/wp\/v2\/product_brand?post=259430"},{"taxonomy":"product_cat","embeddable":true,"href":"https:\/\/www.avenuedesigncanada.com\/fr\/wp-json\/wp\/v2\/product_cat?post=259430"},{"taxonomy":"product_tag","embeddable":true,"href":"https:\/\/www.avenuedesigncanada.com\/fr\/wp-json\/wp\/v2\/product_tag?post=259430"}],"curies":[{"name":"wp","href":"https:\/\/api.w.org\/{rel}","templated":true}]}}