{"id":265168,"date":"2023-11-21T10:25:31","date_gmt":"2023-11-21T15:25:31","guid":{"rendered":"https:\/\/www.avenuedesigncanada.com\/?post_type=product&#038;p=265168"},"modified":"2026-02-12T10:46:29","modified_gmt":"2026-02-12T15:46:29","slug":"table-de-bout-cella","status":"publish","type":"product","link":"https:\/\/www.avenuedesigncanada.com\/fr\/product\/table-de-bout-cella\/","title":{"rendered":"Table de bout Cella"},"content":{"rendered":"<p><em>La table d&rsquo;extr\u00e9mit\u00e9 Cella pr\u00e9sente les caract\u00e9ristiques suivantes :<\/em><br \/>\nTable envelopp\u00e9e de raphia avec base en bois<br \/>\nUne \u00e9tag\u00e8re r\u00e9glable derri\u00e8re deux portes<br \/>\nChoix de bouton en agate grise ou en cristal blanc<br \/>\n\u00c9rable massif<\/p>\n<p>Vous avez des questions au sujet de ce produit ? Nos designers sont l\u00e0 pour vous aider. Appelez-nous au (514) 340-9351<\/p>\n","protected":false},"excerpt":{"rendered":"<p>Envelopp\u00e9e de raphia et dot\u00e9e d&rsquo;une base en bois massif, la table d&rsquo;appoint Cella allie texture et savoir-faire. Derri\u00e8re ses deux portes se trouve une \u00e9tag\u00e8re r\u00e9glable, et la pi\u00e8ce est finie avec votre choix de boutons en agate grise ou en cristal blanc. <\/p>\n","protected":false},"featured_media":265170,"template":"","meta":{"_kad_blocks_custom_css":"","_kad_blocks_head_custom_js":"","_kad_blocks_body_custom_js":"","_kad_blocks_footer_custom_js":"","_kad_post_transparent":"","_kad_post_title":"","_kad_post_layout":"","_kad_post_sidebar_id":"","_kad_post_content_style":"","_kad_post_vertical_padding":"","_kad_post_feature":"","_kad_post_feature_position":"","_kad_post_header":false,"_kad_post_footer":false,"_kad_post_classname":""},"product_brand":[],"product_cat":[1323],"product_tag":[1369],"class_list":{"0":"post-265168","1":"product","2":"type-product","3":"status-publish","4":"has-post-thumbnail","6":"product_cat-salon-tables-dappoint","7":"product_tag-theodore-fr","9":"first","10":"instock","11":"taxable","12":"shipping-taxable","13":"product-type-simple","14":"entry","15":"content-bg","16":"loop-entry"},"taxonomy_info":{"product_cat":[{"value":1323,"label":"Tables d'appoint"}],"product_tag":[{"value":1369,"label":"THEODORE"}]},"featured_image_src_large":["https:\/\/www.avenuedesigncanada.com\/wp-content\/uploads\/2023\/11\/7010E-IJ_HO-1024x1024.jpg",1024,1024,true],"author_info":[],"comment_info":"","_links":{"self":[{"href":"https:\/\/www.avenuedesigncanada.com\/fr\/wp-json\/wp\/v2\/product\/265168","targetHints":{"allow":["GET"]}}],"collection":[{"href":"https:\/\/www.avenuedesigncanada.com\/fr\/wp-json\/wp\/v2\/product"}],"about":[{"href":"https:\/\/www.avenuedesigncanada.com\/fr\/wp-json\/wp\/v2\/types\/product"}],"wp:featuredmedia":[{"embeddable":true,"href":"https:\/\/www.avenuedesigncanada.com\/fr\/wp-json\/wp\/v2\/media\/265170"}],"wp:attachment":[{"href":"https:\/\/www.avenuedesigncanada.com\/fr\/wp-json\/wp\/v2\/media?parent=265168"}],"wp:term":[{"taxonomy":"product_brand","embeddable":true,"href":"https:\/\/www.avenuedesigncanada.com\/fr\/wp-json\/wp\/v2\/product_brand?post=265168"},{"taxonomy":"product_cat","embeddable":true,"href":"https:\/\/www.avenuedesigncanada.com\/fr\/wp-json\/wp\/v2\/product_cat?post=265168"},{"taxonomy":"product_tag","embeddable":true,"href":"https:\/\/www.avenuedesigncanada.com\/fr\/wp-json\/wp\/v2\/product_tag?post=265168"}],"curies":[{"name":"wp","href":"https:\/\/api.w.org\/{rel}","templated":true}]}}