{"id":266644,"date":"2023-12-04T10:46:32","date_gmt":"2023-12-04T15:46:32","guid":{"rendered":"https:\/\/www.avenuedesigncanada.com\/?post_type=product&#038;p=266644"},"modified":"2026-02-12T10:46:34","modified_gmt":"2026-02-12T15:46:34","slug":"bureau-del-rio","status":"publish","type":"product","link":"https:\/\/www.avenuedesigncanada.com\/fr\/product\/bureau-del-rio\/","title":{"rendered":"Bureau Del Rio"},"content":{"rendered":"<p><em>Le bureau Del Rio pr\u00e9sente les caract\u00e9ristiques suivantes :<br \/>\n<\/em><br \/>\n Placage de ch\u00eane moka<br \/>\nFinition en laiton bross\u00e9<br \/>\nForme &#8211; Semi ronde<\/p>\n<p>Vous avez des questions sur ce produit ?<br \/>\nNos designers sont l\u00e0 pour vous aider.<br \/>\nAppelez-nous au (514) 340-9351<\/p>\n","protected":false},"excerpt":{"rendered":"<p>Le placage en ch\u00eane moka apporte une touche de beaut\u00e9 naturelle, tandis que la finition en laiton bross\u00e9 ajoute un aspect moderne et luxueux. Le bureau Del Rio est dot\u00e9 d&rsquo;une caract\u00e9ristique unique : le plateau peut \u00eatre tourn\u00e9, ce qui permet de placer le meuble \u00e0 gauche ou \u00e0 droite. Appr\u00e9ciez l&rsquo;adaptabilit\u00e9 et la fonctionnalit\u00e9 que le Desk Del Rio apporte \u00e0 votre espace de travail.<\/p>\n","protected":false},"featured_media":266656,"template":"","meta":{"_kad_blocks_custom_css":"","_kad_blocks_head_custom_js":"","_kad_blocks_body_custom_js":"","_kad_blocks_footer_custom_js":"","_kad_post_transparent":"","_kad_post_title":"","_kad_post_layout":"","_kad_post_sidebar_id":"","_kad_post_content_style":"","_kad_post_vertical_padding":"","_kad_post_feature":"","_kad_post_feature_position":"","_kad_post_header":false,"_kad_post_footer":false,"_kad_post_classname":""},"product_brand":[],"product_cat":[1310],"product_tag":[1482],"class_list":{"0":"post-266644","1":"product","2":"type-product","3":"status-publish","4":"has-post-thumbnail","6":"product_cat-bureaux","7":"product_tag-vreeland-fr-2","9":"first","10":"instock","11":"taxable","12":"shipping-taxable","13":"product-type-simple","14":"entry","15":"content-bg","16":"loop-entry"},"taxonomy_info":{"product_cat":[{"value":1310,"label":"Bureaux"}],"product_tag":[{"value":1482,"label":"Vreeland"}]},"featured_image_src_large":["https:\/\/www.avenuedesigncanada.com\/wp-content\/uploads\/2023\/12\/116743_0_1_1-1024x1024.jpg",1024,1024,true],"author_info":[],"comment_info":"","_links":{"self":[{"href":"https:\/\/www.avenuedesigncanada.com\/fr\/wp-json\/wp\/v2\/product\/266644","targetHints":{"allow":["GET"]}}],"collection":[{"href":"https:\/\/www.avenuedesigncanada.com\/fr\/wp-json\/wp\/v2\/product"}],"about":[{"href":"https:\/\/www.avenuedesigncanada.com\/fr\/wp-json\/wp\/v2\/types\/product"}],"wp:featuredmedia":[{"embeddable":true,"href":"https:\/\/www.avenuedesigncanada.com\/fr\/wp-json\/wp\/v2\/media\/266656"}],"wp:attachment":[{"href":"https:\/\/www.avenuedesigncanada.com\/fr\/wp-json\/wp\/v2\/media?parent=266644"}],"wp:term":[{"taxonomy":"product_brand","embeddable":true,"href":"https:\/\/www.avenuedesigncanada.com\/fr\/wp-json\/wp\/v2\/product_brand?post=266644"},{"taxonomy":"product_cat","embeddable":true,"href":"https:\/\/www.avenuedesigncanada.com\/fr\/wp-json\/wp\/v2\/product_cat?post=266644"},{"taxonomy":"product_tag","embeddable":true,"href":"https:\/\/www.avenuedesigncanada.com\/fr\/wp-json\/wp\/v2\/product_tag?post=266644"}],"curies":[{"name":"wp","href":"https:\/\/api.w.org\/{rel}","templated":true}]}}