{"id":267707,"date":"2023-12-08T11:34:21","date_gmt":"2023-12-08T16:34:21","guid":{"rendered":"https:\/\/www.avenuedesigncanada.com\/?post_type=product&#038;p=267707"},"modified":"2026-02-12T10:46:46","modified_gmt":"2026-02-12T15:46:46","slug":"chariot-de-bar-beverly-hills-stainless-steel-poli-copy","status":"publish","type":"product","link":"https:\/\/www.avenuedesigncanada.com\/fr\/product\/chariot-de-bar-beverly-hills-stainless-steel-poli-copy\/","title":{"rendered":"Chariot de bar Beverly Hills &#8211; Bronze"},"content":{"rendered":"<p><em>Les caract\u00e9ristiques du chariot de bar Beverly Hills:<\/em><\/p>\n<p>Finition Bronze<\/p>\n<p>Dessus en miroir biseaut\u00e9<\/p>\n<p>Offrez \u00e0 votre maison un peu de glamour hollywoodien avec le chariot de bar Beverly Hills. D\u00e9cor\u00e9e d&rsquo;une poign\u00e9e et de roulettes pour un look de chariot de bar chic, cette \u00e9tonnante table d&rsquo;appoint comprend un cadre \u00e9l\u00e9gant en acier inoxydable avec une finition bronze et des tablettes en verre miroir biseaut\u00e9.<\/p>\n<p>Avez-vous des questions \u00e0 propos de ce produit ?<\/p>\n<p>Nos designers sont l\u00e0 pour vous aider.<\/p>\n<p>Appelez-nous au (514) 340-9351<\/p>\n","protected":false},"excerpt":{"rendered":"<p>Apportez une touche de glamour hollywoodien \u00e0 votre int\u00e9rieur avec le Beverly Hills Trolley. Dot\u00e9e d&rsquo;un \u00e9l\u00e9gant cadre en acier inoxydable au fini bronze, cette table d&rsquo;appoint chic de style chariot de bar est rehauss\u00e9e d&rsquo;\u00e9tag\u00e8res en verre miroir biseaut\u00e9 pour un \u00e9clat luxueux. Dot\u00e9e d&rsquo;une poign\u00e9e \u00e9l\u00e9gante et de roulettes qui roulent en douceur, elle allie fonctionnalit\u00e9 et \u00e9l\u00e9gance, ce qui la rend parfaite pour recevoir ou comme pi\u00e8ce ma\u00eetresse dans n&rsquo;importe quel espace de vie.<\/p>\n","protected":false},"featured_media":267715,"template":"","meta":{"_kad_blocks_custom_css":"","_kad_blocks_head_custom_js":"","_kad_blocks_body_custom_js":"","_kad_blocks_footer_custom_js":"","_kad_post_transparent":"default","_kad_post_title":"","_kad_post_layout":"default","_kad_post_sidebar_id":"","_kad_post_content_style":"default","_kad_post_vertical_padding":"default","_kad_post_feature":"","_kad_post_feature_position":"","_kad_post_header":false,"_kad_post_footer":false,"_kad_post_classname":""},"product_brand":[],"product_cat":[1301],"product_tag":[1482],"class_list":{"0":"post-267707","1":"product","2":"type-product","3":"status-publish","4":"has-post-thumbnail","6":"product_cat-rangement-et-dessertes-fr","7":"product_tag-vreeland-fr-2","9":"first","10":"instock","11":"taxable","12":"shipping-taxable","13":"product-type-simple","14":"entry","15":"content-bg","16":"loop-entry"},"taxonomy_info":{"product_cat":[{"value":1301,"label":"Dessertes"}],"product_tag":[{"value":1482,"label":"Vreeland"}]},"featured_image_src_large":["https:\/\/www.avenuedesigncanada.com\/wp-content\/uploads\/2023\/12\/111923_0_1_1-1024x1024.jpg",1024,1024,true],"author_info":[],"comment_info":"","_links":{"self":[{"href":"https:\/\/www.avenuedesigncanada.com\/fr\/wp-json\/wp\/v2\/product\/267707","targetHints":{"allow":["GET"]}}],"collection":[{"href":"https:\/\/www.avenuedesigncanada.com\/fr\/wp-json\/wp\/v2\/product"}],"about":[{"href":"https:\/\/www.avenuedesigncanada.com\/fr\/wp-json\/wp\/v2\/types\/product"}],"wp:featuredmedia":[{"embeddable":true,"href":"https:\/\/www.avenuedesigncanada.com\/fr\/wp-json\/wp\/v2\/media\/267715"}],"wp:attachment":[{"href":"https:\/\/www.avenuedesigncanada.com\/fr\/wp-json\/wp\/v2\/media?parent=267707"}],"wp:term":[{"taxonomy":"product_brand","embeddable":true,"href":"https:\/\/www.avenuedesigncanada.com\/fr\/wp-json\/wp\/v2\/product_brand?post=267707"},{"taxonomy":"product_cat","embeddable":true,"href":"https:\/\/www.avenuedesigncanada.com\/fr\/wp-json\/wp\/v2\/product_cat?post=267707"},{"taxonomy":"product_tag","embeddable":true,"href":"https:\/\/www.avenuedesigncanada.com\/fr\/wp-json\/wp\/v2\/product_tag?post=267707"}],"curies":[{"name":"wp","href":"https:\/\/api.w.org\/{rel}","templated":true}]}}