{"id":268237,"date":"2023-12-12T12:08:33","date_gmt":"2023-12-12T17:08:33","guid":{"rendered":"https:\/\/www.avenuedesigncanada.com\/?post_type=product&#038;p=268237"},"modified":"2026-02-12T10:46:47","modified_gmt":"2026-02-12T15:46:47","slug":"chaise-oneill-boucle-creme-copy","status":"publish","type":"product","link":"https:\/\/www.avenuedesigncanada.com\/fr\/product\/chaise-oneill-boucle-creme-copy\/","title":{"rendered":"Chaise Campus &#8211; Sisley grey"},"content":{"rendered":"<p><em>La chaise Campus Dining pr\u00e9sente les caract\u00e9ristiques suivantes :<\/em><br \/>\nTissu gris Sisley<br \/>\nPieds en m\u00e9tal \u00e0 finition noire<\/p>\n<p>Vous avez des questions sur ce produit ? Nos concepteurs sont l\u00e0 pour vous aider. Appelez-nous au (514) 340-9351  <\/p>\n","protected":false},"excerpt":{"rendered":"<p>Con\u00e7ue pour les salles \u00e0 manger, la chaise Campus fait \u00e9galement office de chaise d&rsquo;appoint ou de chaise de maquillage dans votre chambre \u00e0 coucher ou de chaise de bureau pour votre bureau \u00e0 domicile. Dot\u00e9 d&rsquo;une assise bien rembourr\u00e9e et d&rsquo;un dossier incurv\u00e9 qui se prolonge par des accoudoirs inclin\u00e9s, il est con\u00e7u de mani\u00e8re ergonomique et embelli par un rev\u00eatement gris Sisley.<\/p>\n","protected":false},"featured_media":268247,"template":"","meta":{"_kad_blocks_custom_css":"","_kad_blocks_head_custom_js":"","_kad_blocks_body_custom_js":"","_kad_blocks_footer_custom_js":"","_kad_post_transparent":"","_kad_post_title":"","_kad_post_layout":"","_kad_post_sidebar_id":"","_kad_post_content_style":"","_kad_post_vertical_padding":"","_kad_post_feature":"","_kad_post_feature_position":"","_kad_post_header":false,"_kad_post_footer":false,"_kad_post_classname":""},"product_brand":[],"product_cat":[1302],"product_tag":[1482],"class_list":{"0":"post-268237","1":"product","2":"type-product","3":"status-publish","4":"has-post-thumbnail","6":"product_cat-chaises","7":"product_tag-vreeland-fr-2","9":"first","10":"instock","11":"taxable","12":"shipping-taxable","13":"product-type-simple","14":"entry","15":"content-bg","16":"loop-entry"},"taxonomy_info":{"product_cat":[{"value":1302,"label":"Chaises"}],"product_tag":[{"value":1482,"label":"Vreeland"}]},"featured_image_src_large":["https:\/\/www.avenuedesigncanada.com\/wp-content\/uploads\/2023\/12\/116372_0_1_1-1024x1024.jpg",1024,1024,true],"author_info":[],"comment_info":"","_links":{"self":[{"href":"https:\/\/www.avenuedesigncanada.com\/fr\/wp-json\/wp\/v2\/product\/268237","targetHints":{"allow":["GET"]}}],"collection":[{"href":"https:\/\/www.avenuedesigncanada.com\/fr\/wp-json\/wp\/v2\/product"}],"about":[{"href":"https:\/\/www.avenuedesigncanada.com\/fr\/wp-json\/wp\/v2\/types\/product"}],"wp:featuredmedia":[{"embeddable":true,"href":"https:\/\/www.avenuedesigncanada.com\/fr\/wp-json\/wp\/v2\/media\/268247"}],"wp:attachment":[{"href":"https:\/\/www.avenuedesigncanada.com\/fr\/wp-json\/wp\/v2\/media?parent=268237"}],"wp:term":[{"taxonomy":"product_brand","embeddable":true,"href":"https:\/\/www.avenuedesigncanada.com\/fr\/wp-json\/wp\/v2\/product_brand?post=268237"},{"taxonomy":"product_cat","embeddable":true,"href":"https:\/\/www.avenuedesigncanada.com\/fr\/wp-json\/wp\/v2\/product_cat?post=268237"},{"taxonomy":"product_tag","embeddable":true,"href":"https:\/\/www.avenuedesigncanada.com\/fr\/wp-json\/wp\/v2\/product_tag?post=268237"}],"curies":[{"name":"wp","href":"https:\/\/api.w.org\/{rel}","templated":true}]}}