{"id":268330,"date":"2023-12-13T11:59:41","date_gmt":"2023-12-13T16:59:41","guid":{"rendered":"https:\/\/www.avenuedesigncanada.com\/?post_type=product&#038;p=268330"},"modified":"2026-02-12T10:46:48","modified_gmt":"2026-02-12T15:46:48","slug":"banc-bjorn-boucle-cream-copy","status":"publish","type":"product","link":"https:\/\/www.avenuedesigncanada.com\/fr\/product\/banc-bjorn-boucle-cream-copy\/","title":{"rendered":"Banc Bj\u00f6rn &#8211; Lyssa sand"},"content":{"rendered":"<p><em>Les caract\u00e9ristiques du banc Bj\u00f6rn:<\/em><\/p>\n<p>Tissu Lyssa sand<\/p>\n<p>Base noire<\/p>\n<p>D\u00e9couvrez le m\u00e9lange parfait de style et de confort avec le banc Bj\u00f6rn. Recouvert d&rsquo;un luxueux Lyssa Sand, sa forme incurv\u00e9e offre une exp\u00e9rience d&rsquo;assise unique et accueillante. La base en bois noir ajoute une touche de sophistication, ce qui en fait une pi\u00e8ce de choix pour n&rsquo;importe quelle pi\u00e8ce. L&rsquo;exceptionnelle banquette Bj\u00f6rn, qui s&rsquo;int\u00e8gre ais\u00e9ment \u00e0 tous les d\u00e9cors, est synonyme d&rsquo;\u00e9l\u00e9gance et de d\u00e9tente.<\/p>\n","protected":false},"excerpt":{"rendered":"<p>Avez-vous des questions \u00e0 propos de ce produit ?<\/p>\n<p>Nos designers sont l\u00e0 pour vous aider. <strong>Appelez-nous au (514) 340-9351<\/strong><\/p>\n","protected":false},"featured_media":268327,"template":"","meta":{"_kad_blocks_custom_css":"","_kad_blocks_head_custom_js":"","_kad_blocks_body_custom_js":"","_kad_blocks_footer_custom_js":"","_kad_post_transparent":"","_kad_post_title":"","_kad_post_layout":"","_kad_post_sidebar_id":"","_kad_post_content_style":"","_kad_post_vertical_padding":"","_kad_post_feature":"","_kad_post_feature_position":"","_kad_post_header":false,"_kad_post_footer":false,"_kad_post_classname":""},"product_brand":[],"product_cat":[15],"product_tag":[1482],"class_list":{"0":"post-268330","1":"product","2":"type-product","3":"status-publish","4":"has-post-thumbnail","6":"product_cat-uncategorized","7":"product_tag-vreeland-fr-2","9":"first","10":"instock","11":"product-type-simple","12":"entry","13":"content-bg","14":"loop-entry"},"taxonomy_info":{"product_cat":[{"value":15,"label":"Uncategorized"}],"product_tag":[{"value":1482,"label":"Vreeland"}]},"featured_image_src_large":["https:\/\/www.avenuedesigncanada.com\/wp-content\/uploads\/2023\/12\/117932_0_1_1-1024x1024.jpg",1024,1024,true],"author_info":[],"comment_info":"","_links":{"self":[{"href":"https:\/\/www.avenuedesigncanada.com\/fr\/wp-json\/wp\/v2\/product\/268330","targetHints":{"allow":["GET"]}}],"collection":[{"href":"https:\/\/www.avenuedesigncanada.com\/fr\/wp-json\/wp\/v2\/product"}],"about":[{"href":"https:\/\/www.avenuedesigncanada.com\/fr\/wp-json\/wp\/v2\/types\/product"}],"wp:featuredmedia":[{"embeddable":true,"href":"https:\/\/www.avenuedesigncanada.com\/fr\/wp-json\/wp\/v2\/media\/268327"}],"wp:attachment":[{"href":"https:\/\/www.avenuedesigncanada.com\/fr\/wp-json\/wp\/v2\/media?parent=268330"}],"wp:term":[{"taxonomy":"product_brand","embeddable":true,"href":"https:\/\/www.avenuedesigncanada.com\/fr\/wp-json\/wp\/v2\/product_brand?post=268330"},{"taxonomy":"product_cat","embeddable":true,"href":"https:\/\/www.avenuedesigncanada.com\/fr\/wp-json\/wp\/v2\/product_cat?post=268330"},{"taxonomy":"product_tag","embeddable":true,"href":"https:\/\/www.avenuedesigncanada.com\/fr\/wp-json\/wp\/v2\/product_tag?post=268330"}],"curies":[{"name":"wp","href":"https:\/\/api.w.org\/{rel}","templated":true}]}}