{"id":268374,"date":"2023-12-13T12:56:48","date_gmt":"2023-12-13T17:56:48","guid":{"rendered":"https:\/\/www.avenuedesigncanada.com\/?post_type=product&#038;p=268374"},"modified":"2026-03-09T10:15:00","modified_gmt":"2026-03-09T14:15:00","slug":"table-de-chevet-rosemberg","status":"publish","type":"product","link":"https:\/\/www.avenuedesigncanada.com\/fr\/product\/table-de-chevet-rosemberg\/","title":{"rendered":"Table de chevet Rosemberg"},"content":{"rendered":"<p><em>La table de nuit Rosemberg pr\u00e9sente les caract\u00e9ristiques suivantes :<\/em><\/p>\n<p>Placage de ch\u00eane gris anthracite<br \/>\nFinition en laiton bross\u00e9<br \/>\nForme &#8211; Ovale<\/p>\n<p>Vous avez des questions sur ce produit ?<br \/>\nNos concepteurs sont l\u00e0 pour vous aider. Appelez-nous au (514) 340-9351<\/p>\n","protected":false},"excerpt":{"rendered":"<p>Cette table de chevet offre non seulement une solution de rangement pratique et \u00e9l\u00e9gante, mais constitue \u00e9galement un \u00e9l\u00e9ment de d\u00e9coration captivant dans toute chambre \u00e0 coucher. La table de chevet Rosemberg est l&rsquo;alliance parfaite d&rsquo;un design chic et de mat\u00e9riaux de premi\u00e8re qualit\u00e9, ce qui en fait un compl\u00e9ment id\u00e9al \u00e0 la d\u00e9coration de votre chambre \u00e0 coucher.<\/p>\n","protected":false},"featured_media":268386,"template":"","meta":{"_kad_blocks_custom_css":"","_kad_blocks_head_custom_js":"","_kad_blocks_body_custom_js":"","_kad_blocks_footer_custom_js":"","_kad_post_transparent":"default","_kad_post_title":"","_kad_post_layout":"default","_kad_post_sidebar_id":"","_kad_post_content_style":"default","_kad_post_vertical_padding":"default","_kad_post_feature":"","_kad_post_feature_position":"","_kad_post_header":false,"_kad_post_footer":false,"_kad_post_classname":""},"product_brand":[],"product_cat":[1299],"product_tag":[1482],"class_list":{"0":"post-268374","1":"product","2":"type-product","3":"status-publish","4":"has-post-thumbnail","6":"product_cat-tables-de-nuit","7":"product_tag-vreeland-fr-2","9":"first","10":"instock","11":"taxable","12":"shipping-taxable","13":"product-type-simple","14":"entry","15":"content-bg","16":"loop-entry"},"taxonomy_info":{"product_cat":[{"value":1299,"label":"Tables de chevet"}],"product_tag":[{"value":1482,"label":"Vreeland"}]},"featured_image_src_large":["https:\/\/www.avenuedesigncanada.com\/wp-content\/uploads\/2023\/12\/117832_0_1_1-1024x1024.jpg",1024,1024,true],"author_info":[],"comment_info":"","_links":{"self":[{"href":"https:\/\/www.avenuedesigncanada.com\/fr\/wp-json\/wp\/v2\/product\/268374","targetHints":{"allow":["GET"]}}],"collection":[{"href":"https:\/\/www.avenuedesigncanada.com\/fr\/wp-json\/wp\/v2\/product"}],"about":[{"href":"https:\/\/www.avenuedesigncanada.com\/fr\/wp-json\/wp\/v2\/types\/product"}],"wp:featuredmedia":[{"embeddable":true,"href":"https:\/\/www.avenuedesigncanada.com\/fr\/wp-json\/wp\/v2\/media\/268386"}],"wp:attachment":[{"href":"https:\/\/www.avenuedesigncanada.com\/fr\/wp-json\/wp\/v2\/media?parent=268374"}],"wp:term":[{"taxonomy":"product_brand","embeddable":true,"href":"https:\/\/www.avenuedesigncanada.com\/fr\/wp-json\/wp\/v2\/product_brand?post=268374"},{"taxonomy":"product_cat","embeddable":true,"href":"https:\/\/www.avenuedesigncanada.com\/fr\/wp-json\/wp\/v2\/product_cat?post=268374"},{"taxonomy":"product_tag","embeddable":true,"href":"https:\/\/www.avenuedesigncanada.com\/fr\/wp-json\/wp\/v2\/product_tag?post=268374"}],"curies":[{"name":"wp","href":"https:\/\/api.w.org\/{rel}","templated":true}]}}