{"id":272425,"date":"2024-01-10T14:47:38","date_gmt":"2024-01-10T19:47:38","guid":{"rendered":"https:\/\/www.avenuedesigncanada.com\/?post_type=product&#038;p=272425"},"modified":"2026-02-12T10:47:01","modified_gmt":"2026-02-12T15:47:01","slug":"canape-carbone-copy","status":"publish","type":"product","link":"https:\/\/www.avenuedesigncanada.com\/fr\/product\/canape-carbone-copy\/","title":{"rendered":"Canap\u00e9 rond Bj\u00f6rn &#8211; Boucl\u00e9 cr\u00e8me"},"content":{"rendered":"<p><em>Le canap\u00e9 rond Bj\u00f6rn pr\u00e9sente les caract\u00e9ristiques suivantes :<\/em><\/p>\n<p>Cr\u00e8me boucl\u00e9e<br \/>\nBase noire<\/p>\n<p>Vous avez des questions sur ce produit ?<br \/>\nNos designers sont l\u00e0 pour vous aider.<br \/>\nAppelez-nous au (514) 340-9351<\/p>\n","protected":false},"excerpt":{"rendered":"<p>Voici le canap\u00e9 rond Bj\u00f6rn dans la d\u00e9licieuse teinte Boucle Cream, \u00e9l\u00e9gamment perch\u00e9 sur un \u00e9l\u00e9gant pi\u00e9tement en bois noir. Ce canap\u00e9 de style c\u00e2lin vous invite \u00e0 vous enfoncer dans son \u00e9treinte accueillante, vous enveloppant dans un monde de confort et de relaxation. Le canap\u00e9 Bj\u00f6rn Round conf\u00e8re \u00e0 votre espace de vie un m\u00e9lange harmonieux de sophistication et de confort et fait de cette pi\u00e8ce captivante le c\u0153ur de votre d\u00e9cor.  <\/p>\n","protected":false},"featured_media":272437,"template":"","meta":{"_kad_blocks_custom_css":"","_kad_blocks_head_custom_js":"","_kad_blocks_body_custom_js":"","_kad_blocks_footer_custom_js":"","_kad_post_transparent":"","_kad_post_title":"","_kad_post_layout":"","_kad_post_sidebar_id":"","_kad_post_content_style":"","_kad_post_vertical_padding":"","_kad_post_feature":"","_kad_post_feature_position":"","_kad_post_header":false,"_kad_post_footer":false,"_kad_post_classname":""},"product_brand":[],"product_cat":[1331],"product_tag":[1482],"class_list":{"0":"post-272425","1":"product","2":"type-product","3":"status-publish","4":"has-post-thumbnail","6":"product_cat-canapes-haut-de-gamme","7":"product_tag-vreeland-fr-2","9":"first","10":"instock","11":"taxable","12":"shipping-taxable","13":"product-type-simple","14":"entry","15":"content-bg","16":"loop-entry"},"taxonomy_info":{"product_cat":[{"value":1331,"label":"Canap\u00e9s"}],"product_tag":[{"value":1482,"label":"Vreeland"}]},"featured_image_src_large":["https:\/\/www.avenuedesigncanada.com\/wp-content\/uploads\/2024\/01\/115177_0_1_1-1024x1024.jpg",1024,1024,true],"author_info":[],"comment_info":"","_links":{"self":[{"href":"https:\/\/www.avenuedesigncanada.com\/fr\/wp-json\/wp\/v2\/product\/272425","targetHints":{"allow":["GET"]}}],"collection":[{"href":"https:\/\/www.avenuedesigncanada.com\/fr\/wp-json\/wp\/v2\/product"}],"about":[{"href":"https:\/\/www.avenuedesigncanada.com\/fr\/wp-json\/wp\/v2\/types\/product"}],"wp:featuredmedia":[{"embeddable":true,"href":"https:\/\/www.avenuedesigncanada.com\/fr\/wp-json\/wp\/v2\/media\/272437"}],"wp:attachment":[{"href":"https:\/\/www.avenuedesigncanada.com\/fr\/wp-json\/wp\/v2\/media?parent=272425"}],"wp:term":[{"taxonomy":"product_brand","embeddable":true,"href":"https:\/\/www.avenuedesigncanada.com\/fr\/wp-json\/wp\/v2\/product_brand?post=272425"},{"taxonomy":"product_cat","embeddable":true,"href":"https:\/\/www.avenuedesigncanada.com\/fr\/wp-json\/wp\/v2\/product_cat?post=272425"},{"taxonomy":"product_tag","embeddable":true,"href":"https:\/\/www.avenuedesigncanada.com\/fr\/wp-json\/wp\/v2\/product_tag?post=272425"}],"curies":[{"name":"wp","href":"https:\/\/api.w.org\/{rel}","templated":true}]}}