{"id":272781,"date":"2024-01-12T09:59:14","date_gmt":"2024-01-12T14:59:14","guid":{"rendered":"https:\/\/www.avenuedesigncanada.com\/?post_type=product&#038;p=272781"},"modified":"2026-02-12T10:47:10","modified_gmt":"2026-02-12T15:47:10","slug":"table-de-bout-gee-copy","status":"publish","type":"product","link":"https:\/\/www.avenuedesigncanada.com\/fr\/product\/table-de-bout-gee-copy\/","title":{"rendered":"Tables d&rsquo;appoint Niemeyer"},"content":{"rendered":"<p><em>Les tables d&rsquo;appoint Niemeyer pr\u00e9sentent les caract\u00e9ristiques suivantes :<\/em><br \/>\nFinition en laiton vintage<br \/>\nVerre fait \u00e0 la main<\/p>\n<p>Avez-vous des questions \u00e0 propos de ce produit ? Nos designers sont l\u00e0 pour vous aider.  Appelez-nous au (514) 340-9351<\/p>\n","protected":false},"excerpt":{"rendered":"<p>L&rsquo;ensemble de tables d&rsquo;appoint Niemeyer est une magnifique paire de deux tables avec une finition en laiton vintage et des plateaux en verre \u00e9pais fabriqu\u00e9s \u00e0 la main. Chaque pi\u00e8ce de verre est unique et fabriqu\u00e9e \u00e0 la main, ce qui conf\u00e8re \u00e0 chaque table son propre caract\u00e8re et son propre attrait. Utilis\u00e9 s\u00e9par\u00e9ment ou embo\u00eet\u00e9 l&rsquo;un dans l&rsquo;autre, cet ensemble polyvalent vous permet de cr\u00e9er une vari\u00e9t\u00e9 de configurations pour r\u00e9pondre \u00e0 vos besoins.  <\/p>\n","protected":false},"featured_media":272793,"template":"","meta":{"_kad_blocks_custom_css":"","_kad_blocks_head_custom_js":"","_kad_blocks_body_custom_js":"","_kad_blocks_footer_custom_js":"","_kad_post_transparent":"","_kad_post_title":"","_kad_post_layout":"","_kad_post_sidebar_id":"","_kad_post_content_style":"","_kad_post_vertical_padding":"","_kad_post_feature":"","_kad_post_feature_position":"","_kad_post_header":false,"_kad_post_footer":false,"_kad_post_classname":""},"product_brand":[],"product_cat":[1323],"product_tag":[1482],"class_list":{"0":"post-272781","1":"product","2":"type-product","3":"status-publish","4":"has-post-thumbnail","6":"product_cat-salon-tables-dappoint","7":"product_tag-vreeland-fr-2","9":"first","10":"instock","11":"taxable","12":"shipping-taxable","13":"product-type-simple","14":"entry","15":"content-bg","16":"loop-entry"},"taxonomy_info":{"product_cat":[{"value":1323,"label":"Tables d'appoint"}],"product_tag":[{"value":1482,"label":"Vreeland"}]},"featured_image_src_large":["https:\/\/www.avenuedesigncanada.com\/wp-content\/uploads\/2024\/01\/116966_0_1_1-1024x1024.jpg",1024,1024,true],"author_info":[],"comment_info":"","_links":{"self":[{"href":"https:\/\/www.avenuedesigncanada.com\/fr\/wp-json\/wp\/v2\/product\/272781","targetHints":{"allow":["GET"]}}],"collection":[{"href":"https:\/\/www.avenuedesigncanada.com\/fr\/wp-json\/wp\/v2\/product"}],"about":[{"href":"https:\/\/www.avenuedesigncanada.com\/fr\/wp-json\/wp\/v2\/types\/product"}],"wp:featuredmedia":[{"embeddable":true,"href":"https:\/\/www.avenuedesigncanada.com\/fr\/wp-json\/wp\/v2\/media\/272793"}],"wp:attachment":[{"href":"https:\/\/www.avenuedesigncanada.com\/fr\/wp-json\/wp\/v2\/media?parent=272781"}],"wp:term":[{"taxonomy":"product_brand","embeddable":true,"href":"https:\/\/www.avenuedesigncanada.com\/fr\/wp-json\/wp\/v2\/product_brand?post=272781"},{"taxonomy":"product_cat","embeddable":true,"href":"https:\/\/www.avenuedesigncanada.com\/fr\/wp-json\/wp\/v2\/product_cat?post=272781"},{"taxonomy":"product_tag","embeddable":true,"href":"https:\/\/www.avenuedesigncanada.com\/fr\/wp-json\/wp\/v2\/product_tag?post=272781"}],"curies":[{"name":"wp","href":"https:\/\/api.w.org\/{rel}","templated":true}]}}