{"id":272832,"date":"2024-01-12T12:00:32","date_gmt":"2024-01-12T17:00:32","guid":{"rendered":"https:\/\/www.avenuedesigncanada.com\/?post_type=product&#038;p=272832"},"modified":"2026-02-12T10:47:11","modified_gmt":"2026-02-12T15:47:11","slug":"tables-gigognes-haymann-copy-2","status":"publish","type":"product","link":"https:\/\/www.avenuedesigncanada.com\/fr\/product\/tables-gigognes-haymann-copy-2\/","title":{"rendered":"Table d&rsquo;appoint Dreyfus"},"content":{"rendered":"<p><em>La table d&rsquo;appoint Dreyfus pr\u00e9sente les caract\u00e9ristiques suivantes :<\/em><br \/>\nFinition en laiton vintage<br \/>\nPlateau en marbre gris<br \/>\nLe marbre est un mat\u00e9riau naturel ; la couleur et les veines de chaque pi\u00e8ce sont diff\u00e9rentes.<\/p>\n<p>Avez-vous des questions \u00e0 propos de ce produit ? Nos designers sont l\u00e0 pour vous aider.  Appelez-nous au (514) 340-9351<\/p>\n","protected":false},"excerpt":{"rendered":"<p>La table d&rsquo;appoint Dreyfus arbore une superbe finition en laiton vintage et repose sur des pieds en laiton moul\u00e9 orn\u00e9s de motifs complexes taill\u00e9s \u00e0 la main. Son plateau de marbre unique pr\u00e9sente des bords rugueux et chaque pi\u00e8ce pr\u00e9sente des variations distinctes de couleur et de veinage, ce qui garantit que chaque table est vraiment unique en son genre. L&rsquo;association du laiton et du marbre cr\u00e9e un m\u00e9lange exquis d&rsquo;\u00e9l\u00e9gance et de beaut\u00e9 naturelle, faisant de la table d&rsquo;appoint Dreyfus un ajout captivant \u00e0 tout espace.  <\/p>\n","protected":false},"featured_media":272845,"template":"","meta":{"_kad_blocks_custom_css":"","_kad_blocks_head_custom_js":"","_kad_blocks_body_custom_js":"","_kad_blocks_footer_custom_js":"","_kad_post_transparent":"","_kad_post_title":"","_kad_post_layout":"","_kad_post_sidebar_id":"","_kad_post_content_style":"","_kad_post_vertical_padding":"","_kad_post_feature":"","_kad_post_feature_position":"","_kad_post_header":false,"_kad_post_footer":false,"_kad_post_classname":""},"product_brand":[],"product_cat":[1323],"product_tag":[1482],"class_list":{"0":"post-272832","1":"product","2":"type-product","3":"status-publish","4":"has-post-thumbnail","6":"product_cat-salon-tables-dappoint","7":"product_tag-vreeland-fr-2","9":"first","10":"instock","11":"taxable","12":"shipping-taxable","13":"product-type-simple","14":"entry","15":"content-bg","16":"loop-entry"},"taxonomy_info":{"product_cat":[{"value":1323,"label":"Tables d'appoint"}],"product_tag":[{"value":1482,"label":"Vreeland"}]},"featured_image_src_large":["https:\/\/www.avenuedesigncanada.com\/wp-content\/uploads\/2024\/01\/117327_0_1_1-1024x1024.jpg",1024,1024,true],"author_info":[],"comment_info":"","_links":{"self":[{"href":"https:\/\/www.avenuedesigncanada.com\/fr\/wp-json\/wp\/v2\/product\/272832","targetHints":{"allow":["GET"]}}],"collection":[{"href":"https:\/\/www.avenuedesigncanada.com\/fr\/wp-json\/wp\/v2\/product"}],"about":[{"href":"https:\/\/www.avenuedesigncanada.com\/fr\/wp-json\/wp\/v2\/types\/product"}],"wp:featuredmedia":[{"embeddable":true,"href":"https:\/\/www.avenuedesigncanada.com\/fr\/wp-json\/wp\/v2\/media\/272845"}],"wp:attachment":[{"href":"https:\/\/www.avenuedesigncanada.com\/fr\/wp-json\/wp\/v2\/media?parent=272832"}],"wp:term":[{"taxonomy":"product_brand","embeddable":true,"href":"https:\/\/www.avenuedesigncanada.com\/fr\/wp-json\/wp\/v2\/product_brand?post=272832"},{"taxonomy":"product_cat","embeddable":true,"href":"https:\/\/www.avenuedesigncanada.com\/fr\/wp-json\/wp\/v2\/product_cat?post=272832"},{"taxonomy":"product_tag","embeddable":true,"href":"https:\/\/www.avenuedesigncanada.com\/fr\/wp-json\/wp\/v2\/product_tag?post=272832"}],"curies":[{"name":"wp","href":"https:\/\/api.w.org\/{rel}","templated":true}]}}