{"id":272983,"date":"2024-01-15T08:33:52","date_gmt":"2024-01-15T13:33:52","guid":{"rendered":"https:\/\/www.avenuedesigncanada.com\/?post_type=product&#038;p=272983"},"modified":"2026-02-12T10:47:12","modified_gmt":"2026-02-12T15:47:12","slug":"table-dappoint-kayan-copy","status":"publish","type":"product","link":"https:\/\/www.avenuedesigncanada.com\/fr\/product\/table-dappoint-kayan-copy\/","title":{"rendered":"Table d&rsquo;appoint Kayan"},"content":{"rendered":"<p><em>La table d&rsquo;appoint Kayan pr\u00e9sente les caract\u00e9ristiques suivantes :<\/em><\/p>\n<p>Base en granit noir<\/p>\n<p>Dessus en laiton poli<\/p>\n<p>Vous avez des questions sur ce produit ?<\/p>\n<p>Nos designers sont l\u00e0 pour vous aider.<\/p>\n<p>Appelez-nous au (514) 340-9351<\/p>\n","protected":false},"excerpt":{"rendered":"<p>La table d&rsquo;appoint Kayan est un chef-d&rsquo;\u0153uvre de textures et de mat\u00e9riaux contrast\u00e9s. La base de la table est en granit noir brut, mettant en valeur la beaut\u00e9 naturelle du granit massif taill\u00e9 \u00e0 la main. Au sommet, une surface en laiton poli ajoute une touche d&rsquo;\u00e9l\u00e9gance luxueuse, compl\u00e9tant le charme robuste du granit. La table d&rsquo;appoint Kayan est une pi\u00e8ce d&rsquo;apparat qui se distingue par son design saisissant dans n&rsquo;importe quel espace.   <\/p>\n","protected":false},"featured_media":272991,"template":"","meta":{"_kad_blocks_custom_css":"","_kad_blocks_head_custom_js":"","_kad_blocks_body_custom_js":"","_kad_blocks_footer_custom_js":"","_kad_post_transparent":"default","_kad_post_title":"","_kad_post_layout":"default","_kad_post_sidebar_id":"","_kad_post_content_style":"default","_kad_post_vertical_padding":"default","_kad_post_feature":"","_kad_post_feature_position":"","_kad_post_header":false,"_kad_post_footer":false,"_kad_post_classname":""},"product_brand":[],"product_cat":[1323],"product_tag":[1482],"class_list":{"0":"post-272983","1":"product","2":"type-product","3":"status-publish","4":"has-post-thumbnail","6":"product_cat-salon-tables-dappoint","7":"product_tag-vreeland-fr-2","9":"first","10":"instock","11":"taxable","12":"shipping-taxable","13":"product-type-simple","14":"entry","15":"content-bg","16":"loop-entry"},"taxonomy_info":{"product_cat":[{"value":1323,"label":"Tables d'appoint"}],"product_tag":[{"value":1482,"label":"Vreeland"}]},"featured_image_src_large":["https:\/\/www.avenuedesigncanada.com\/wp-content\/uploads\/2024\/01\/117751_0_1_1-1024x1024.jpg",1024,1024,true],"author_info":[],"comment_info":"","_links":{"self":[{"href":"https:\/\/www.avenuedesigncanada.com\/fr\/wp-json\/wp\/v2\/product\/272983","targetHints":{"allow":["GET"]}}],"collection":[{"href":"https:\/\/www.avenuedesigncanada.com\/fr\/wp-json\/wp\/v2\/product"}],"about":[{"href":"https:\/\/www.avenuedesigncanada.com\/fr\/wp-json\/wp\/v2\/types\/product"}],"wp:featuredmedia":[{"embeddable":true,"href":"https:\/\/www.avenuedesigncanada.com\/fr\/wp-json\/wp\/v2\/media\/272991"}],"wp:attachment":[{"href":"https:\/\/www.avenuedesigncanada.com\/fr\/wp-json\/wp\/v2\/media?parent=272983"}],"wp:term":[{"taxonomy":"product_brand","embeddable":true,"href":"https:\/\/www.avenuedesigncanada.com\/fr\/wp-json\/wp\/v2\/product_brand?post=272983"},{"taxonomy":"product_cat","embeddable":true,"href":"https:\/\/www.avenuedesigncanada.com\/fr\/wp-json\/wp\/v2\/product_cat?post=272983"},{"taxonomy":"product_tag","embeddable":true,"href":"https:\/\/www.avenuedesigncanada.com\/fr\/wp-json\/wp\/v2\/product_tag?post=272983"}],"curies":[{"name":"wp","href":"https:\/\/api.w.org\/{rel}","templated":true}]}}