{"id":288547,"date":"2024-03-19T15:54:53","date_gmt":"2024-03-19T19:54:53","guid":{"rendered":"https:\/\/www.avenuedesigncanada.com\/?post_type=product&#038;p=288547"},"modified":"2026-02-12T10:47:21","modified_gmt":"2026-02-12T15:47:21","slug":"chaise-a-bras-galapagos-copy","status":"publish","type":"product","link":"https:\/\/www.avenuedesigncanada.com\/fr\/product\/chaise-a-bras-galapagos-copy\/","title":{"rendered":"Fauteuil Bolero"},"content":{"rendered":"<p>Assise, dos et bras rembour\u00e9s et attach\u00e9s<\/p>\n<p>Base et pieds en bois massif<\/p>\n<p><strong>Options<\/strong><\/p>\n<p>Disponible dans une multitude de tissus ou de cuirs<\/p>\n<p>Choix de teinture de bois<\/p>\n<p>&nbsp; Vous avez des questions sur ce produit ? Nos concepteurs sont l\u00e0 pour vous aider. Appelez-nous au (514) 340-9351  <\/p>\n","protected":false},"excerpt":{"rendered":"<p>Le fauteuil Bolero se distingue par ses courbes et ses lignes douces. De par sa conception, il s&rsquo;agit d&rsquo;une pi\u00e8ce l\u00e9g\u00e8re qui permet de compl\u00e9ter un espace. Cette pi\u00e8ce comporte des \u00e9l\u00e9ments \u00e9questres et sa quincaillerie AH la rend authentique. Il est con\u00e7u pour combiner les mati\u00e8res de l&rsquo;assise et du dossier.<\/p>\n","protected":false},"featured_media":288555,"template":"","meta":{"_kad_blocks_custom_css":"","_kad_blocks_head_custom_js":"","_kad_blocks_body_custom_js":"","_kad_blocks_footer_custom_js":"","_kad_post_transparent":"","_kad_post_title":"","_kad_post_layout":"","_kad_post_sidebar_id":"","_kad_post_content_style":"","_kad_post_vertical_padding":"","_kad_post_feature":"","_kad_post_feature_position":"","_kad_post_header":false,"_kad_post_footer":false,"_kad_post_classname":""},"product_brand":[],"product_cat":[1320],"product_tag":[1608],"class_list":{"0":"post-288547","1":"product","2":"type-product","3":"status-publish","4":"has-post-thumbnail","6":"product_cat-fauteuils","7":"product_tag-anaidra-fr","9":"first","10":"instock","11":"taxable","12":"shipping-taxable","13":"product-type-simple","14":"entry","15":"content-bg","16":"loop-entry"},"taxonomy_info":{"product_cat":[{"value":1320,"label":"Fauteuils"}],"product_tag":[{"value":1608,"label":"ANAIDRA"}]},"featured_image_src_large":["https:\/\/www.avenuedesigncanada.com\/wp-content\/uploads\/2024\/03\/Bolero-chair-1024x1024.jpeg",1024,1024,true],"author_info":[],"comment_info":"","_links":{"self":[{"href":"https:\/\/www.avenuedesigncanada.com\/fr\/wp-json\/wp\/v2\/product\/288547","targetHints":{"allow":["GET"]}}],"collection":[{"href":"https:\/\/www.avenuedesigncanada.com\/fr\/wp-json\/wp\/v2\/product"}],"about":[{"href":"https:\/\/www.avenuedesigncanada.com\/fr\/wp-json\/wp\/v2\/types\/product"}],"wp:featuredmedia":[{"embeddable":true,"href":"https:\/\/www.avenuedesigncanada.com\/fr\/wp-json\/wp\/v2\/media\/288555"}],"wp:attachment":[{"href":"https:\/\/www.avenuedesigncanada.com\/fr\/wp-json\/wp\/v2\/media?parent=288547"}],"wp:term":[{"taxonomy":"product_brand","embeddable":true,"href":"https:\/\/www.avenuedesigncanada.com\/fr\/wp-json\/wp\/v2\/product_brand?post=288547"},{"taxonomy":"product_cat","embeddable":true,"href":"https:\/\/www.avenuedesigncanada.com\/fr\/wp-json\/wp\/v2\/product_cat?post=288547"},{"taxonomy":"product_tag","embeddable":true,"href":"https:\/\/www.avenuedesigncanada.com\/fr\/wp-json\/wp\/v2\/product_tag?post=288547"}],"curies":[{"name":"wp","href":"https:\/\/api.w.org\/{rel}","templated":true}]}}