{"id":289388,"date":"2024-03-21T09:29:07","date_gmt":"2024-03-21T13:29:07","guid":{"rendered":"https:\/\/www.avenuedesigncanada.com\/?post_type=product&#038;p=289388"},"modified":"2026-02-12T10:47:21","modified_gmt":"2026-02-12T15:47:21","slug":"sectionnel-tribeca-copy","status":"publish","type":"product","link":"https:\/\/www.avenuedesigncanada.com\/fr\/product\/sectionnel-tribeca-copy\/","title":{"rendered":"Sectionnel Wynn"},"content":{"rendered":"<p><em>La sectionnelle Wynn pr\u00e9sente les caract\u00e9ristiques suivantes :<\/em><\/p>\n<p>Des canaux horizontaux \u00e0 l&rsquo;ext\u00e9rieur du dossier pour un look sophistiqu\u00e9 et design<br \/>\nDes coussins moelleux et des si\u00e8ges spacieux pour un confort exceptionnel<br \/>\nUne configuration polyvalente pour s&rsquo;adapter parfaitement \u00e0 tout espace de vie<br \/>\nFabriqu\u00e9 avec des mat\u00e9riaux de premi\u00e8re qualit\u00e9 pour une durabilit\u00e9 et un style \u00e0 long terme<\/p>\n<p>Vous avez des questions sur ce produit ?<br \/>\nNos designers sont l\u00e0 pour vous aider.<br \/>\nAppelez-nous au (514) 340-9351<\/p>\n","protected":false},"excerpt":{"rendered":"<p>Voici le Wynn, le canap\u00e9 sectionnel par excellence pour ceux qui appr\u00e9cient les d\u00e9tails les plus fins. Sa particularit\u00e9 r\u00e9side dans le d\u00e9tail des bandes horizontales sur l&rsquo;ext\u00e9rieur du dos, qui ajoute une touche de sophistication \u00e0 son design \u00e9pur\u00e9. Les coussins moelleux et les assises spacieuses du Wynn offrent un confort in\u00e9gal\u00e9, tandis que sa configuration polyvalente s&rsquo;adapte parfaitement \u00e0 tous les espaces de vie. Fabriqu\u00e9 avec des mat\u00e9riaux de la plus haute qualit\u00e9, le Wynn est con\u00e7u pour durer et deviendra un lieu privil\u00e9gi\u00e9 de d\u00e9tente et de divertissement. Am\u00e9liorez votre espace de vie avec le Wynn et \u00e9levez votre style \u00e0 un niveau sup\u00e9rieur.<\/p>\n","protected":false},"featured_media":289393,"template":"","meta":{"_kad_blocks_custom_css":"","_kad_blocks_head_custom_js":"","_kad_blocks_body_custom_js":"","_kad_blocks_footer_custom_js":"","_kad_post_transparent":"","_kad_post_title":"","_kad_post_layout":"","_kad_post_sidebar_id":"","_kad_post_content_style":"","_kad_post_vertical_padding":"","_kad_post_feature":"","_kad_post_feature_position":"","_kad_post_header":false,"_kad_post_footer":false,"_kad_post_classname":""},"product_brand":[],"product_cat":[1324,1967],"product_tag":[1371],"class_list":{"0":"post-289388","1":"product","2":"type-product","3":"status-publish","4":"has-post-thumbnail","6":"product_cat-meubles-modulaires","7":"product_cat-modulaire-sur-mesure","8":"product_tag-hkhaju-fr","10":"first","11":"instock","12":"product-type-simple","13":"entry","14":"content-bg","15":"loop-entry"},"taxonomy_info":{"product_cat":[{"value":1324,"label":"Meubles modulaires"},{"value":1967,"label":"modulaire sur mesure"}],"product_tag":[{"value":1371,"label":"HKHAJU"}]},"featured_image_src_large":["https:\/\/www.avenuedesigncanada.com\/wp-content\/uploads\/2024\/03\/Wynn-Sectional-angle-2-1024x1024.jpg",1024,1024,true],"author_info":[],"comment_info":"","_links":{"self":[{"href":"https:\/\/www.avenuedesigncanada.com\/fr\/wp-json\/wp\/v2\/product\/289388","targetHints":{"allow":["GET"]}}],"collection":[{"href":"https:\/\/www.avenuedesigncanada.com\/fr\/wp-json\/wp\/v2\/product"}],"about":[{"href":"https:\/\/www.avenuedesigncanada.com\/fr\/wp-json\/wp\/v2\/types\/product"}],"wp:featuredmedia":[{"embeddable":true,"href":"https:\/\/www.avenuedesigncanada.com\/fr\/wp-json\/wp\/v2\/media\/289393"}],"wp:attachment":[{"href":"https:\/\/www.avenuedesigncanada.com\/fr\/wp-json\/wp\/v2\/media?parent=289388"}],"wp:term":[{"taxonomy":"product_brand","embeddable":true,"href":"https:\/\/www.avenuedesigncanada.com\/fr\/wp-json\/wp\/v2\/product_brand?post=289388"},{"taxonomy":"product_cat","embeddable":true,"href":"https:\/\/www.avenuedesigncanada.com\/fr\/wp-json\/wp\/v2\/product_cat?post=289388"},{"taxonomy":"product_tag","embeddable":true,"href":"https:\/\/www.avenuedesigncanada.com\/fr\/wp-json\/wp\/v2\/product_tag?post=289388"}],"curies":[{"name":"wp","href":"https:\/\/api.w.org\/{rel}","templated":true}]}}