{"id":294746,"date":"2024-04-05T11:13:00","date_gmt":"2024-04-05T15:13:00","guid":{"rendered":"https:\/\/www.avenuedesigncanada.com\/?post_type=product&#038;p=294746"},"modified":"2026-02-12T10:47:22","modified_gmt":"2026-02-12T15:47:22","slug":"lit-a-panneaux-stratum-copy","status":"publish","type":"product","link":"https:\/\/www.avenuedesigncanada.com\/fr\/product\/lit-a-panneaux-stratum-copy\/","title":{"rendered":"Lit \u00e0 panneaux Arcadia"},"content":{"rendered":"<p><em>Les caract\u00e9ristiques de la lit \u00e0 panneaux Arcadia:<\/em><\/p>\n<p>T\u00eate et pied de lit tapiss\u00e9s avec r\u00e9sine moul\u00e9e, texture grain de bois, finition Clay<br \/>\nBarres lat\u00e9rales tapiss\u00e9es<br \/>\nTissu : B132<br \/>\nStandard avec cinq lattes de bois et pieds centraux doubles r\u00e9glables<\/p>\n<p>Options<br \/>\n<em>Note:<\/em> La t\u00eate de lit ne peut \u00eatre utilis\u00e9e seule. Doit \u00eatre command\u00e9 avec le pied de lit et les rails lat\u00e9raux.<br \/>\nQueen size, L : 70.38 P : 93 H : 60 in<br \/>\nKing size, L : 86.38 P : 93 H : 60 in<\/p>\n<p>Avez-vous des questions \u00e0 propos de ce produit ?<br \/>\nNos designers sont l\u00e0 pour vous aider. Appelez-nous au (514) 340-9351<\/p>\n","protected":false},"excerpt":{"rendered":"<p>Le lit \u00e0 panneaux Arcadia allie l&rsquo;\u00e9l\u00e9gance moderne \u00e0 une fabrication soign\u00e9e. Avec une t\u00eate et un pied de lit rembourr\u00e9s, accentu\u00e9s par des traverses de t\u00eate en r\u00e9sine moul\u00e9e, textur\u00e9es grain de bois, dans un fini Clay sophistiqu\u00e9, ainsi que des traverses lat\u00e9rales enti\u00e8rement rembourr\u00e9es, ce lit offre un look raffin\u00e9 et coh\u00e9sif. Le tissu B132 ajoute une texture douce, tandis que cinq lattes de bois standard avec des pieds de support centraux doubles r\u00e9glables assurent la durabilit\u00e9 et le confort. Le lit \u00e0 panneaux Arcadia est une pi\u00e8ce ma\u00eetresse \u00e9l\u00e9gante pour toute chambre \u00e0 coucher contemporaine.   <\/p>\n","protected":false},"featured_media":294756,"template":"","meta":{"_kad_blocks_custom_css":"","_kad_blocks_head_custom_js":"","_kad_blocks_body_custom_js":"","_kad_blocks_footer_custom_js":"","_kad_post_transparent":"default","_kad_post_title":"","_kad_post_layout":"default","_kad_post_sidebar_id":"","_kad_post_content_style":"default","_kad_post_vertical_padding":"default","_kad_post_feature":"","_kad_post_feature_position":"","_kad_post_header":false,"_kad_post_footer":false,"_kad_post_classname":""},"product_brand":[],"product_cat":[1296],"product_tag":[1851],"class_list":{"0":"post-294746","1":"product","2":"type-product","3":"status-publish","4":"has-post-thumbnail","6":"product_cat-lits","7":"product_tag-barcelona-fr","9":"first","10":"instock","11":"taxable","12":"shipping-taxable","13":"product-type-variable","14":"entry","15":"content-bg","16":"loop-entry"},"taxonomy_info":{"product_cat":[{"value":1296,"label":"Lits"}],"product_tag":[{"value":1851,"label":"BARCELONA"}]},"featured_image_src_large":["https:\/\/www.avenuedesigncanada.com\/wp-content\/uploads\/2024\/04\/K2005_102-1024x1024.jpg",1024,1024,true],"author_info":[],"comment_info":"","_links":{"self":[{"href":"https:\/\/www.avenuedesigncanada.com\/fr\/wp-json\/wp\/v2\/product\/294746","targetHints":{"allow":["GET"]}}],"collection":[{"href":"https:\/\/www.avenuedesigncanada.com\/fr\/wp-json\/wp\/v2\/product"}],"about":[{"href":"https:\/\/www.avenuedesigncanada.com\/fr\/wp-json\/wp\/v2\/types\/product"}],"wp:featuredmedia":[{"embeddable":true,"href":"https:\/\/www.avenuedesigncanada.com\/fr\/wp-json\/wp\/v2\/media\/294756"}],"wp:attachment":[{"href":"https:\/\/www.avenuedesigncanada.com\/fr\/wp-json\/wp\/v2\/media?parent=294746"}],"wp:term":[{"taxonomy":"product_brand","embeddable":true,"href":"https:\/\/www.avenuedesigncanada.com\/fr\/wp-json\/wp\/v2\/product_brand?post=294746"},{"taxonomy":"product_cat","embeddable":true,"href":"https:\/\/www.avenuedesigncanada.com\/fr\/wp-json\/wp\/v2\/product_cat?post=294746"},{"taxonomy":"product_tag","embeddable":true,"href":"https:\/\/www.avenuedesigncanada.com\/fr\/wp-json\/wp\/v2\/product_tag?post=294746"}],"curies":[{"name":"wp","href":"https:\/\/api.w.org\/{rel}","templated":true}]}}