{"id":294762,"date":"2024-04-05T11:53:06","date_gmt":"2024-04-05T15:53:06","guid":{"rendered":"https:\/\/www.avenuedesigncanada.com\/?post_type=product&#038;p=294762"},"modified":"2026-02-12T10:47:24","modified_gmt":"2026-02-12T15:47:24","slug":"table-de-chevet-arcadia","status":"publish","type":"product","link":"https:\/\/www.avenuedesigncanada.com\/fr\/product\/table-de-chevet-arcadia\/","title":{"rendered":"Table de chevet Arcadia"},"content":{"rendered":"<p><em>La table de nuit Arcadia pr\u00e9sente les caract\u00e9ristiques suivantes :<\/em><br \/>\nFabriqu\u00e9e en peuplier et en fausse pierre dans un fini Kalta<br \/>\nUn tiroir \u00e0 fermeture progressive avec tirette int\u00e9gr\u00e9e<br \/>\nPatins r\u00e9glables<br \/>\nTrousse anti-pointes et feuille d&rsquo;instructions incluses<br \/>\nNon con\u00e7u pour l&rsquo;utilisation avec un t\u00e9l\u00e9viseur<\/p>\n<p>Avez-vous des questions \u00e0 propos de ce produit ? Nos designers sont l\u00e0 pour vous aider.  Appelez-nous au (514) 340-9351<\/p>\n","protected":false},"excerpt":{"rendered":"<p>La table de nuit Arcadia associe une construction en peuplier \u00e0 une surface en fausse pierre dans une finition Kalta sophistiqu\u00e9e. Dot\u00e9e d&rsquo;un tiroir \u00e0 fermeture progressive avec tirette int\u00e9gr\u00e9e, elle offre un rangement rationalis\u00e9 au chevet du lit tout en conservant une pr\u00e9sence sculpturale. Les glissi\u00e8res r\u00e9glables garantissent la stabilit\u00e9, tandis que le kit anti-basculement inclus offre une plus grande tranquillit\u00e9 d&rsquo;esprit. Con\u00e7ue uniquement pour la chambre \u00e0 coucher, cette pi\u00e8ce offre une \u00e9l\u00e9gance moderne avec une texture subtile.   <\/p>\n","protected":false},"featured_media":294774,"template":"","meta":{"_kad_blocks_custom_css":"","_kad_blocks_head_custom_js":"","_kad_blocks_body_custom_js":"","_kad_blocks_footer_custom_js":"","_kad_post_transparent":"","_kad_post_title":"","_kad_post_layout":"","_kad_post_sidebar_id":"","_kad_post_content_style":"","_kad_post_vertical_padding":"","_kad_post_feature":"","_kad_post_feature_position":"","_kad_post_header":false,"_kad_post_footer":false,"_kad_post_classname":""},"product_brand":[],"product_cat":[1299],"product_tag":[1844],"class_list":{"0":"post-294762","1":"product","2":"type-product","3":"status-publish","4":"has-post-thumbnail","6":"product_cat-tables-de-nuit","7":"product_tag-barcelona-cg-fr-2","9":"first","10":"instock","11":"taxable","12":"shipping-taxable","13":"product-type-simple","14":"entry","15":"content-bg","16":"loop-entry"},"taxonomy_info":{"product_cat":[{"value":1299,"label":"Tables de chevet"}],"product_tag":[{"value":1844,"label":"BARCELONA - CG"}]},"featured_image_src_large":["https:\/\/www.avenuedesigncanada.com\/wp-content\/uploads\/2024\/04\/334230-1022x1024.jpg",1022,1024,true],"author_info":[],"comment_info":"","_links":{"self":[{"href":"https:\/\/www.avenuedesigncanada.com\/fr\/wp-json\/wp\/v2\/product\/294762","targetHints":{"allow":["GET"]}}],"collection":[{"href":"https:\/\/www.avenuedesigncanada.com\/fr\/wp-json\/wp\/v2\/product"}],"about":[{"href":"https:\/\/www.avenuedesigncanada.com\/fr\/wp-json\/wp\/v2\/types\/product"}],"wp:featuredmedia":[{"embeddable":true,"href":"https:\/\/www.avenuedesigncanada.com\/fr\/wp-json\/wp\/v2\/media\/294774"}],"wp:attachment":[{"href":"https:\/\/www.avenuedesigncanada.com\/fr\/wp-json\/wp\/v2\/media?parent=294762"}],"wp:term":[{"taxonomy":"product_brand","embeddable":true,"href":"https:\/\/www.avenuedesigncanada.com\/fr\/wp-json\/wp\/v2\/product_brand?post=294762"},{"taxonomy":"product_cat","embeddable":true,"href":"https:\/\/www.avenuedesigncanada.com\/fr\/wp-json\/wp\/v2\/product_cat?post=294762"},{"taxonomy":"product_tag","embeddable":true,"href":"https:\/\/www.avenuedesigncanada.com\/fr\/wp-json\/wp\/v2\/product_tag?post=294762"}],"curies":[{"name":"wp","href":"https:\/\/api.w.org\/{rel}","templated":true}]}}