{"id":294778,"date":"2024-04-05T11:41:01","date_gmt":"2024-04-05T15:41:01","guid":{"rendered":"https:\/\/www.avenuedesigncanada.com\/?post_type=product&#038;p=294778"},"modified":"2026-02-12T10:47:25","modified_gmt":"2026-02-12T15:47:25","slug":"table-de-chevet-arcadia-2","status":"publish","type":"product","link":"https:\/\/www.avenuedesigncanada.com\/fr\/product\/table-de-chevet-arcadia-2\/","title":{"rendered":"Table de chevet Arcadia"},"content":{"rendered":"<p><em>La table de nuit Arcadia pr\u00e9sente les caract\u00e9ristiques suivantes :<\/em><br \/>\nSolides et placages en ch\u00eane blanc au fini argile<br \/>\nTrois tiroirs enveloppants \u00e0 fermeture douce avec poign\u00e9es de tirage<br \/>\nSyst\u00e8me de chargement USB A+C int\u00e9gr\u00e9<br \/>\nSocle<br \/>\nPatins r\u00e9glables<br \/>\nTrousse anti-basculement et feuille d&rsquo;instructions incluses<br \/>\nNon con\u00e7u pour l&rsquo;utilisation d&rsquo;un t\u00e9l\u00e9viseur<\/p>\n<p>Avez-vous des questions \u00e0 propos de ce produit ? Nos designers sont l\u00e0 pour vous aider.  Appelez-nous au (514) 340-9351<\/p>\n","protected":false},"excerpt":{"rendered":"<p>Fabriqu\u00e9e \u00e0 partir de solides et de placages de ch\u00eane blanc dans une chaude finition Clay, la table de nuit Arcadia pr\u00e9sente trois tiroirs enveloppants \u00e0 fermeture douce avec des poign\u00e9es discr\u00e8tes pour un look homog\u00e8ne. Un syst\u00e8me de chargement USB A+C int\u00e9gr\u00e9 ajoute une commodit\u00e9 moderne, tandis que le socle conf\u00e8re au design un \u00e9quilibre architectural. Des glissi\u00e8res r\u00e9glables et un kit anti-basculement inclus compl\u00e8tent ce meuble de chevet raffin\u00e9 et fonctionnel.  <\/p>\n","protected":false},"featured_media":294782,"template":"","meta":{"_kad_blocks_custom_css":"","_kad_blocks_head_custom_js":"","_kad_blocks_body_custom_js":"","_kad_blocks_footer_custom_js":"","_kad_post_transparent":"","_kad_post_title":"","_kad_post_layout":"","_kad_post_sidebar_id":"","_kad_post_content_style":"","_kad_post_vertical_padding":"","_kad_post_feature":"","_kad_post_feature_position":"","_kad_post_header":false,"_kad_post_footer":false,"_kad_post_classname":""},"product_brand":[],"product_cat":[1299],"product_tag":[1844],"class_list":{"0":"post-294778","1":"product","2":"type-product","3":"status-publish","4":"has-post-thumbnail","6":"product_cat-tables-de-nuit","7":"product_tag-barcelona-cg-fr-2","9":"first","10":"instock","11":"taxable","12":"shipping-taxable","13":"product-type-simple","14":"entry","15":"content-bg","16":"loop-entry"},"taxonomy_info":{"product_cat":[{"value":1299,"label":"Tables de chevet"}],"product_tag":[{"value":1844,"label":"BARCELONA - CG"}]},"featured_image_src_large":["https:\/\/www.avenuedesigncanada.com\/wp-content\/uploads\/2024\/04\/334234_102-2-1024x1024.jpg",1024,1024,true],"author_info":[],"comment_info":"","_links":{"self":[{"href":"https:\/\/www.avenuedesigncanada.com\/fr\/wp-json\/wp\/v2\/product\/294778","targetHints":{"allow":["GET"]}}],"collection":[{"href":"https:\/\/www.avenuedesigncanada.com\/fr\/wp-json\/wp\/v2\/product"}],"about":[{"href":"https:\/\/www.avenuedesigncanada.com\/fr\/wp-json\/wp\/v2\/types\/product"}],"wp:featuredmedia":[{"embeddable":true,"href":"https:\/\/www.avenuedesigncanada.com\/fr\/wp-json\/wp\/v2\/media\/294782"}],"wp:attachment":[{"href":"https:\/\/www.avenuedesigncanada.com\/fr\/wp-json\/wp\/v2\/media?parent=294778"}],"wp:term":[{"taxonomy":"product_brand","embeddable":true,"href":"https:\/\/www.avenuedesigncanada.com\/fr\/wp-json\/wp\/v2\/product_brand?post=294778"},{"taxonomy":"product_cat","embeddable":true,"href":"https:\/\/www.avenuedesigncanada.com\/fr\/wp-json\/wp\/v2\/product_cat?post=294778"},{"taxonomy":"product_tag","embeddable":true,"href":"https:\/\/www.avenuedesigncanada.com\/fr\/wp-json\/wp\/v2\/product_tag?post=294778"}],"curies":[{"name":"wp","href":"https:\/\/api.w.org\/{rel}","templated":true}]}}