{"id":294796,"date":"2024-04-05T11:58:17","date_gmt":"2024-04-05T15:58:17","guid":{"rendered":"https:\/\/www.avenuedesigncanada.com\/?post_type=product&#038;p=294796"},"modified":"2026-02-12T10:47:25","modified_gmt":"2026-02-12T15:47:25","slug":"commode-arcadia","status":"publish","type":"product","link":"https:\/\/www.avenuedesigncanada.com\/fr\/product\/commode-arcadia\/","title":{"rendered":"Commode Arcadia"},"content":{"rendered":"<p><em>La commode Arcadia pr\u00e9sente les caract\u00e9ristiques suivantes :<\/em><br \/>\nSolides et placages en ch\u00eane blanc quarr\u00e9 au fini argile. Six tiroirs enveloppants \u00e0 fermeture progressive avec tirettes, trois de chaque c\u00f4t\u00e9 des trois tiroirs centraux \u00e0 fa\u00e7ade plate et \u00e0 fermeture progressive. Socle, glissi\u00e8res r\u00e9glables et kit anti-basculement avec feuille d&rsquo;instructions inclus.  <\/p>\n<p>Vous avez des questions sur ce produit ?<br \/>\nNos concepteurs sont l\u00e0 pour vous aider.<br \/>\nAppelez-nous au (514) 340-9351<\/p>\n","protected":false},"excerpt":{"rendered":"<p>La commode Arcadia t\u00e9moigne d&rsquo;un savoir-faire intemporel gr\u00e2ce \u00e0 sa construction en ch\u00eane blanc coup\u00e9 en quatre et \u00e0 son chaleureux fini Clay. Les tiroirs enveloppants et les tirettes \u00e9l\u00e9gantes cr\u00e9ent un design fluide et homog\u00e8ne, tandis que les proportions \u00e9quilibr\u00e9es et la base nette conf\u00e8rent \u00e0 la pi\u00e8ce une \u00e9l\u00e9gance raffin\u00e9e et moderne qui semble \u00e0 la fois substantielle et accueillante.   <\/p>\n","protected":false},"featured_media":294804,"template":"","meta":{"_kad_blocks_custom_css":"","_kad_blocks_head_custom_js":"","_kad_blocks_body_custom_js":"","_kad_blocks_footer_custom_js":"","_kad_post_transparent":"","_kad_post_title":"","_kad_post_layout":"","_kad_post_sidebar_id":"","_kad_post_content_style":"","_kad_post_vertical_padding":"","_kad_post_feature":"","_kad_post_feature_position":"","_kad_post_header":false,"_kad_post_footer":false,"_kad_post_classname":""},"product_brand":[],"product_cat":[1298],"product_tag":[1844],"class_list":{"0":"post-294796","1":"product","2":"type-product","3":"status-publish","4":"has-post-thumbnail","6":"product_cat-commodes","7":"product_tag-barcelona-cg-fr-2","9":"first","10":"instock","11":"taxable","12":"shipping-taxable","13":"product-type-simple","14":"entry","15":"content-bg","16":"loop-entry"},"taxonomy_info":{"product_cat":[{"value":1298,"label":"Commodes"}],"product_tag":[{"value":1844,"label":"BARCELONA - CG"}]},"featured_image_src_large":["https:\/\/www.avenuedesigncanada.com\/wp-content\/uploads\/2024\/04\/334054_102-1024x1024.jpg",1024,1024,true],"author_info":[],"comment_info":"","_links":{"self":[{"href":"https:\/\/www.avenuedesigncanada.com\/fr\/wp-json\/wp\/v2\/product\/294796","targetHints":{"allow":["GET"]}}],"collection":[{"href":"https:\/\/www.avenuedesigncanada.com\/fr\/wp-json\/wp\/v2\/product"}],"about":[{"href":"https:\/\/www.avenuedesigncanada.com\/fr\/wp-json\/wp\/v2\/types\/product"}],"wp:featuredmedia":[{"embeddable":true,"href":"https:\/\/www.avenuedesigncanada.com\/fr\/wp-json\/wp\/v2\/media\/294804"}],"wp:attachment":[{"href":"https:\/\/www.avenuedesigncanada.com\/fr\/wp-json\/wp\/v2\/media?parent=294796"}],"wp:term":[{"taxonomy":"product_brand","embeddable":true,"href":"https:\/\/www.avenuedesigncanada.com\/fr\/wp-json\/wp\/v2\/product_brand?post=294796"},{"taxonomy":"product_cat","embeddable":true,"href":"https:\/\/www.avenuedesigncanada.com\/fr\/wp-json\/wp\/v2\/product_cat?post=294796"},{"taxonomy":"product_tag","embeddable":true,"href":"https:\/\/www.avenuedesigncanada.com\/fr\/wp-json\/wp\/v2\/product_tag?post=294796"}],"curies":[{"name":"wp","href":"https:\/\/api.w.org\/{rel}","templated":true}]}}