{"id":295195,"date":"2024-04-08T10:54:36","date_gmt":"2024-04-08T14:54:36","guid":{"rendered":"https:\/\/www.avenuedesigncanada.com\/?post_type=product&#038;p=295195"},"modified":"2026-02-12T10:47:26","modified_gmt":"2026-02-12T15:47:26","slug":"table-a-diner-ronde-arcadia","status":"publish","type":"product","link":"https:\/\/www.avenuedesigncanada.com\/fr\/product\/table-a-diner-ronde-arcadia\/","title":{"rendered":"Table \u00e0 diner  ronde Arcadia"},"content":{"rendered":"<p><em>La table \u00e0 manger ronde Arcadia pr\u00e9sente les caract\u00e9ristiques suivantes :<\/em><\/p>\n<p>Plateau de table en ch\u00eane massif et placage en finition Clay<br \/>\nSupport\u00e9 par une base en r\u00e9sine moul\u00e9e avec texture woodgrain en finition Clay<br \/>\nUne feuille de 18&Prime; permet de convertir le plateau rond en plateau ovale<br \/>\nPatins r\u00e9glables<\/p>\n<p>Vous avez des questions sur ce produit ? Nos concepteurs sont l\u00e0 pour vous aider. Appelez-nous au (514) 340-9351  <\/p>\n","protected":false},"excerpt":{"rendered":"<p>La table \u00e0 manger ronde Arcadia allie un savoir-faire intemporel \u00e0 une polyvalence moderne. Son plateau est fabriqu\u00e9 en ch\u00eane massif et plaqu\u00e9 dans une finition Clay sophistiqu\u00e9e, tandis que la base en r\u00e9sine moul\u00e9e pr\u00e9sente une texture subtile de grain de bois dans la m\u00eame teinte. Gr\u00e2ce \u00e0 la feuille de 18 pouces incluse, cette table ronde se transforme facilement en une \u00e9l\u00e9gante forme ovale, permettant d&rsquo;accueillir plus d&rsquo;invit\u00e9s si n\u00e9cessaire. Les patins r\u00e9glables assurent la stabilit\u00e9 de la table sur n&rsquo;importe quelle surface.   <\/p>\n","protected":false},"featured_media":295205,"template":"","meta":{"_kad_blocks_custom_css":"","_kad_blocks_head_custom_js":"","_kad_blocks_body_custom_js":"","_kad_blocks_footer_custom_js":"","_kad_post_transparent":"","_kad_post_title":"","_kad_post_layout":"","_kad_post_sidebar_id":"","_kad_post_content_style":"","_kad_post_vertical_padding":"","_kad_post_feature":"","_kad_post_feature_position":"","_kad_post_header":false,"_kad_post_footer":false,"_kad_post_classname":""},"product_brand":[],"product_cat":[1306],"product_tag":[1844],"class_list":{"0":"post-295195","1":"product","2":"type-product","3":"status-publish","4":"has-post-thumbnail","6":"product_cat-tables-de-salle-a-manger","7":"product_tag-barcelona-cg-fr-2","9":"first","10":"instock","11":"taxable","12":"shipping-taxable","13":"product-type-simple","14":"entry","15":"content-bg","16":"loop-entry"},"taxonomy_info":{"product_cat":[{"value":1306,"label":"Tables"}],"product_tag":[{"value":1844,"label":"BARCELONA - CG"}]},"featured_image_src_large":["https:\/\/www.avenuedesigncanada.com\/wp-content\/uploads\/2024\/04\/K2002-1024x1024.jpg",1024,1024,true],"author_info":[],"comment_info":"","_links":{"self":[{"href":"https:\/\/www.avenuedesigncanada.com\/fr\/wp-json\/wp\/v2\/product\/295195","targetHints":{"allow":["GET"]}}],"collection":[{"href":"https:\/\/www.avenuedesigncanada.com\/fr\/wp-json\/wp\/v2\/product"}],"about":[{"href":"https:\/\/www.avenuedesigncanada.com\/fr\/wp-json\/wp\/v2\/types\/product"}],"wp:featuredmedia":[{"embeddable":true,"href":"https:\/\/www.avenuedesigncanada.com\/fr\/wp-json\/wp\/v2\/media\/295205"}],"wp:attachment":[{"href":"https:\/\/www.avenuedesigncanada.com\/fr\/wp-json\/wp\/v2\/media?parent=295195"}],"wp:term":[{"taxonomy":"product_brand","embeddable":true,"href":"https:\/\/www.avenuedesigncanada.com\/fr\/wp-json\/wp\/v2\/product_brand?post=295195"},{"taxonomy":"product_cat","embeddable":true,"href":"https:\/\/www.avenuedesigncanada.com\/fr\/wp-json\/wp\/v2\/product_cat?post=295195"},{"taxonomy":"product_tag","embeddable":true,"href":"https:\/\/www.avenuedesigncanada.com\/fr\/wp-json\/wp\/v2\/product_tag?post=295195"}],"curies":[{"name":"wp","href":"https:\/\/api.w.org\/{rel}","templated":true}]}}