{"id":295223,"date":"2024-04-08T11:27:04","date_gmt":"2024-04-08T15:27:04","guid":{"rendered":"https:\/\/www.avenuedesigncanada.com\/?post_type=product&#038;p=295223"},"modified":"2026-02-12T10:47:27","modified_gmt":"2026-02-12T15:47:27","slug":"chaise-a-bras-arcadia","status":"publish","type":"product","link":"https:\/\/www.avenuedesigncanada.com\/fr\/product\/chaise-a-bras-arcadia\/","title":{"rendered":"Chaise \u00e0 accoudoirs Arcadia"},"content":{"rendered":"<p> <em> Le fauteuil Arcadia pr\u00e9sente les caract\u00e9ristiques suivantes : <\/em><br \/>\n Enti\u00e8rement rembourr\u00e9 avec un dossier arrondi<br \/>\net des accoudoirs inclin\u00e9s.<\/p>\n<p>Tissu : B138<br \/>\n Roulettes<\/p>\n<p>Vous avez des questions sur ce produit ? Nos concepteurs sont l\u00e0 pour vous aider. Appelez-nous au (514) 340-9351  <\/p>\n","protected":false},"excerpt":{"rendered":"<p>Le fauteuil Arcadia est dot\u00e9 d&rsquo;un dossier qui s&rsquo;enroule autour de l&rsquo;assise pour lui donner un aspect sculptural. L&rsquo;assise profonde s&rsquo;\u00e9tend jusqu&rsquo;au sol et des roulettes cach\u00e9es permettent un d\u00e9placement en douceur. Un tissu textur\u00e9 ajoute un impact visuel \u00e0 la palette neutre.  <\/p>\n","protected":false},"featured_media":295229,"template":"","meta":{"_kad_blocks_custom_css":"","_kad_blocks_head_custom_js":"","_kad_blocks_body_custom_js":"","_kad_blocks_footer_custom_js":"","_kad_post_transparent":"","_kad_post_title":"","_kad_post_layout":"","_kad_post_sidebar_id":"","_kad_post_content_style":"","_kad_post_vertical_padding":"","_kad_post_feature":"","_kad_post_feature_position":"","_kad_post_header":false,"_kad_post_footer":false,"_kad_post_classname":""},"product_brand":[],"product_cat":[1302],"product_tag":[1365],"class_list":{"0":"post-295223","1":"product","2":"type-product","3":"status-publish","4":"has-post-thumbnail","6":"product_cat-chaises","7":"product_tag-barcelona-fr-2","9":"first","10":"instock","11":"taxable","12":"shipping-taxable","13":"product-type-simple","14":"entry","15":"content-bg","16":"loop-entry"},"taxonomy_info":{"product_cat":[{"value":1302,"label":"Chaises"}],"product_tag":[{"value":1365,"label":"BARCELONA"}]},"featured_image_src_large":["https:\/\/www.avenuedesigncanada.com\/wp-content\/uploads\/2024\/04\/334504_103-1024x1024.jpg",1024,1024,true],"author_info":[],"comment_info":"","_links":{"self":[{"href":"https:\/\/www.avenuedesigncanada.com\/fr\/wp-json\/wp\/v2\/product\/295223","targetHints":{"allow":["GET"]}}],"collection":[{"href":"https:\/\/www.avenuedesigncanada.com\/fr\/wp-json\/wp\/v2\/product"}],"about":[{"href":"https:\/\/www.avenuedesigncanada.com\/fr\/wp-json\/wp\/v2\/types\/product"}],"wp:featuredmedia":[{"embeddable":true,"href":"https:\/\/www.avenuedesigncanada.com\/fr\/wp-json\/wp\/v2\/media\/295229"}],"wp:attachment":[{"href":"https:\/\/www.avenuedesigncanada.com\/fr\/wp-json\/wp\/v2\/media?parent=295223"}],"wp:term":[{"taxonomy":"product_brand","embeddable":true,"href":"https:\/\/www.avenuedesigncanada.com\/fr\/wp-json\/wp\/v2\/product_brand?post=295223"},{"taxonomy":"product_cat","embeddable":true,"href":"https:\/\/www.avenuedesigncanada.com\/fr\/wp-json\/wp\/v2\/product_cat?post=295223"},{"taxonomy":"product_tag","embeddable":true,"href":"https:\/\/www.avenuedesigncanada.com\/fr\/wp-json\/wp\/v2\/product_tag?post=295223"}],"curies":[{"name":"wp","href":"https:\/\/api.w.org\/{rel}","templated":true}]}}