{"id":295251,"date":"2024-04-08T11:55:03","date_gmt":"2024-04-08T15:55:03","guid":{"rendered":"https:\/\/www.avenuedesigncanada.com\/?post_type=product&#038;p=295251"},"modified":"2026-02-12T10:47:27","modified_gmt":"2026-02-12T15:47:27","slug":"buffet-arcadia","status":"publish","type":"product","link":"https:\/\/www.avenuedesigncanada.com\/fr\/product\/buffet-arcadia\/","title":{"rendered":"Buffet Arcadia"},"content":{"rendered":"<p>Description<br \/>\nCaisse en ch\u00eane massif et placage de ch\u00eane \u00e9quarri en finition Clay avec des portes envelopp\u00e9es de raphia en finition Silt<br \/>\nQuatre portes \u00e0 ouverture par traction et \u00e0 fermeture progressive ; Les portes de chaque extr\u00e9mit\u00e9 s&rsquo;enroulent autour du c\u00f4t\u00e9 de la caisse<br \/>\nDerri\u00e8re chaque porte centrale se trouve un tiroir \u00e0 ouverture progressive, l&rsquo;un avec une insertion pour l&rsquo;argenterie et l&rsquo;autre avec un tampon envelopp\u00e9<br \/>\nDeux \u00e9tag\u00e8res r\u00e9glables derri\u00e8re les portes d&rsquo;extr\u00e9mit\u00e9<br \/>\nNe convient pas pour une utilisation avec un t\u00e9l\u00e9viseur<br \/>\nSocle<br \/>\nPatins r\u00e9glables<br \/>\nKit anti-basculement et feuille d&rsquo;instructions inclus<br \/>\nLes sp\u00e9cifications sont sujettes \u00e0 modification sans pr\u00e9avis.<br \/>\nVous avez des questions sur ce produit ? Nos concepteurs sont l\u00e0 pour vous aider. Appelez-nous au (514) 340-9351  <\/p>\n","protected":false},"excerpt":{"rendered":"<p>Les mat\u00e9riaux tactiles mettent en valeur un style \u00e9l\u00e9mentaire sur le buffet Arcadia. Le raphia enveloppe les quatre fa\u00e7ades des portes et s&rsquo;enroule autour des c\u00f4t\u00e9s des portes \u00e0 chaque extr\u00e9mit\u00e9. La caisse en bois bross\u00e9 est en finition Clay.  <\/p>\n","protected":false},"featured_media":295261,"template":"","meta":{"_kad_blocks_custom_css":"","_kad_blocks_head_custom_js":"","_kad_blocks_body_custom_js":"","_kad_blocks_footer_custom_js":"","_kad_post_transparent":"","_kad_post_title":"","_kad_post_layout":"","_kad_post_sidebar_id":"","_kad_post_content_style":"","_kad_post_vertical_padding":"","_kad_post_feature":"","_kad_post_feature_position":"","_kad_post_header":false,"_kad_post_footer":false,"_kad_post_classname":""},"product_brand":[],"product_cat":[1303],"product_tag":[1844],"class_list":{"0":"post-295251","1":"product","2":"type-product","3":"status-publish","4":"has-post-thumbnail","6":"product_cat-buffets","7":"product_tag-barcelona-cg-fr-2","9":"first","10":"instock","11":"taxable","12":"shipping-taxable","13":"product-type-simple","14":"entry","15":"content-bg","16":"loop-entry"},"taxonomy_info":{"product_cat":[{"value":1303,"label":"Buffets"}],"product_tag":[{"value":1844,"label":"BARCELONA - CG"}]},"featured_image_src_large":["https:\/\/www.avenuedesigncanada.com\/wp-content\/uploads\/2024\/04\/334132_102-1024x1024.jpg",1024,1024,true],"author_info":[],"comment_info":"","_links":{"self":[{"href":"https:\/\/www.avenuedesigncanada.com\/fr\/wp-json\/wp\/v2\/product\/295251","targetHints":{"allow":["GET"]}}],"collection":[{"href":"https:\/\/www.avenuedesigncanada.com\/fr\/wp-json\/wp\/v2\/product"}],"about":[{"href":"https:\/\/www.avenuedesigncanada.com\/fr\/wp-json\/wp\/v2\/types\/product"}],"wp:featuredmedia":[{"embeddable":true,"href":"https:\/\/www.avenuedesigncanada.com\/fr\/wp-json\/wp\/v2\/media\/295261"}],"wp:attachment":[{"href":"https:\/\/www.avenuedesigncanada.com\/fr\/wp-json\/wp\/v2\/media?parent=295251"}],"wp:term":[{"taxonomy":"product_brand","embeddable":true,"href":"https:\/\/www.avenuedesigncanada.com\/fr\/wp-json\/wp\/v2\/product_brand?post=295251"},{"taxonomy":"product_cat","embeddable":true,"href":"https:\/\/www.avenuedesigncanada.com\/fr\/wp-json\/wp\/v2\/product_cat?post=295251"},{"taxonomy":"product_tag","embeddable":true,"href":"https:\/\/www.avenuedesigncanada.com\/fr\/wp-json\/wp\/v2\/product_tag?post=295251"}],"curies":[{"name":"wp","href":"https:\/\/api.w.org\/{rel}","templated":true}]}}