{"id":295372,"date":"2024-04-08T17:23:45","date_gmt":"2024-04-08T21:23:45","guid":{"rendered":"https:\/\/www.avenuedesigncanada.com\/?post_type=product&#038;p=295372"},"modified":"2026-02-12T10:47:29","modified_gmt":"2026-02-12T15:47:29","slug":"table-a-cafe-arcadia-copy-2","status":"publish","type":"product","link":"https:\/\/www.avenuedesigncanada.com\/fr\/product\/table-a-cafe-arcadia-copy-2\/","title":{"rendered":"Table de bout Arcadia"},"content":{"rendered":"<p><i>La<\/i> table d&rsquo;appoint Arcadia pr\u00e9sente les caract\u00e9ristiques suivantes :<\/p>\n<p>Plateau de table carr\u00e9 en fausse pierre soutenu par deux pieds de forme organique en finition Kalta<\/p>\n<p>Patins ajustables<\/p>\n<p>Avez-vous des questions \u00e0 propos de ce produit ?<\/p>\n<p>Nos designers sont l\u00e0 pour vous aider. Appelez-nous au (514) 340-9351<\/p>\n","protected":false},"excerpt":{"rendered":"<p>La table d&rsquo;appoint Arcadia pr\u00e9sente une \u00e9l\u00e9gance moderne avec une touche de design organique. Son plateau carr\u00e9 en fausse pierre repose sur deux pieds sculpturaux de forme organique en finition Kalta, cr\u00e9ant un effet visuel saisissant. Les patins r\u00e9glables assurent la stabilit\u00e9 de la table sur n&rsquo;importe quelle surface, ce qui la rend \u00e0 la fois fonctionnelle et \u00e9l\u00e9gante, un accent parfait pour tout int\u00e9rieur contemporain.  <\/p>\n","protected":false},"featured_media":295382,"template":"","meta":{"_kad_blocks_custom_css":"","_kad_blocks_head_custom_js":"","_kad_blocks_body_custom_js":"","_kad_blocks_footer_custom_js":"","_kad_post_transparent":"","_kad_post_title":"","_kad_post_layout":"","_kad_post_sidebar_id":"","_kad_post_content_style":"","_kad_post_vertical_padding":"","_kad_post_feature":"","_kad_post_feature_position":"","_kad_post_header":false,"_kad_post_footer":false,"_kad_post_classname":""},"product_brand":[],"product_cat":[1323],"product_tag":[1844],"class_list":{"0":"post-295372","1":"product","2":"type-product","3":"status-publish","4":"has-post-thumbnail","6":"product_cat-salon-tables-dappoint","7":"product_tag-barcelona-cg-fr-2","9":"first","10":"instock","11":"taxable","12":"shipping-taxable","13":"product-type-simple","14":"entry","15":"content-bg","16":"loop-entry"},"taxonomy_info":{"product_cat":[{"value":1323,"label":"Tables d'appoint"}],"product_tag":[{"value":1844,"label":"BARCELONA - CG"}]},"featured_image_src_large":["https:\/\/www.avenuedesigncanada.com\/wp-content\/uploads\/2024\/04\/334123-1024x1024.jpg",1024,1024,true],"author_info":[],"comment_info":"","_links":{"self":[{"href":"https:\/\/www.avenuedesigncanada.com\/fr\/wp-json\/wp\/v2\/product\/295372","targetHints":{"allow":["GET"]}}],"collection":[{"href":"https:\/\/www.avenuedesigncanada.com\/fr\/wp-json\/wp\/v2\/product"}],"about":[{"href":"https:\/\/www.avenuedesigncanada.com\/fr\/wp-json\/wp\/v2\/types\/product"}],"wp:featuredmedia":[{"embeddable":true,"href":"https:\/\/www.avenuedesigncanada.com\/fr\/wp-json\/wp\/v2\/media\/295382"}],"wp:attachment":[{"href":"https:\/\/www.avenuedesigncanada.com\/fr\/wp-json\/wp\/v2\/media?parent=295372"}],"wp:term":[{"taxonomy":"product_brand","embeddable":true,"href":"https:\/\/www.avenuedesigncanada.com\/fr\/wp-json\/wp\/v2\/product_brand?post=295372"},{"taxonomy":"product_cat","embeddable":true,"href":"https:\/\/www.avenuedesigncanada.com\/fr\/wp-json\/wp\/v2\/product_cat?post=295372"},{"taxonomy":"product_tag","embeddable":true,"href":"https:\/\/www.avenuedesigncanada.com\/fr\/wp-json\/wp\/v2\/product_tag?post=295372"}],"curies":[{"name":"wp","href":"https:\/\/api.w.org\/{rel}","templated":true}]}}