{"id":295578,"date":"2024-04-09T09:19:33","date_gmt":"2024-04-09T13:19:33","guid":{"rendered":"https:\/\/www.avenuedesigncanada.com\/?post_type=product&#038;p=295578"},"modified":"2026-02-12T10:47:30","modified_gmt":"2026-02-12T15:47:30","slug":"table-de-bout-arcadia-copy-2","status":"publish","type":"product","link":"https:\/\/www.avenuedesigncanada.com\/fr\/product\/table-de-bout-arcadia-copy-2\/","title":{"rendered":"Table d&rsquo;appoint Arcadia"},"content":{"rendered":"<p><em>La<\/em> table d&rsquo;appoint Arcadia pr\u00e9sente les caract\u00e9ristiques suivantes :<\/p>\n<p>Base fabriqu\u00e9e \u00e0 partir de placages de ch\u00eane en finition Clay sous le plateau en fausse pierre \u00e0 bord arrondi en finition Kalta.<\/p>\n<p>Le haut de la base est visible au milieu du plateau de la table<\/p>\n<p>Patins ajustables<\/p>\n<p>Avez-vous des questions \u00e0 propos de ce produit ?<\/p>\n<p>Nos designers sont l\u00e0 pour vous aider. Appelez-nous au (514) 340-9351<\/p>\n","protected":false},"excerpt":{"rendered":"<p data-start=\"80\" data-end=\"519\">La table d&rsquo;appoint Arcadia est un m\u00e9lange frappant d&rsquo;artisanat et de design contemporain. Sa base, fabriqu\u00e9e \u00e0 partir de placages de ch\u00eane coup\u00e9 en quatre dans une finition Clay chaude, supporte un plateau en fausse pierre \u00e0 bord arrondi dans une finition Kalta, avec la base subtilement visible \u00e0 travers le centre pour un d\u00e9tail de design unique. Les patins r\u00e9glables garantissent la stabilit\u00e9 sur n&rsquo;importe quelle surface, rendant cette table \u00e0 la fois fonctionnelle et visuellement captivante.  <\/p>\n","protected":false},"featured_media":295601,"template":"","meta":{"_kad_blocks_custom_css":"","_kad_blocks_head_custom_js":"","_kad_blocks_body_custom_js":"","_kad_blocks_footer_custom_js":"","_kad_post_transparent":"","_kad_post_title":"","_kad_post_layout":"","_kad_post_sidebar_id":"","_kad_post_content_style":"","_kad_post_vertical_padding":"","_kad_post_feature":"","_kad_post_feature_position":"","_kad_post_header":false,"_kad_post_footer":false,"_kad_post_classname":""},"product_brand":[],"product_cat":[1323],"product_tag":[1844],"class_list":{"0":"post-295578","1":"product","2":"type-product","3":"status-publish","4":"has-post-thumbnail","6":"product_cat-salon-tables-dappoint","7":"product_tag-barcelona-cg-fr-2","9":"first","10":"instock","11":"taxable","12":"shipping-taxable","13":"product-type-simple","14":"entry","15":"content-bg","16":"loop-entry"},"taxonomy_info":{"product_cat":[{"value":1323,"label":"Tables d'appoint"}],"product_tag":[{"value":1844,"label":"BARCELONA - CG"}]},"featured_image_src_large":["https:\/\/www.avenuedesigncanada.com\/wp-content\/uploads\/2024\/04\/334111_104-1024x1024.jpg",1024,1024,true],"author_info":[],"comment_info":"","_links":{"self":[{"href":"https:\/\/www.avenuedesigncanada.com\/fr\/wp-json\/wp\/v2\/product\/295578","targetHints":{"allow":["GET"]}}],"collection":[{"href":"https:\/\/www.avenuedesigncanada.com\/fr\/wp-json\/wp\/v2\/product"}],"about":[{"href":"https:\/\/www.avenuedesigncanada.com\/fr\/wp-json\/wp\/v2\/types\/product"}],"wp:featuredmedia":[{"embeddable":true,"href":"https:\/\/www.avenuedesigncanada.com\/fr\/wp-json\/wp\/v2\/media\/295601"}],"wp:attachment":[{"href":"https:\/\/www.avenuedesigncanada.com\/fr\/wp-json\/wp\/v2\/media?parent=295578"}],"wp:term":[{"taxonomy":"product_brand","embeddable":true,"href":"https:\/\/www.avenuedesigncanada.com\/fr\/wp-json\/wp\/v2\/product_brand?post=295578"},{"taxonomy":"product_cat","embeddable":true,"href":"https:\/\/www.avenuedesigncanada.com\/fr\/wp-json\/wp\/v2\/product_cat?post=295578"},{"taxonomy":"product_tag","embeddable":true,"href":"https:\/\/www.avenuedesigncanada.com\/fr\/wp-json\/wp\/v2\/product_tag?post=295578"}],"curies":[{"name":"wp","href":"https:\/\/api.w.org\/{rel}","templated":true}]}}