{"id":295672,"date":"2024-04-09T10:27:20","date_gmt":"2024-04-09T14:27:20","guid":{"rendered":"https:\/\/www.avenuedesigncanada.com\/?post_type=product&#038;p=295672"},"modified":"2026-02-12T10:47:31","modified_gmt":"2026-02-12T15:47:31","slug":"lit-a-panneaux-arcadia-copy","status":"publish","type":"product","link":"https:\/\/www.avenuedesigncanada.com\/fr\/product\/lit-a-panneaux-arcadia-copy\/","title":{"rendered":"Lit Sereno"},"content":{"rendered":"<p><em>Les caract\u00e9ristiques du lit Sereno:<\/em><\/p>\n<p>T\u00eate de lit, barri\u00e8res lat\u00e9rales et pied de lit tapiss\u00e9s avec pieds en bois apparents en finition Lutra<br \/>\nLa t\u00eate de lit est dot\u00e9e de canaux horizontaux et de rebords<br \/>\nDisponible en tissu B114<br \/>\nSyst\u00e8me de support \u00e0 lattes<\/p>\n<p>Vous avez des questions sur ce produit ?<br \/>\nNos concepteurs sont l\u00e0 pour vous aider. Appelez-nous au (514) 340-9351 <\/p>\n","protected":false},"excerpt":{"rendered":"<p>Le lit \u00e0 panneaux Sereno est \u00e9pur\u00e9 et organique, avec des bords adoucis et une forme simplifi\u00e9e. Le cadre est enti\u00e8rement rembourr\u00e9 avec des coutures horizontales pour un confort chic. Les panneaux lat\u00e9raux de la t\u00eate de lit pr\u00e9sentent une forme unique avec des bordures.<\/p>\n","protected":false},"featured_media":295684,"template":"","meta":{"_kad_blocks_custom_css":"","_kad_blocks_head_custom_js":"","_kad_blocks_body_custom_js":"","_kad_blocks_footer_custom_js":"","_kad_post_transparent":"","_kad_post_title":"","_kad_post_layout":"","_kad_post_sidebar_id":"","_kad_post_content_style":"","_kad_post_vertical_padding":"","_kad_post_feature":"","_kad_post_feature_position":"","_kad_post_header":false,"_kad_post_footer":false,"_kad_post_classname":""},"product_brand":[],"product_cat":[1296],"product_tag":[1851],"class_list":{"0":"post-295672","1":"product","2":"type-product","3":"status-publish","4":"has-post-thumbnail","6":"product_cat-lits","7":"product_tag-barcelona-fr","9":"first","10":"instock","11":"taxable","12":"shipping-taxable","13":"product-type-simple","14":"entry","15":"content-bg","16":"loop-entry"},"taxonomy_info":{"product_cat":[{"value":1296,"label":"Lits"}],"product_tag":[{"value":1851,"label":"BARCELONA"}]},"featured_image_src_large":["https:\/\/www.avenuedesigncanada.com\/wp-content\/uploads\/2024\/04\/K1945_102-1024x1024.jpg",1024,1024,true],"author_info":[],"comment_info":"","_links":{"self":[{"href":"https:\/\/www.avenuedesigncanada.com\/fr\/wp-json\/wp\/v2\/product\/295672","targetHints":{"allow":["GET"]}}],"collection":[{"href":"https:\/\/www.avenuedesigncanada.com\/fr\/wp-json\/wp\/v2\/product"}],"about":[{"href":"https:\/\/www.avenuedesigncanada.com\/fr\/wp-json\/wp\/v2\/types\/product"}],"wp:featuredmedia":[{"embeddable":true,"href":"https:\/\/www.avenuedesigncanada.com\/fr\/wp-json\/wp\/v2\/media\/295684"}],"wp:attachment":[{"href":"https:\/\/www.avenuedesigncanada.com\/fr\/wp-json\/wp\/v2\/media?parent=295672"}],"wp:term":[{"taxonomy":"product_brand","embeddable":true,"href":"https:\/\/www.avenuedesigncanada.com\/fr\/wp-json\/wp\/v2\/product_brand?post=295672"},{"taxonomy":"product_cat","embeddable":true,"href":"https:\/\/www.avenuedesigncanada.com\/fr\/wp-json\/wp\/v2\/product_cat?post=295672"},{"taxonomy":"product_tag","embeddable":true,"href":"https:\/\/www.avenuedesigncanada.com\/fr\/wp-json\/wp\/v2\/product_tag?post=295672"}],"curies":[{"name":"wp","href":"https:\/\/api.w.org\/{rel}","templated":true}]}}