{"id":295694,"date":"2024-04-09T11:06:40","date_gmt":"2024-04-09T15:06:40","guid":{"rendered":"https:\/\/www.avenuedesigncanada.com\/?post_type=product&#038;p=295694"},"modified":"2026-02-12T10:47:32","modified_gmt":"2026-02-12T15:47:32","slug":"table-de-chevet-arcadia-copy-3","status":"publish","type":"product","link":"https:\/\/www.avenuedesigncanada.com\/fr\/product\/table-de-chevet-arcadia-copy-3\/","title":{"rendered":"Table de chevet Sereno"},"content":{"rendered":"<p><em>Les caract\u00e9ristiques de la table de chevet Sereno:<\/em><\/p>\n<p>Caisson en travertin argent\u00e9 avec base en ch\u00eane en forme de \u00ab\u00a0X\u00a0\u00bb en finition Grigio<\/p>\n<p>La bo\u00eete \u00e0 tiroirs s&rsquo;ouvre \u00e0 l&rsquo;aide d&rsquo;une tirette sur la partie inf\u00e9rieure de la fa\u00e7ade et se ferme en douceur.<\/p>\n<p>Chargeur USB A+C \u00e0 deux ports au dos du caisson<\/p>\n<p>Patins ajustables<\/p>\n<p>Ne convient pas pour une t\u00e9l\u00e9vision<\/p>\n<p>Avez-vous des questions \u00e0 propos de ce produit ? Nos designers sont l\u00e0 pour vous aider.  Appelez-nous au (514) 340-9351<\/p>\n","protected":false},"excerpt":{"rendered":"<p>La base en X de la table de nuit Sereno offre une esth\u00e9tique sophistiqu\u00e9e avec deux panneaux entrecrois\u00e9s \u00e0 la forme organique ouverte. La base supporte une superbe bo\u00eete \u00e0 tiroirs en travertin argent\u00e9 qui comporte une prise de courant \u00e0 l&rsquo;arri\u00e8re avec un port USB.<\/p>\n","protected":false},"featured_media":295703,"template":"","meta":{"_kad_blocks_custom_css":"","_kad_blocks_head_custom_js":"","_kad_blocks_body_custom_js":"","_kad_blocks_footer_custom_js":"","_kad_post_transparent":"","_kad_post_title":"","_kad_post_layout":"","_kad_post_sidebar_id":"","_kad_post_content_style":"","_kad_post_vertical_padding":"","_kad_post_feature":"","_kad_post_feature_position":"","_kad_post_header":false,"_kad_post_footer":false,"_kad_post_classname":""},"product_brand":[],"product_cat":[1299],"product_tag":[1844],"class_list":{"0":"post-295694","1":"product","2":"type-product","3":"status-publish","4":"has-post-thumbnail","6":"product_cat-tables-de-nuit","7":"product_tag-barcelona-cg-fr-2","9":"first","10":"instock","11":"taxable","12":"shipping-taxable","13":"product-type-simple","14":"entry","15":"content-bg","16":"loop-entry"},"taxonomy_info":{"product_cat":[{"value":1299,"label":"Tables de chevet"}],"product_tag":[{"value":1844,"label":"BARCELONA - CG"}]},"featured_image_src_large":["https:\/\/www.avenuedesigncanada.com\/wp-content\/uploads\/2024\/04\/329216_102-1024x1024.jpg",1024,1024,true],"author_info":[],"comment_info":"","_links":{"self":[{"href":"https:\/\/www.avenuedesigncanada.com\/fr\/wp-json\/wp\/v2\/product\/295694","targetHints":{"allow":["GET"]}}],"collection":[{"href":"https:\/\/www.avenuedesigncanada.com\/fr\/wp-json\/wp\/v2\/product"}],"about":[{"href":"https:\/\/www.avenuedesigncanada.com\/fr\/wp-json\/wp\/v2\/types\/product"}],"wp:featuredmedia":[{"embeddable":true,"href":"https:\/\/www.avenuedesigncanada.com\/fr\/wp-json\/wp\/v2\/media\/295703"}],"wp:attachment":[{"href":"https:\/\/www.avenuedesigncanada.com\/fr\/wp-json\/wp\/v2\/media?parent=295694"}],"wp:term":[{"taxonomy":"product_brand","embeddable":true,"href":"https:\/\/www.avenuedesigncanada.com\/fr\/wp-json\/wp\/v2\/product_brand?post=295694"},{"taxonomy":"product_cat","embeddable":true,"href":"https:\/\/www.avenuedesigncanada.com\/fr\/wp-json\/wp\/v2\/product_cat?post=295694"},{"taxonomy":"product_tag","embeddable":true,"href":"https:\/\/www.avenuedesigncanada.com\/fr\/wp-json\/wp\/v2\/product_tag?post=295694"}],"curies":[{"name":"wp","href":"https:\/\/api.w.org\/{rel}","templated":true}]}}