{"id":295781,"date":"2024-04-09T11:54:05","date_gmt":"2024-04-09T15:54:05","guid":{"rendered":"https:\/\/www.avenuedesigncanada.com\/?post_type=product&#038;p=295781"},"modified":"2026-02-12T10:47:33","modified_gmt":"2026-02-12T15:47:33","slug":"table-a-diner-arcadia-copy-3","status":"publish","type":"product","link":"https:\/\/www.avenuedesigncanada.com\/fr\/product\/table-a-diner-arcadia-copy-3\/","title":{"rendered":"Table \u00e0 diner  Sereno"},"content":{"rendered":"<p><em>Les caract\u00e9ristiques de la table \u00e0 d\u00eener Sereno:<\/em><\/p>\n<p>Base en r\u00e9sine moul\u00e9e finition Sasso avec travers et plateau en bois finition Lutra<\/p>\n<p>Le plateau de table est en noyer et comprend une rallonge de 24&Prime;.<\/p>\n<p>La base en r\u00e9sine moul\u00e9e est dot\u00e9e de panneaux d&rsquo;extr\u00e9mit\u00e9 et de travers en fausse pierre textur\u00e9e.<\/p>\n<p>Patins ajustables<\/p>\n<p>Vous avez des questions sur ce produit ? Nos concepteurs sont l\u00e0 pour vous aider. Appelez-nous au (514) 340-9351  <\/p>\n","protected":false},"excerpt":{"rendered":"<p>La table de salle \u00e0 manger Sereno pr\u00e9sente une texture moderne avec des panneaux de support en r\u00e9sine moul\u00e9e au grain de bois textur\u00e9 dans la finition Sasso. Ils supportent un plateau en bois aux angles arrondis dans la finition Lutra. Deux travers en r\u00e9sine moul\u00e9e de forme organique avec une texture de fausse pierre s&rsquo;\u00e9tendent \u00e0 l&rsquo;ext\u00e9rieur du panneau \u00e0 chaque extr\u00e9mit\u00e9 pour un style moderne.<\/p>\n","protected":false},"featured_media":295811,"template":"","meta":{"_kad_blocks_custom_css":"","_kad_blocks_head_custom_js":"","_kad_blocks_body_custom_js":"","_kad_blocks_footer_custom_js":"","_kad_post_transparent":"","_kad_post_title":"","_kad_post_layout":"","_kad_post_sidebar_id":"","_kad_post_content_style":"","_kad_post_vertical_padding":"","_kad_post_feature":"","_kad_post_feature_position":"","_kad_post_header":false,"_kad_post_footer":false,"_kad_post_classname":""},"product_brand":[],"product_cat":[1306],"product_tag":[1844],"class_list":{"0":"post-295781","1":"product","2":"type-product","3":"status-publish","4":"has-post-thumbnail","6":"product_cat-tables-de-salle-a-manger","7":"product_tag-barcelona-cg-fr-2","9":"first","10":"instock","11":"taxable","12":"shipping-taxable","13":"product-type-simple","14":"entry","15":"content-bg","16":"loop-entry"},"taxonomy_info":{"product_cat":[{"value":1306,"label":"Tables"}],"product_tag":[{"value":1844,"label":"BARCELONA - CG"}]},"featured_image_src_large":["https:\/\/www.avenuedesigncanada.com\/wp-content\/uploads\/2024\/04\/K1943-1024x1024.jpg",1024,1024,true],"author_info":[],"comment_info":"","_links":{"self":[{"href":"https:\/\/www.avenuedesigncanada.com\/fr\/wp-json\/wp\/v2\/product\/295781","targetHints":{"allow":["GET"]}}],"collection":[{"href":"https:\/\/www.avenuedesigncanada.com\/fr\/wp-json\/wp\/v2\/product"}],"about":[{"href":"https:\/\/www.avenuedesigncanada.com\/fr\/wp-json\/wp\/v2\/types\/product"}],"wp:featuredmedia":[{"embeddable":true,"href":"https:\/\/www.avenuedesigncanada.com\/fr\/wp-json\/wp\/v2\/media\/295811"}],"wp:attachment":[{"href":"https:\/\/www.avenuedesigncanada.com\/fr\/wp-json\/wp\/v2\/media?parent=295781"}],"wp:term":[{"taxonomy":"product_brand","embeddable":true,"href":"https:\/\/www.avenuedesigncanada.com\/fr\/wp-json\/wp\/v2\/product_brand?post=295781"},{"taxonomy":"product_cat","embeddable":true,"href":"https:\/\/www.avenuedesigncanada.com\/fr\/wp-json\/wp\/v2\/product_cat?post=295781"},{"taxonomy":"product_tag","embeddable":true,"href":"https:\/\/www.avenuedesigncanada.com\/fr\/wp-json\/wp\/v2\/product_tag?post=295781"}],"curies":[{"name":"wp","href":"https:\/\/api.w.org\/{rel}","templated":true}]}}