{"id":296617,"date":"2024-04-11T11:14:07","date_gmt":"2024-04-11T15:14:07","guid":{"rendered":"https:\/\/www.avenuedesigncanada.com\/?post_type=product&#038;p=296617"},"modified":"2026-02-12T10:47:33","modified_gmt":"2026-02-12T15:47:33","slug":"table-ronde-sereno-copy","status":"publish","type":"product","link":"https:\/\/www.avenuedesigncanada.com\/fr\/product\/table-ronde-sereno-copy\/","title":{"rendered":"Chaise \u00e0 bras Sereno"},"content":{"rendered":"<p><em>Les caract\u00e9ristiques de la chaise \u00e0 bras Sereno:<\/em><\/p>\n<p>Enti\u00e8rement rembourr\u00e9e avec des pieds expos\u00e9s en acier inoxydable bross\u00e9 en finition Nickel.<\/p>\n<p>Tissu: B114<\/p>\n<p>Patins ajustables<\/p>\n<p>Options<\/p>\n<p>\u00c9galement disponible dans d&rsquo;autres tissus, voir 329X42.<\/p>\n<p>Vous avez des questions sur ce produit ? Nos concepteurs sont l\u00e0 pour vous aider. Appelez-nous au (514) 340-9351  <\/p>\n","protected":false},"excerpt":{"rendered":"<p>Le design minimaliste offre un style \u00e9lev\u00e9 \u00e0 la chaise Sereno. Le si\u00e8ge rembourr\u00e9 est dot\u00e9 d&rsquo;accoudoirs doucement effil\u00e9s et d&rsquo;une \u00e9l\u00e9gante couture sur le dos. Il est soutenu par une base m\u00e9tallique en acier inoxydable bross\u00e9, finition Nickel.<\/p>\n","protected":false},"featured_media":296623,"template":"","meta":{"_kad_blocks_custom_css":"","_kad_blocks_head_custom_js":"","_kad_blocks_body_custom_js":"","_kad_blocks_footer_custom_js":"","_kad_post_transparent":"","_kad_post_title":"","_kad_post_layout":"","_kad_post_sidebar_id":"","_kad_post_content_style":"","_kad_post_vertical_padding":"","_kad_post_feature":"","_kad_post_feature_position":"","_kad_post_header":false,"_kad_post_footer":false,"_kad_post_classname":""},"product_brand":[],"product_cat":[1302],"product_tag":[1365],"class_list":{"0":"post-296617","1":"product","2":"type-product","3":"status-publish","4":"has-post-thumbnail","6":"product_cat-chaises","7":"product_tag-barcelona-fr-2","9":"first","10":"instock","11":"taxable","12":"shipping-taxable","13":"product-type-simple","14":"entry","15":"content-bg","16":"loop-entry"},"taxonomy_info":{"product_cat":[{"value":1302,"label":"Chaises"}],"product_tag":[{"value":1365,"label":"BARCELONA"}]},"featured_image_src_large":["https:\/\/www.avenuedesigncanada.com\/wp-content\/uploads\/2024\/04\/329542_103-1024x1024.jpg",1024,1024,true],"author_info":[],"comment_info":"","_links":{"self":[{"href":"https:\/\/www.avenuedesigncanada.com\/fr\/wp-json\/wp\/v2\/product\/296617","targetHints":{"allow":["GET"]}}],"collection":[{"href":"https:\/\/www.avenuedesigncanada.com\/fr\/wp-json\/wp\/v2\/product"}],"about":[{"href":"https:\/\/www.avenuedesigncanada.com\/fr\/wp-json\/wp\/v2\/types\/product"}],"wp:featuredmedia":[{"embeddable":true,"href":"https:\/\/www.avenuedesigncanada.com\/fr\/wp-json\/wp\/v2\/media\/296623"}],"wp:attachment":[{"href":"https:\/\/www.avenuedesigncanada.com\/fr\/wp-json\/wp\/v2\/media?parent=296617"}],"wp:term":[{"taxonomy":"product_brand","embeddable":true,"href":"https:\/\/www.avenuedesigncanada.com\/fr\/wp-json\/wp\/v2\/product_brand?post=296617"},{"taxonomy":"product_cat","embeddable":true,"href":"https:\/\/www.avenuedesigncanada.com\/fr\/wp-json\/wp\/v2\/product_cat?post=296617"},{"taxonomy":"product_tag","embeddable":true,"href":"https:\/\/www.avenuedesigncanada.com\/fr\/wp-json\/wp\/v2\/product_tag?post=296617"}],"curies":[{"name":"wp","href":"https:\/\/api.w.org\/{rel}","templated":true}]}}