{"id":296635,"date":"2024-04-11T11:36:30","date_gmt":"2024-04-11T15:36:30","guid":{"rendered":"https:\/\/www.avenuedesigncanada.com\/?post_type=product&#038;p=296635"},"modified":"2026-02-12T10:47:34","modified_gmt":"2026-02-12T15:47:34","slug":"chaise-a-bras-sereno-copy","status":"publish","type":"product","link":"https:\/\/www.avenuedesigncanada.com\/fr\/product\/chaise-a-bras-sereno-copy\/","title":{"rendered":"Chaise \u00e0 bras Sereno"},"content":{"rendered":"<p><em>Les caract\u00e9ristiques de la chaise \u00e0 bras Sereno:<\/em><\/p>\n<p>Rembourr\u00e9 avec rebord d&rsquo;assise et pieds en bois apparents en finition Lutra.<\/p>\n<p>Patins<\/p>\n<p>Tissu: B117<\/p>\n<p>Options<\/p>\n<p>\u00c9galement disponible dans d&rsquo;autres tissus, voir 329X48.<\/p>\n<p>Vous avez des questions sur ce produit ? Nos concepteurs sont l\u00e0 pour vous aider. Appelez-nous au (514) 340-9351  <\/p>\n","protected":false},"excerpt":{"rendered":"<p>Le fauteuil Sereno offre des formes simplement arrondies pour le dossier, les accoudoirs et de son assise rembourr\u00e9s. La base de l&rsquo;assise ronde en bois est compl\u00e9t\u00e9e par les lignes des pieds, le tout en finition Lutra. Le look est \u00e0 la fois d\u00e9contract\u00e9 et moderne, \u00e9l\u00e9gant et sobre.<\/p>\n<p>&nbsp;<\/p>\n","protected":false},"featured_media":296641,"template":"","meta":{"_kad_blocks_custom_css":"","_kad_blocks_head_custom_js":"","_kad_blocks_body_custom_js":"","_kad_blocks_footer_custom_js":"","_kad_post_transparent":"","_kad_post_title":"","_kad_post_layout":"","_kad_post_sidebar_id":"","_kad_post_content_style":"","_kad_post_vertical_padding":"","_kad_post_feature":"","_kad_post_feature_position":"","_kad_post_header":false,"_kad_post_footer":false,"_kad_post_classname":""},"product_brand":[],"product_cat":[1302],"product_tag":[1851],"class_list":{"0":"post-296635","1":"product","2":"type-product","3":"status-publish","4":"has-post-thumbnail","6":"product_cat-chaises","7":"product_tag-barcelona-fr","9":"first","10":"instock","11":"taxable","12":"shipping-taxable","13":"product-type-simple","14":"entry","15":"content-bg","16":"loop-entry"},"taxonomy_info":{"product_cat":[{"value":1302,"label":"Chaises"}],"product_tag":[{"value":1851,"label":"BARCELONA"}]},"featured_image_src_large":["https:\/\/www.avenuedesigncanada.com\/wp-content\/uploads\/2024\/04\/329548_103-1024x1024.jpg",1024,1024,true],"author_info":[],"comment_info":"","_links":{"self":[{"href":"https:\/\/www.avenuedesigncanada.com\/fr\/wp-json\/wp\/v2\/product\/296635","targetHints":{"allow":["GET"]}}],"collection":[{"href":"https:\/\/www.avenuedesigncanada.com\/fr\/wp-json\/wp\/v2\/product"}],"about":[{"href":"https:\/\/www.avenuedesigncanada.com\/fr\/wp-json\/wp\/v2\/types\/product"}],"wp:featuredmedia":[{"embeddable":true,"href":"https:\/\/www.avenuedesigncanada.com\/fr\/wp-json\/wp\/v2\/media\/296641"}],"wp:attachment":[{"href":"https:\/\/www.avenuedesigncanada.com\/fr\/wp-json\/wp\/v2\/media?parent=296635"}],"wp:term":[{"taxonomy":"product_brand","embeddable":true,"href":"https:\/\/www.avenuedesigncanada.com\/fr\/wp-json\/wp\/v2\/product_brand?post=296635"},{"taxonomy":"product_cat","embeddable":true,"href":"https:\/\/www.avenuedesigncanada.com\/fr\/wp-json\/wp\/v2\/product_cat?post=296635"},{"taxonomy":"product_tag","embeddable":true,"href":"https:\/\/www.avenuedesigncanada.com\/fr\/wp-json\/wp\/v2\/product_tag?post=296635"}],"curies":[{"name":"wp","href":"https:\/\/api.w.org\/{rel}","templated":true}]}}