{"id":296649,"date":"2024-01-11T11:53:37","date_gmt":"2024-01-11T16:53:37","guid":{"rendered":"https:\/\/www.avenuedesigncanada.com\/?post_type=product&#038;p=296649"},"modified":"2026-02-12T10:47:36","modified_gmt":"2026-02-12T15:47:36","slug":"chaise-a-bras-sereno-copy-2","status":"publish","type":"product","link":"https:\/\/www.avenuedesigncanada.com\/fr\/product\/chaise-a-bras-sereno-copy-2\/","title":{"rendered":"Buffet Sereno"},"content":{"rendered":"<p><em>Le buffet Sereno pr\u00e9sente les caract\u00e9ristiques suivantes :<\/em><br \/>\nCaisse en bois de noyer en finition Lutra avec portes et fa\u00e7ades de tiroirs en travertin argent\u00e9 sur des pieds en r\u00e9sine moul\u00e9e en finition Lutra Faux Stone<br \/>\nTrois tiroirs \u00e0 ouverture par pression avec un insert argent\u00e9 et deux tampons enveloppants<br \/>\nDerri\u00e8re deux portes \u00e0 fermeture progressive par pression se trouvent deux \u00e9tag\u00e8res r\u00e9glables, des \u00e9vents et un trou pour passe-partout couvert<br \/>\nLes fa\u00e7ades en travertin argent\u00e9 sont d\u00e9coup\u00e9es dans un seul panneau de pierre, ce qui rend chaque buffet unique<br \/>\nCon\u00e7u pour \u00eatre utilis\u00e9 avec un t\u00e9l\u00e9viseur et\/ou d&rsquo;autres supports<br \/>\nPatins r\u00e9glables<br \/>\nKit anti-basculement inclus<br \/>\nLes sp\u00e9cifications peuvent \u00eatre modifi\u00e9es sans pr\u00e9avis.<\/p>\n<p>Vous avez des questions sur ce produit ? Nos concepteurs sont l\u00e0 pour vous aider. Appelez-nous au (514) 340-9351  <\/p>\n","protected":false},"excerpt":{"rendered":"<p>La beaut\u00e9 lumineuse de la pierre et la texture du bois sont magnifiquement \u00e9quilibr\u00e9es dans le buffet Sereno. Le plateau et les c\u00f4t\u00e9s sont en noyer avec une finition Lutra, tandis que trois tiroirs \u00e0 gauche et deux portes \u00e0 droite brillent dans des fa\u00e7ades en travertin argent\u00e9. Le design organique moderne est fini avec deux pieds en r\u00e9sine moul\u00e9e avec une texture de fausse pierre.<\/p>\n","protected":false},"featured_media":296661,"template":"","meta":{"_kad_blocks_custom_css":"","_kad_blocks_head_custom_js":"","_kad_blocks_body_custom_js":"","_kad_blocks_footer_custom_js":"","_kad_post_transparent":"","_kad_post_title":"","_kad_post_layout":"","_kad_post_sidebar_id":"","_kad_post_content_style":"","_kad_post_vertical_padding":"","_kad_post_feature":"","_kad_post_feature_position":"","_kad_post_header":false,"_kad_post_footer":false,"_kad_post_classname":""},"product_brand":[],"product_cat":[1303],"product_tag":[1844],"class_list":{"0":"post-296649","1":"product","2":"type-product","3":"status-publish","4":"has-post-thumbnail","6":"product_cat-buffets","7":"product_tag-barcelona-cg-fr-2","9":"first","10":"instock","11":"taxable","12":"shipping-taxable","13":"product-type-simple","14":"entry","15":"content-bg","16":"loop-entry"},"taxonomy_info":{"product_cat":[{"value":1303,"label":"Buffets"}],"product_tag":[{"value":1844,"label":"BARCELONA - CG"}]},"featured_image_src_large":["https:\/\/www.avenuedesigncanada.com\/wp-content\/uploads\/2024\/04\/329132_102-1024x1024.jpg",1024,1024,true],"author_info":[],"comment_info":"","_links":{"self":[{"href":"https:\/\/www.avenuedesigncanada.com\/fr\/wp-json\/wp\/v2\/product\/296649","targetHints":{"allow":["GET"]}}],"collection":[{"href":"https:\/\/www.avenuedesigncanada.com\/fr\/wp-json\/wp\/v2\/product"}],"about":[{"href":"https:\/\/www.avenuedesigncanada.com\/fr\/wp-json\/wp\/v2\/types\/product"}],"wp:featuredmedia":[{"embeddable":true,"href":"https:\/\/www.avenuedesigncanada.com\/fr\/wp-json\/wp\/v2\/media\/296661"}],"wp:attachment":[{"href":"https:\/\/www.avenuedesigncanada.com\/fr\/wp-json\/wp\/v2\/media?parent=296649"}],"wp:term":[{"taxonomy":"product_brand","embeddable":true,"href":"https:\/\/www.avenuedesigncanada.com\/fr\/wp-json\/wp\/v2\/product_brand?post=296649"},{"taxonomy":"product_cat","embeddable":true,"href":"https:\/\/www.avenuedesigncanada.com\/fr\/wp-json\/wp\/v2\/product_cat?post=296649"},{"taxonomy":"product_tag","embeddable":true,"href":"https:\/\/www.avenuedesigncanada.com\/fr\/wp-json\/wp\/v2\/product_tag?post=296649"}],"curies":[{"name":"wp","href":"https:\/\/api.w.org\/{rel}","templated":true}]}}