{"id":296667,"date":"2024-04-11T12:10:49","date_gmt":"2024-04-11T16:10:49","guid":{"rendered":"https:\/\/www.avenuedesigncanada.com\/?post_type=product&#038;p=296667"},"modified":"2026-02-12T10:47:36","modified_gmt":"2026-02-12T15:47:36","slug":"buffet-sereno-copy","status":"publish","type":"product","link":"https:\/\/www.avenuedesigncanada.com\/fr\/product\/buffet-sereno-copy\/","title":{"rendered":"Buffet Sereno"},"content":{"rendered":"<p><em>Les caract\u00e9ristiques du buffet Sereno:<\/em><\/p>\n<p>Caisson en bois de noyer en finition Lutra sur des pieds en r\u00e9sine moul\u00e9e en finition fausse pierre Lutra<\/p>\n<p>Trois portes \u00e0 ouverture par pression et fermeture douce avec fa\u00e7ades en m\u00e9tal textur\u00e9 en finition Fuso<\/p>\n<p>Derri\u00e8re les portes de gauche et du centre se trouvent une tablette fixe et un tiroir.<\/p>\n<p>Insert pour l&rsquo;argenterie et plateau en tissu inclus<\/p>\n<p>Derri\u00e8re la porte de droite se trouvent deux tablettes ajustables, des \u00e9vents et un passe-fil couvert.<\/p>\n<p>Patins ajustables<\/p>\n<p>Kit anti-bascule<\/p>\n<p>Vous avez des questions sur ce produit ? Nos concepteurs sont l\u00e0 pour vous aider. Appelez-nous au (514) 340-9351  <\/p>\n","protected":false},"excerpt":{"rendered":"<p>La fonte d&rsquo;aluminium rustique offre un int\u00e9r\u00eat visuel et une texture dimensionnelle sur le buffet Sereno. Les c\u00f4t\u00e9s et le dessus sont en noyer, finition Lutra, et les fa\u00e7ades en m\u00e9tal sont pr\u00e9sent\u00e9es sur trois portes \u00e0 ouverture par pression. Les pieds ajour\u00e9s en r\u00e9sine moul\u00e9e ont une texture en fausse pierre dans la finition Lutra. Les rangements comprennent des tablettes fixes et ajustables et deux tiroirs.<\/p>\n","protected":false},"featured_media":296679,"template":"","meta":{"_kad_blocks_custom_css":"","_kad_blocks_head_custom_js":"","_kad_blocks_body_custom_js":"","_kad_blocks_footer_custom_js":"","_kad_post_transparent":"","_kad_post_title":"","_kad_post_layout":"","_kad_post_sidebar_id":"","_kad_post_content_style":"","_kad_post_vertical_padding":"","_kad_post_feature":"","_kad_post_feature_position":"","_kad_post_header":false,"_kad_post_footer":false,"_kad_post_classname":""},"product_brand":[],"product_cat":[1303],"product_tag":[1844],"class_list":{"0":"post-296667","1":"product","2":"type-product","3":"status-publish","4":"has-post-thumbnail","6":"product_cat-buffets","7":"product_tag-barcelona-cg-fr-2","9":"first","10":"instock","11":"taxable","12":"shipping-taxable","13":"product-type-simple","14":"entry","15":"content-bg","16":"loop-entry"},"taxonomy_info":{"product_cat":[{"value":1303,"label":"Buffets"}],"product_tag":[{"value":1844,"label":"BARCELONA - CG"}]},"featured_image_src_large":["https:\/\/www.avenuedesigncanada.com\/wp-content\/uploads\/2024\/04\/329136_102-1024x1024.jpg",1024,1024,true],"author_info":[],"comment_info":"","_links":{"self":[{"href":"https:\/\/www.avenuedesigncanada.com\/fr\/wp-json\/wp\/v2\/product\/296667","targetHints":{"allow":["GET"]}}],"collection":[{"href":"https:\/\/www.avenuedesigncanada.com\/fr\/wp-json\/wp\/v2\/product"}],"about":[{"href":"https:\/\/www.avenuedesigncanada.com\/fr\/wp-json\/wp\/v2\/types\/product"}],"wp:featuredmedia":[{"embeddable":true,"href":"https:\/\/www.avenuedesigncanada.com\/fr\/wp-json\/wp\/v2\/media\/296679"}],"wp:attachment":[{"href":"https:\/\/www.avenuedesigncanada.com\/fr\/wp-json\/wp\/v2\/media?parent=296667"}],"wp:term":[{"taxonomy":"product_brand","embeddable":true,"href":"https:\/\/www.avenuedesigncanada.com\/fr\/wp-json\/wp\/v2\/product_brand?post=296667"},{"taxonomy":"product_cat","embeddable":true,"href":"https:\/\/www.avenuedesigncanada.com\/fr\/wp-json\/wp\/v2\/product_cat?post=296667"},{"taxonomy":"product_tag","embeddable":true,"href":"https:\/\/www.avenuedesigncanada.com\/fr\/wp-json\/wp\/v2\/product_tag?post=296667"}],"curies":[{"name":"wp","href":"https:\/\/api.w.org\/{rel}","templated":true}]}}