{"id":296708,"date":"2024-04-11T13:20:51","date_gmt":"2024-04-11T17:20:51","guid":{"rendered":"https:\/\/www.avenuedesigncanada.com\/?post_type=product&#038;p=296708"},"modified":"2026-02-12T10:47:36","modified_gmt":"2026-02-12T15:47:36","slug":"pouf-sereno-copy","status":"publish","type":"product","link":"https:\/\/www.avenuedesigncanada.com\/fr\/product\/pouf-sereno-copy\/","title":{"rendered":"Banc Sereno"},"content":{"rendered":"<p><em>Les caract\u00e9ristiques du pouf Sereno:<\/em><\/p>\n<p>Si\u00e8ge rembourr\u00e9 sur des panneaux de support en r\u00e9sine moul\u00e9e avec un aspect bois textur\u00e9 en finition Lutra et un brancard en acier inoxydable bross\u00e9 en finition Nickel<br \/>\nLe brancard se prolonge au-del\u00e0 des panneaux de base<br \/>\nTissu : B114<br \/>\nPatins \u00e0 d\u00f4me blanc<\/p>\n<p>Options<br \/>\n\u00c9galement disponible dans d&rsquo;autres tissus, voir 329X08<\/p>\n<p><span style=\"font-weight: 400;\">Avez-vous des questions \u00e0 propos de ce produit ?<br \/>\n<\/span><span style=\"font-weight: 400;\">Nos designers sont l\u00e0 pour vous aider.<\/span>  Appelez-nous au (514) 340-9351<\/p>\n<p>&nbsp;<\/p>\n","protected":false},"excerpt":{"rendered":"<p>Le banc Sereno pr\u00e9sente une texture moderne avec un plateau rembourr\u00e9 aux coins doucement arrondis. Les panneaux de support en r\u00e9sine moul\u00e9e ont un aspect bois textur\u00e9 dans la finition Lutra. Un tendeur en acier inoxydable bross\u00e9, finition Nickel, perce les panneaux lat\u00e9raux pour un style moderne.<\/p>\n<p>&nbsp;<\/p>\n","protected":false},"featured_media":296716,"template":"","meta":{"_kad_blocks_custom_css":"","_kad_blocks_head_custom_js":"","_kad_blocks_body_custom_js":"","_kad_blocks_footer_custom_js":"","_kad_post_transparent":"default","_kad_post_title":"","_kad_post_layout":"default","_kad_post_sidebar_id":"","_kad_post_content_style":"default","_kad_post_vertical_padding":"default","_kad_post_feature":"","_kad_post_feature_position":"","_kad_post_header":false,"_kad_post_footer":false,"_kad_post_classname":""},"product_brand":[],"product_cat":[1297,1318],"product_tag":[1851],"class_list":{"0":"post-296708","1":"product","2":"type-product","3":"status-publish","4":"has-post-thumbnail","6":"product_cat-bancs","7":"product_cat-bancs-2","8":"product_tag-barcelona-fr","10":"first","11":"instock","12":"taxable","13":"shipping-taxable","14":"product-type-simple","15":"entry","16":"content-bg","17":"loop-entry"},"taxonomy_info":{"product_cat":[{"value":1297,"label":"Bancs"},{"value":1318,"label":"Bancs"}],"product_tag":[{"value":1851,"label":"BARCELONA"}]},"featured_image_src_large":["https:\/\/www.avenuedesigncanada.com\/wp-content\/uploads\/2024\/04\/329508_102-1024x1024.jpg",1024,1024,true],"author_info":[],"comment_info":"","_links":{"self":[{"href":"https:\/\/www.avenuedesigncanada.com\/fr\/wp-json\/wp\/v2\/product\/296708","targetHints":{"allow":["GET"]}}],"collection":[{"href":"https:\/\/www.avenuedesigncanada.com\/fr\/wp-json\/wp\/v2\/product"}],"about":[{"href":"https:\/\/www.avenuedesigncanada.com\/fr\/wp-json\/wp\/v2\/types\/product"}],"wp:featuredmedia":[{"embeddable":true,"href":"https:\/\/www.avenuedesigncanada.com\/fr\/wp-json\/wp\/v2\/media\/296716"}],"wp:attachment":[{"href":"https:\/\/www.avenuedesigncanada.com\/fr\/wp-json\/wp\/v2\/media?parent=296708"}],"wp:term":[{"taxonomy":"product_brand","embeddable":true,"href":"https:\/\/www.avenuedesigncanada.com\/fr\/wp-json\/wp\/v2\/product_brand?post=296708"},{"taxonomy":"product_cat","embeddable":true,"href":"https:\/\/www.avenuedesigncanada.com\/fr\/wp-json\/wp\/v2\/product_cat?post=296708"},{"taxonomy":"product_tag","embeddable":true,"href":"https:\/\/www.avenuedesigncanada.com\/fr\/wp-json\/wp\/v2\/product_tag?post=296708"}],"curies":[{"name":"wp","href":"https:\/\/api.w.org\/{rel}","templated":true}]}}