{"id":296725,"date":"2024-04-11T13:33:52","date_gmt":"2024-04-11T17:33:52","guid":{"rendered":"https:\/\/www.avenuedesigncanada.com\/?post_type=product&#038;p=296725"},"modified":"2026-02-12T10:47:37","modified_gmt":"2026-02-12T15:47:37","slug":"banc-sereno-copy","status":"publish","type":"product","link":"https:\/\/www.avenuedesigncanada.com\/fr\/product\/banc-sereno-copy\/","title":{"rendered":"Table \u00e0 caf\u00e9 Sereno"},"content":{"rendered":"","protected":false},"excerpt":{"rendered":"<p><em><strong>Les caract\u00e9ristiques de la table \u00e0 caf\u00e9 Sereno:<\/strong><\/em><\/p>\n<p>Bois massif et placage de ch\u00eane en finition Grigio avec plateau en pierre travertin argent\u00e9e.<\/p>\n<p>La base est divis\u00e9e par une partition, ce qui permet de cr\u00e9er des tablettes s\u00e9par\u00e9es.<\/p>\n<p>Roulettes \u00e0 capot<\/p>\n<p><strong>Options<\/strong><\/p>\n<p>Egalement disponible dans d&rsquo;autres tissus, voir 329X08<\/p>\n<p>La table \u00e0 caf\u00e9 Sereno est dot\u00e9e d&rsquo;une base en bois compartiment\u00e9e qui offre un rangement ouvert dans une finition Grigio textur\u00e9e. Les panneaux centraux s&rsquo;\u00e9l\u00e8vent pour soutenir et croiser le plateau en pierre travertin argent\u00e9e. Le r\u00e9sultat est une perspective nouvelle sur le design rustique moderne.<\/p>\n<p>&nbsp;<\/p>\n","protected":false},"featured_media":296735,"template":"","meta":{"_kad_blocks_custom_css":"","_kad_blocks_head_custom_js":"","_kad_blocks_body_custom_js":"","_kad_blocks_footer_custom_js":"","_kad_post_transparent":"","_kad_post_title":"","_kad_post_layout":"","_kad_post_sidebar_id":"","_kad_post_content_style":"","_kad_post_vertical_padding":"","_kad_post_feature":"","_kad_post_feature_position":"","_kad_post_header":false,"_kad_post_footer":false,"_kad_post_classname":""},"product_brand":[],"product_cat":[1327],"product_tag":[1844],"class_list":{"0":"post-296725","1":"product","2":"type-product","3":"status-publish","4":"has-post-thumbnail","6":"product_cat-salon-tables-a-cafe","7":"product_tag-barcelona-cg-fr-2","9":"first","10":"instock","11":"taxable","12":"shipping-taxable","13":"product-type-simple","14":"entry","15":"content-bg","16":"loop-entry"},"taxonomy_info":{"product_cat":[{"value":1327,"label":"Tables \u00e0 caf\u00e9"}],"product_tag":[{"value":1844,"label":"BARCELONA - CG"}]},"featured_image_src_large":["https:\/\/www.avenuedesigncanada.com\/wp-content\/uploads\/2024\/04\/329014-1024x1024.jpg",1024,1024,true],"author_info":[],"comment_info":"","_links":{"self":[{"href":"https:\/\/www.avenuedesigncanada.com\/fr\/wp-json\/wp\/v2\/product\/296725","targetHints":{"allow":["GET"]}}],"collection":[{"href":"https:\/\/www.avenuedesigncanada.com\/fr\/wp-json\/wp\/v2\/product"}],"about":[{"href":"https:\/\/www.avenuedesigncanada.com\/fr\/wp-json\/wp\/v2\/types\/product"}],"wp:featuredmedia":[{"embeddable":true,"href":"https:\/\/www.avenuedesigncanada.com\/fr\/wp-json\/wp\/v2\/media\/296735"}],"wp:attachment":[{"href":"https:\/\/www.avenuedesigncanada.com\/fr\/wp-json\/wp\/v2\/media?parent=296725"}],"wp:term":[{"taxonomy":"product_brand","embeddable":true,"href":"https:\/\/www.avenuedesigncanada.com\/fr\/wp-json\/wp\/v2\/product_brand?post=296725"},{"taxonomy":"product_cat","embeddable":true,"href":"https:\/\/www.avenuedesigncanada.com\/fr\/wp-json\/wp\/v2\/product_cat?post=296725"},{"taxonomy":"product_tag","embeddable":true,"href":"https:\/\/www.avenuedesigncanada.com\/fr\/wp-json\/wp\/v2\/product_tag?post=296725"}],"curies":[{"name":"wp","href":"https:\/\/api.w.org\/{rel}","templated":true}]}}