{"id":363413,"date":"2025-03-24T11:19:31","date_gmt":"2025-03-24T15:19:31","guid":{"rendered":"https:\/\/www.avenuedesigncanada.com\/?post_type=product&#038;p=363413"},"modified":"2026-02-12T10:47:39","modified_gmt":"2026-02-12T15:47:39","slug":"canape-odessa-copy-3","status":"publish","type":"product","link":"https:\/\/www.avenuedesigncanada.com\/fr\/product\/canape-odessa-copy-3\/","title":{"rendered":"Canap\u00e9 Coleman"},"content":{"rendered":"<p><em>Le canap\u00e9 Coleman pr\u00e9sente les caract\u00e9ristiques suivantes :<\/em><br \/>\nCoussins de dossier en poly\/duvet<br \/>\nCoussins de si\u00e8ge en mousse\/duvet<br \/>\nBase et pieds en bois<br \/>\nStructure en bois dur<br \/>\nFabrication canadienne<\/p>\n<p>Options :<br \/>\nChoix de tissu ou de cuir<br \/>\nChoix de couleur de bois<br \/>\n\u00c9galement disponible comme canap\u00e9 d&rsquo;appartement, si\u00e8ge d&rsquo;amour ou chaise<\/p>\n<p>Vous avez des questions au sujet de ce produit ?<br \/>\nNos designers sont l\u00e0 pour vous aider.<br \/>\nAppelez-nous au (514) 340-9351<\/p>\n","protected":false},"excerpt":{"rendered":"<p>D\u00e9couvrez le Coleman, un canap\u00e9 de transition qui allie harmonieusement un design contemporain et classique. Sa base en bois ajoute une touche de chaleur et de sophistication, tandis que son rembourrage en peluche assure un confort ultime. Le Coleman est une pi\u00e8ce polyvalente qui peut facilement s&rsquo;int\u00e9grer \u00e0 n&rsquo;importe quel style de d\u00e9coration. Ses lignes \u00e9pur\u00e9es et son rembourrage neutre en font un ajout intemporel \u00e0 votre espace de vie. Avec le Coleman, vous profiterez du style et du confort pendant des ann\u00e9es.    <\/p>\n","protected":false},"featured_media":410899,"template":"","meta":{"_kad_blocks_custom_css":"","_kad_blocks_head_custom_js":"","_kad_blocks_body_custom_js":"","_kad_blocks_footer_custom_js":"","_kad_post_transparent":"","_kad_post_title":"","_kad_post_layout":"","_kad_post_sidebar_id":"","_kad_post_content_style":"","_kad_post_vertical_padding":"","_kad_post_feature":"","_kad_post_feature_position":"","_kad_post_header":false,"_kad_post_footer":false,"_kad_post_classname":""},"product_brand":[],"product_cat":[1966,1331],"product_tag":[1371],"class_list":{"0":"post-363413","1":"product","2":"type-product","3":"status-publish","4":"has-post-thumbnail","6":"product_cat-canape-sur-mesure","7":"product_cat-canapes-haut-de-gamme","8":"product_tag-hkhaju-fr","10":"first","11":"instock","12":"product-type-simple","13":"entry","14":"content-bg","15":"loop-entry"},"taxonomy_info":{"product_cat":[{"value":1966,"label":"Canap\u00e9 sur mesure"},{"value":1331,"label":"Canap\u00e9s"}],"product_tag":[{"value":1371,"label":"HKHAJU"}]},"featured_image_src_large":["https:\/\/www.avenuedesigncanada.com\/wp-content\/uploads\/2025\/03\/coleman-1-1024x1024.png",1024,1024,true],"author_info":[],"comment_info":"","_links":{"self":[{"href":"https:\/\/www.avenuedesigncanada.com\/fr\/wp-json\/wp\/v2\/product\/363413","targetHints":{"allow":["GET"]}}],"collection":[{"href":"https:\/\/www.avenuedesigncanada.com\/fr\/wp-json\/wp\/v2\/product"}],"about":[{"href":"https:\/\/www.avenuedesigncanada.com\/fr\/wp-json\/wp\/v2\/types\/product"}],"wp:featuredmedia":[{"embeddable":true,"href":"https:\/\/www.avenuedesigncanada.com\/fr\/wp-json\/wp\/v2\/media\/410899"}],"wp:attachment":[{"href":"https:\/\/www.avenuedesigncanada.com\/fr\/wp-json\/wp\/v2\/media?parent=363413"}],"wp:term":[{"taxonomy":"product_brand","embeddable":true,"href":"https:\/\/www.avenuedesigncanada.com\/fr\/wp-json\/wp\/v2\/product_brand?post=363413"},{"taxonomy":"product_cat","embeddable":true,"href":"https:\/\/www.avenuedesigncanada.com\/fr\/wp-json\/wp\/v2\/product_cat?post=363413"},{"taxonomy":"product_tag","embeddable":true,"href":"https:\/\/www.avenuedesigncanada.com\/fr\/wp-json\/wp\/v2\/product_tag?post=363413"}],"curies":[{"name":"wp","href":"https:\/\/api.w.org\/{rel}","templated":true}]}}