{"id":363423,"date":"2025-03-24T11:46:12","date_gmt":"2025-03-24T15:46:12","guid":{"rendered":"https:\/\/www.avenuedesigncanada.com\/?post_type=product&#038;p=363423"},"modified":"2026-02-12T10:47:39","modified_gmt":"2026-02-12T15:47:39","slug":"canape-celine-copy","status":"publish","type":"product","link":"https:\/\/www.avenuedesigncanada.com\/fr\/product\/canape-celine-copy\/","title":{"rendered":"Canap\u00e9 Empire"},"content":{"rendered":"<p><span style=\"font-weight: 400;\">Avez-vous des questions \u00e0 propos de ce produit ?<\/p>\n<p><\/span><span style=\"font-weight: 400;\">Nos designers sont l\u00e0 pour vous aider.<\/span> <span style=\"font-weight: 400;\">Appelez-nous au (514) 340-9351<\/span><\/p>\n","protected":false},"excerpt":{"rendered":"<p>Voici Empire, un chef-d&rsquo;\u0153uvre de section moderne con\u00e7u pour le confort et le style. Avec son assise et son dossier \u00e9troits et \u00e9l\u00e9gants, Empire affiche une silhouette sophistiqu\u00e9e qui s&rsquo;harmonise avec tout espace contemporain. Les pi\u00e8ces sont m\u00e9ticuleusement fabriqu\u00e9es et pr\u00e9sentent de magnifiques courbes qui ajoutent une touche d&rsquo;\u00e9l\u00e9gance \u00e0 votre espace de vie. Ce sectionnel offre non seulement un confort exceptionnel mais aussi une d\u00e9claration de go\u00fbt raffin\u00e9, ce qui en fait le choix parfait pour ceux qui appr\u00e9cient \u00e0 la fois le luxe et l&rsquo;esth\u00e9tique moderne.   <\/p>\n","protected":false},"featured_media":410928,"template":"","meta":{"_kad_blocks_custom_css":"","_kad_blocks_head_custom_js":"","_kad_blocks_body_custom_js":"","_kad_blocks_footer_custom_js":"","_kad_post_transparent":"","_kad_post_title":"","_kad_post_layout":"","_kad_post_sidebar_id":"","_kad_post_content_style":"","_kad_post_vertical_padding":"","_kad_post_feature":"","_kad_post_feature_position":"","_kad_post_header":false,"_kad_post_footer":false,"_kad_post_classname":""},"product_brand":[],"product_cat":[1966,1331],"product_tag":[1371],"class_list":{"0":"post-363423","1":"product","2":"type-product","3":"status-publish","4":"has-post-thumbnail","6":"product_cat-canape-sur-mesure","7":"product_cat-canapes-haut-de-gamme","8":"product_tag-hkhaju-fr","10":"first","11":"instock","12":"product-type-simple","13":"entry","14":"content-bg","15":"loop-entry"},"taxonomy_info":{"product_cat":[{"value":1966,"label":"Canap\u00e9 sur mesure"},{"value":1331,"label":"Canap\u00e9s"}],"product_tag":[{"value":1371,"label":"HKHAJU"}]},"featured_image_src_large":["https:\/\/www.avenuedesigncanada.com\/wp-content\/uploads\/2026\/03\/empire-1024x1024.png",1024,1024,true],"author_info":[],"comment_info":"","_links":{"self":[{"href":"https:\/\/www.avenuedesigncanada.com\/fr\/wp-json\/wp\/v2\/product\/363423","targetHints":{"allow":["GET"]}}],"collection":[{"href":"https:\/\/www.avenuedesigncanada.com\/fr\/wp-json\/wp\/v2\/product"}],"about":[{"href":"https:\/\/www.avenuedesigncanada.com\/fr\/wp-json\/wp\/v2\/types\/product"}],"wp:featuredmedia":[{"embeddable":true,"href":"https:\/\/www.avenuedesigncanada.com\/fr\/wp-json\/wp\/v2\/media\/410928"}],"wp:attachment":[{"href":"https:\/\/www.avenuedesigncanada.com\/fr\/wp-json\/wp\/v2\/media?parent=363423"}],"wp:term":[{"taxonomy":"product_brand","embeddable":true,"href":"https:\/\/www.avenuedesigncanada.com\/fr\/wp-json\/wp\/v2\/product_brand?post=363423"},{"taxonomy":"product_cat","embeddable":true,"href":"https:\/\/www.avenuedesigncanada.com\/fr\/wp-json\/wp\/v2\/product_cat?post=363423"},{"taxonomy":"product_tag","embeddable":true,"href":"https:\/\/www.avenuedesigncanada.com\/fr\/wp-json\/wp\/v2\/product_tag?post=363423"}],"curies":[{"name":"wp","href":"https:\/\/api.w.org\/{rel}","templated":true}]}}