{"id":363520,"date":"2025-03-25T09:41:16","date_gmt":"2025-03-25T13:41:16","guid":{"rendered":"https:\/\/www.avenuedesigncanada.com\/?post_type=product&#038;p=363520"},"modified":"2026-02-12T10:47:40","modified_gmt":"2026-02-12T15:47:40","slug":"canape-coleman-copy","status":"publish","type":"product","link":"https:\/\/www.avenuedesigncanada.com\/fr\/product\/canape-coleman-copy\/","title":{"rendered":"Canap\u00e9 Kent"},"content":{"rendered":"<p><em>Le canap\u00e9 Kent pr\u00e9sente les caract\u00e9ristiques suivantes :<\/em><br \/>\nCoussins de dossier remplis de poly\/duvet<br \/>\nCoussins de si\u00e8ge recouverts d&rsquo;un m\u00e9lange de mousse et de duvet<br \/>\nPieds en bois<br \/>\nStructure en bois dur<br \/>\nFabrication canadienne<\/p>\n<p>Options :<br \/>\nChoix de tissu ou de cuir<br \/>\nChoix de couleur de bois<br \/>\n\u00c9galement disponible en tant que canap\u00e9 plus, canap\u00e9 d&rsquo;appartement, si\u00e8ge d&rsquo;amour, fauteuil et demi ou chaise<\/p>\n<p>Vous avez des questions au sujet de ce produit ?<br \/>\nNos designers sont l\u00e0 pour vous aider.<br \/>\nAppelez-nous au (514) 340-9351<\/p>\n","protected":false},"excerpt":{"rendered":"<p>La collection de canap\u00e9s Kent offre un m\u00e9lange harmonieux de design traditionnel et moderne, ce qui en fait une pi\u00e8ce ma\u00eetresse polyvalente pour tout espace de vie. Soulign\u00e9 par son style d&rsquo;accoudoirs distinctif, le Kent pr\u00e9sente des accoudoirs allong\u00e9s aux contours subtils qui ajoutent une touche sculpturale \u00e9l\u00e9gante. Rembourr\u00e9e dans des tissus de qualit\u00e9 sup\u00e9rieure ou des options en cuir de grain sup\u00e9rieur, la collection met l&rsquo;accent sur le confort et la sophistication. Avec ses coussins sur mesure, ses lignes \u00e9pur\u00e9es et sa silhouette intemporelle, la collection de canap\u00e9s Kent s&rsquo;int\u00e8gre \u00e0 une vari\u00e9t\u00e9 de styles de d\u00e9cor, du plus classique au plus contemporain. Disponible en plusieurs configurations, elle est parfaite pour cr\u00e9er une atmosph\u00e8re \u00e0 la fois confortable et raffin\u00e9e dans n&rsquo;importe quelle pi\u00e8ce.    <\/p>\n","protected":false},"featured_media":405054,"template":"","meta":{"_kad_blocks_custom_css":"","_kad_blocks_head_custom_js":"","_kad_blocks_body_custom_js":"","_kad_blocks_footer_custom_js":"","_kad_post_transparent":"","_kad_post_title":"","_kad_post_layout":"","_kad_post_sidebar_id":"","_kad_post_content_style":"","_kad_post_vertical_padding":"","_kad_post_feature":"","_kad_post_feature_position":"","_kad_post_header":false,"_kad_post_footer":false,"_kad_post_classname":""},"product_brand":[],"product_cat":[1966,1331],"product_tag":[1371],"class_list":{"0":"post-363520","1":"product","2":"type-product","3":"status-publish","4":"has-post-thumbnail","6":"product_cat-canape-sur-mesure","7":"product_cat-canapes-haut-de-gamme","8":"product_tag-hkhaju-fr","10":"first","11":"instock","12":"product-type-simple","13":"entry","14":"content-bg","15":"loop-entry"},"taxonomy_info":{"product_cat":[{"value":1966,"label":"Canap\u00e9 sur mesure"},{"value":1331,"label":"Canap\u00e9s"}],"product_tag":[{"value":1371,"label":"HKHAJU"}]},"featured_image_src_large":["https:\/\/www.avenuedesigncanada.com\/wp-content\/uploads\/2025\/04\/219-1024x1024.png",1024,1024,true],"author_info":[],"comment_info":"","_links":{"self":[{"href":"https:\/\/www.avenuedesigncanada.com\/fr\/wp-json\/wp\/v2\/product\/363520","targetHints":{"allow":["GET"]}}],"collection":[{"href":"https:\/\/www.avenuedesigncanada.com\/fr\/wp-json\/wp\/v2\/product"}],"about":[{"href":"https:\/\/www.avenuedesigncanada.com\/fr\/wp-json\/wp\/v2\/types\/product"}],"wp:featuredmedia":[{"embeddable":true,"href":"https:\/\/www.avenuedesigncanada.com\/fr\/wp-json\/wp\/v2\/media\/405054"}],"wp:attachment":[{"href":"https:\/\/www.avenuedesigncanada.com\/fr\/wp-json\/wp\/v2\/media?parent=363520"}],"wp:term":[{"taxonomy":"product_brand","embeddable":true,"href":"https:\/\/www.avenuedesigncanada.com\/fr\/wp-json\/wp\/v2\/product_brand?post=363520"},{"taxonomy":"product_cat","embeddable":true,"href":"https:\/\/www.avenuedesigncanada.com\/fr\/wp-json\/wp\/v2\/product_cat?post=363520"},{"taxonomy":"product_tag","embeddable":true,"href":"https:\/\/www.avenuedesigncanada.com\/fr\/wp-json\/wp\/v2\/product_tag?post=363520"}],"curies":[{"name":"wp","href":"https:\/\/api.w.org\/{rel}","templated":true}]}}