{"id":363597,"date":"2025-03-25T10:56:23","date_gmt":"2025-03-25T14:56:23","guid":{"rendered":"https:\/\/www.avenuedesigncanada.com\/?post_type=product&#038;p=363597"},"modified":"2026-02-12T10:47:42","modified_gmt":"2026-02-12T15:47:42","slug":"sectionnel-sabbia-copy-2","status":"publish","type":"product","link":"https:\/\/www.avenuedesigncanada.com\/fr\/product\/sectionnel-sabbia-copy-2\/","title":{"rendered":"Sectionnel Soho"},"content":{"rendered":"<p><em>Les caract\u00e9ristiques du sectionnel Soho:<\/em><\/p>\n<p>Des coussins de dossier en Poly\/Duvet<\/p>\n<p>Des coussins d\u2019assise en mousse recouverts de duvet<\/p>\n<p>Base en bois<\/p>\n<p>Une structure en bois massif<\/p>\n<p>Fait au Canada<\/p>\n<p>Options:<\/p>\n<p>Disponible dans une multitude de tissus ou de cuirs<\/p>\n<p>Disponible en diff\u00e9rentes configurations<\/p>\n<p>Avez-vous des questions \u00e0 propos de ce produit ?<\/p>\n<p>Nos designers sont l\u00e0 pour vous aider.<\/p>\n<p>Appelez-nous au (514) 340-9351<\/p>\n","protected":false},"excerpt":{"rendered":"<p>Voici le Soho, le summum du design moderne. Con\u00e7u pour la maison contemporaine, ce meuble innovant allie harmonieusement style et fonctionnalit\u00e9. Sa silhouette \u00e9l\u00e9gante et son rembourrage luxueux exhalent la sophistication, ce qui en fait le point de mire de tout espace de vie. Soho se distingue par ses tables basses int\u00e9gr\u00e9es, plac\u00e9es strat\u00e9giquement entre les sections, qui r\u00e9volutionnent la commodit\u00e9 et l&rsquo;esth\u00e9tique. Ces tables servent d&rsquo;accents chics tout en offrant des surfaces pratiques pour les objets de tous les jours, alliant sans effort la forme et la fonction. Avec Soho, l&rsquo;\u00e9l\u00e9gance rencontre la polyvalence, \u00e9levant l&rsquo;exp\u00e9rience de votre salon \u00e0 des niveaux in\u00e9gal\u00e9s, red\u00e9finissant la fa\u00e7on dont vous recevez, vous d\u00e9tendez et communiquez au c\u0153ur de votre maison.<\/p>\n<p>&nbsp;<\/p>\n","protected":false},"featured_media":363603,"template":"","meta":{"_kad_blocks_custom_css":"","_kad_blocks_head_custom_js":"","_kad_blocks_body_custom_js":"","_kad_blocks_footer_custom_js":"","_kad_post_transparent":"default","_kad_post_title":"","_kad_post_layout":"default","_kad_post_sidebar_id":"","_kad_post_content_style":"default","_kad_post_vertical_padding":"default","_kad_post_feature":"","_kad_post_feature_position":"","_kad_post_header":false,"_kad_post_footer":false,"_kad_post_classname":""},"product_brand":[],"product_cat":[1324,1967],"product_tag":[1371],"class_list":{"0":"post-363597","1":"product","2":"type-product","3":"status-publish","4":"has-post-thumbnail","6":"product_cat-meubles-modulaires","7":"product_cat-modulaire-sur-mesure","8":"product_tag-hkhaju-fr","10":"first","11":"instock","12":"product-type-simple","13":"entry","14":"content-bg","15":"loop-entry"},"taxonomy_info":{"product_cat":[{"value":1324,"label":"Meubles modulaires"},{"value":1967,"label":"modulaire sur mesure"}],"product_tag":[{"value":1371,"label":"HKHAJU"}]},"featured_image_src_large":["https:\/\/www.avenuedesigncanada.com\/wp-content\/uploads\/2025\/03\/Soho-sectional-1024x1024.jpg",1024,1024,true],"author_info":[],"comment_info":"","_links":{"self":[{"href":"https:\/\/www.avenuedesigncanada.com\/fr\/wp-json\/wp\/v2\/product\/363597","targetHints":{"allow":["GET"]}}],"collection":[{"href":"https:\/\/www.avenuedesigncanada.com\/fr\/wp-json\/wp\/v2\/product"}],"about":[{"href":"https:\/\/www.avenuedesigncanada.com\/fr\/wp-json\/wp\/v2\/types\/product"}],"wp:featuredmedia":[{"embeddable":true,"href":"https:\/\/www.avenuedesigncanada.com\/fr\/wp-json\/wp\/v2\/media\/363603"}],"wp:attachment":[{"href":"https:\/\/www.avenuedesigncanada.com\/fr\/wp-json\/wp\/v2\/media?parent=363597"}],"wp:term":[{"taxonomy":"product_brand","embeddable":true,"href":"https:\/\/www.avenuedesigncanada.com\/fr\/wp-json\/wp\/v2\/product_brand?post=363597"},{"taxonomy":"product_cat","embeddable":true,"href":"https:\/\/www.avenuedesigncanada.com\/fr\/wp-json\/wp\/v2\/product_cat?post=363597"},{"taxonomy":"product_tag","embeddable":true,"href":"https:\/\/www.avenuedesigncanada.com\/fr\/wp-json\/wp\/v2\/product_tag?post=363597"}],"curies":[{"name":"wp","href":"https:\/\/api.w.org\/{rel}","templated":true}]}}