{"id":363607,"date":"2025-03-25T11:15:29","date_gmt":"2025-03-25T15:15:29","guid":{"rendered":"https:\/\/www.avenuedesigncanada.com\/?post_type=product&#038;p=363607"},"modified":"2026-02-12T10:47:43","modified_gmt":"2026-02-12T15:47:43","slug":"sectionnel-lawrence-copy-2","status":"publish","type":"product","link":"https:\/\/www.avenuedesigncanada.com\/fr\/product\/sectionnel-lawrence-copy-2\/","title":{"rendered":"Sectionnel Lucid"},"content":{"rendered":"<p><em>Les caract\u00e9ristiques du sectionnel Lucid:<\/em><\/p>\n<p>Des coussins de dossier en Poly\/Duvet<\/p>\n<p>Des coussins d\u2019assise en mousse recouverts de duvet<\/p>\n<p>Pieds en bois<\/p>\n<p>Une structure en bois massif<\/p>\n<p>Fait au Canada<\/p>\n<p>Options:<\/p>\n<p>Disponible dans une multitude de tissus ou de cuirs<\/p>\n<p>Disponible en diff\u00e9rentes configurations<\/p>\n<p>Avez-vous des questions \u00e0 propos de ce produit ?<\/p>\n<p>Nos designers sont l\u00e0 pour vous aider. Appelez-nous au (514) 340-9351<\/p>\n","protected":false},"excerpt":{"rendered":"<p>Voici la collection de canap\u00e9s Lucid, o\u00f9 le design contemporain rencontre le confort ultime. Chaque pi\u00e8ce de cette collection \u00e9l\u00e9gante pr\u00e9sente un look moderne et \u00e9l\u00e9gant qui rehausse sans effort n&rsquo;importe quel espace de vie. Les doubles coussins de dossier offrent un soutien sup\u00e9rieur, tandis que les coussins d&rsquo;assise et de dossier en plumes offrent une exp\u00e9rience d&rsquo;assise luxueuse, vous enveloppant d&rsquo;une douceur moelleuse. Fabriqu\u00e9e avec une attention m\u00e9ticuleuse aux d\u00e9tails, la collection Lucid allie harmonieusement la forme et la fonction, ce qui en fait l&rsquo;ajout parfait \u00e0 toute maison. Rehaussez votre int\u00e9rieur avec l&rsquo;\u00e9l\u00e9gance raffin\u00e9e et le confort exceptionnel de la collection de canap\u00e9s Lucid.<\/p>\n<p>&nbsp;<\/p>\n","protected":false},"featured_media":405042,"template":"","meta":{"_kad_blocks_custom_css":"","_kad_blocks_head_custom_js":"","_kad_blocks_body_custom_js":"","_kad_blocks_footer_custom_js":"","_kad_post_transparent":"default","_kad_post_title":"","_kad_post_layout":"default","_kad_post_sidebar_id":"","_kad_post_content_style":"default","_kad_post_vertical_padding":"default","_kad_post_feature":"","_kad_post_feature_position":"","_kad_post_header":false,"_kad_post_footer":false,"_kad_post_classname":""},"product_brand":[],"product_cat":[1324,1967],"product_tag":[1371],"class_list":{"0":"post-363607","1":"product","2":"type-product","3":"status-publish","4":"has-post-thumbnail","6":"product_cat-meubles-modulaires","7":"product_cat-modulaire-sur-mesure","8":"product_tag-hkhaju-fr","10":"first","11":"instock","12":"product-type-simple","13":"entry","14":"content-bg","15":"loop-entry"},"taxonomy_info":{"product_cat":[{"value":1324,"label":"Meubles modulaires"},{"value":1967,"label":"modulaire sur mesure"}],"product_tag":[{"value":1371,"label":"HKHAJU"}]},"featured_image_src_large":["https:\/\/www.avenuedesigncanada.com\/wp-content\/uploads\/2025\/04\/213-1024x1024.png",1024,1024,true],"author_info":[],"comment_info":"","_links":{"self":[{"href":"https:\/\/www.avenuedesigncanada.com\/fr\/wp-json\/wp\/v2\/product\/363607","targetHints":{"allow":["GET"]}}],"collection":[{"href":"https:\/\/www.avenuedesigncanada.com\/fr\/wp-json\/wp\/v2\/product"}],"about":[{"href":"https:\/\/www.avenuedesigncanada.com\/fr\/wp-json\/wp\/v2\/types\/product"}],"wp:featuredmedia":[{"embeddable":true,"href":"https:\/\/www.avenuedesigncanada.com\/fr\/wp-json\/wp\/v2\/media\/405042"}],"wp:attachment":[{"href":"https:\/\/www.avenuedesigncanada.com\/fr\/wp-json\/wp\/v2\/media?parent=363607"}],"wp:term":[{"taxonomy":"product_brand","embeddable":true,"href":"https:\/\/www.avenuedesigncanada.com\/fr\/wp-json\/wp\/v2\/product_brand?post=363607"},{"taxonomy":"product_cat","embeddable":true,"href":"https:\/\/www.avenuedesigncanada.com\/fr\/wp-json\/wp\/v2\/product_cat?post=363607"},{"taxonomy":"product_tag","embeddable":true,"href":"https:\/\/www.avenuedesigncanada.com\/fr\/wp-json\/wp\/v2\/product_tag?post=363607"}],"curies":[{"name":"wp","href":"https:\/\/api.w.org\/{rel}","templated":true}]}}