{"id":363615,"date":"2025-03-25T11:29:50","date_gmt":"2025-03-25T15:29:50","guid":{"rendered":"https:\/\/www.avenuedesigncanada.com\/?post_type=product&#038;p=363615"},"modified":"2026-02-12T10:47:44","modified_gmt":"2026-02-12T15:47:44","slug":"sectionnel-soho-copy","status":"publish","type":"product","link":"https:\/\/www.avenuedesigncanada.com\/fr\/product\/sectionnel-soho-copy\/","title":{"rendered":"Sectionnel Aldo"},"content":{"rendered":"<p><em>Les caract\u00e9ristiques du sectionnel Aldo:<\/em><\/p>\n<p>Des coussins de dossier en Poly\/Duvet<\/p>\n<p>Assise attach\u00e9e en mousse m\u00e9moire<\/p>\n<p>Base en bois<\/p>\n<p>Une structure en bois massif<\/p>\n<p>Fait au Canada<\/p>\n<p>Options:<\/p>\n<p>Disponible dans une multitude de tissus ou de cuirs<\/p>\n<p>Disponible en diff\u00e9rentes configurations<\/p>\n<p><span style=\"font-weight: 400;\">Vous avez des questions sur ce produit ?<\/p>\n<p><\/span><span style=\"font-weight: 400;\">Nos designers sont l\u00e0 pour vous aider.<\/span> <span style=\"font-weight: 400;\">Appelez-nous au (514) 340-9351.<\/span><\/p>\n","protected":false},"excerpt":{"rendered":"<p>La collection de canap\u00e9s Aldo apporte un design \u00e9pur\u00e9 et contemporain \u00e0 tout espace de vie, alliant harmonieusement une esth\u00e9tique moderne \u00e0 un confort exceptionnel. Avec ses lignes \u00e9pur\u00e9es et son style minimaliste, chaque pi\u00e8ce est fabriqu\u00e9e en mettant l&rsquo;accent sur la forme et la fonction. La caract\u00e9ristique principale d&rsquo;Aldo est son assise innovante en mousse \u00e0 m\u00e9moire de forme, qui offre un niveau de confort et de soutien in\u00e9gal\u00e9. Ce rembourrage avanc\u00e9 s&rsquo;adapte \u00e0 votre corps, garantissant une exp\u00e9rience d&rsquo;assise luxueuse \u00e0 chaque fois. Qu&rsquo;il s&rsquo;agisse de se d\u00e9tendre ou de recevoir, la collection Aldo offre l&rsquo;\u00e9quilibre parfait entre le style, le confort et la durabilit\u00e9, et rehausse votre int\u00e9rieur gr\u00e2ce \u00e0 son look frais et moderne.<\/p>\n<p>&nbsp;<\/p>\n","protected":false},"featured_media":363625,"template":"","meta":{"_kad_blocks_custom_css":"","_kad_blocks_head_custom_js":"","_kad_blocks_body_custom_js":"","_kad_blocks_footer_custom_js":"","_kad_post_transparent":"default","_kad_post_title":"","_kad_post_layout":"default","_kad_post_sidebar_id":"","_kad_post_content_style":"default","_kad_post_vertical_padding":"default","_kad_post_feature":"","_kad_post_feature_position":"","_kad_post_header":false,"_kad_post_footer":false,"_kad_post_classname":""},"product_brand":[],"product_cat":[1324,1967],"product_tag":[1371],"class_list":{"0":"post-363615","1":"product","2":"type-product","3":"status-publish","4":"has-post-thumbnail","6":"product_cat-meubles-modulaires","7":"product_cat-modulaire-sur-mesure","8":"product_tag-hkhaju-fr","10":"first","11":"instock","12":"product-type-simple","13":"entry","14":"content-bg","15":"loop-entry"},"taxonomy_info":{"product_cat":[{"value":1324,"label":"Meubles modulaires"},{"value":1967,"label":"modulaire sur mesure"}],"product_tag":[{"value":1371,"label":"HKHAJU"}]},"featured_image_src_large":["https:\/\/www.avenuedesigncanada.com\/wp-content\/uploads\/2025\/03\/Aldo-sectional-face-1024x1024.jpg",1024,1024,true],"author_info":[],"comment_info":"","_links":{"self":[{"href":"https:\/\/www.avenuedesigncanada.com\/fr\/wp-json\/wp\/v2\/product\/363615","targetHints":{"allow":["GET"]}}],"collection":[{"href":"https:\/\/www.avenuedesigncanada.com\/fr\/wp-json\/wp\/v2\/product"}],"about":[{"href":"https:\/\/www.avenuedesigncanada.com\/fr\/wp-json\/wp\/v2\/types\/product"}],"wp:featuredmedia":[{"embeddable":true,"href":"https:\/\/www.avenuedesigncanada.com\/fr\/wp-json\/wp\/v2\/media\/363625"}],"wp:attachment":[{"href":"https:\/\/www.avenuedesigncanada.com\/fr\/wp-json\/wp\/v2\/media?parent=363615"}],"wp:term":[{"taxonomy":"product_brand","embeddable":true,"href":"https:\/\/www.avenuedesigncanada.com\/fr\/wp-json\/wp\/v2\/product_brand?post=363615"},{"taxonomy":"product_cat","embeddable":true,"href":"https:\/\/www.avenuedesigncanada.com\/fr\/wp-json\/wp\/v2\/product_cat?post=363615"},{"taxonomy":"product_tag","embeddable":true,"href":"https:\/\/www.avenuedesigncanada.com\/fr\/wp-json\/wp\/v2\/product_tag?post=363615"}],"curies":[{"name":"wp","href":"https:\/\/api.w.org\/{rel}","templated":true}]}}