{"id":363630,"date":"2025-03-25T11:53:16","date_gmt":"2025-03-25T15:53:16","guid":{"rendered":"https:\/\/www.avenuedesigncanada.com\/?post_type=product&#038;p=363630"},"modified":"2026-02-12T10:47:44","modified_gmt":"2026-02-12T15:47:44","slug":"fauteuil-pivotant-inca-copy","status":"publish","type":"product","link":"https:\/\/www.avenuedesigncanada.com\/fr\/product\/fauteuil-pivotant-inca-copy\/","title":{"rendered":"Chaise pivotante Victoria"},"content":{"rendered":"<p><em>Le fauteuil pivotant Victoria pr\u00e9sente les caract\u00e9ristiques suivantes :<\/em><\/p>\n<p>Un coussin de dos en Poly\/Duvet<\/p>\n<p>Un coussin d\u2019assise en mousse recouvert de duvet<\/p>\n<p>Base pivotante en bois<\/p>\n<p>Une structure en bois massif<\/p>\n<p>Fait au Canada<\/p>\n<p>Options:<\/p>\n<p>Choix de tissu ou cuir<\/p>\n<p>Choix de fini<\/p>\n<p>Vous avez des questions sur ce produit ?<\/p>\n<p>Nos designers sont l\u00e0 pour vous aider.<\/p>\n<p>Appelez-nous au (514) 340-9351<\/p>\n","protected":false},"excerpt":{"rendered":"<p>Le fauteuil pivotant Victoria allie l&rsquo;\u00e9l\u00e9gance classique au confort moderne. Son coussin de dossier rempli de poly\/duvet et son assise en mousse et m\u00e9lange de duvet procurent un soutien moelleux, tandis que la base pivotante en bois et le cadre robuste en bois dur offrent une stabilit\u00e9 et une mobilit\u00e9 sans effort. Fi\u00e8rement fabriqu\u00e9e au Canada, cette chaise est enti\u00e8rement personnalisable.  <\/p>\n<p>&nbsp;<\/p>\n","protected":false},"featured_media":363637,"template":"","meta":{"_kad_blocks_custom_css":"","_kad_blocks_head_custom_js":"","_kad_blocks_body_custom_js":"","_kad_blocks_footer_custom_js":"","_kad_post_transparent":"default","_kad_post_title":"","_kad_post_layout":"default","_kad_post_sidebar_id":"","_kad_post_content_style":"default","_kad_post_vertical_padding":"default","_kad_post_feature":"","_kad_post_feature_position":"","_kad_post_header":false,"_kad_post_footer":false,"_kad_post_classname":""},"product_brand":[],"product_cat":[1965,1320],"product_tag":[1371],"class_list":{"0":"post-363630","1":"product","2":"type-product","3":"status-publish","4":"has-post-thumbnail","6":"product_cat-chaise-sur-mesure","7":"product_cat-fauteuils","8":"product_tag-hkhaju-fr","10":"first","11":"instock","12":"product-type-simple","13":"entry","14":"content-bg","15":"loop-entry"},"taxonomy_info":{"product_cat":[{"value":1965,"label":"Chaise Sur Mesure"},{"value":1320,"label":"Fauteuils"}],"product_tag":[{"value":1371,"label":"HKHAJU"}]},"featured_image_src_large":["https:\/\/www.avenuedesigncanada.com\/wp-content\/uploads\/2025\/03\/Victoria-chair-face-1024x1024.jpg",1024,1024,true],"author_info":[],"comment_info":"","_links":{"self":[{"href":"https:\/\/www.avenuedesigncanada.com\/fr\/wp-json\/wp\/v2\/product\/363630","targetHints":{"allow":["GET"]}}],"collection":[{"href":"https:\/\/www.avenuedesigncanada.com\/fr\/wp-json\/wp\/v2\/product"}],"about":[{"href":"https:\/\/www.avenuedesigncanada.com\/fr\/wp-json\/wp\/v2\/types\/product"}],"wp:featuredmedia":[{"embeddable":true,"href":"https:\/\/www.avenuedesigncanada.com\/fr\/wp-json\/wp\/v2\/media\/363637"}],"wp:attachment":[{"href":"https:\/\/www.avenuedesigncanada.com\/fr\/wp-json\/wp\/v2\/media?parent=363630"}],"wp:term":[{"taxonomy":"product_brand","embeddable":true,"href":"https:\/\/www.avenuedesigncanada.com\/fr\/wp-json\/wp\/v2\/product_brand?post=363630"},{"taxonomy":"product_cat","embeddable":true,"href":"https:\/\/www.avenuedesigncanada.com\/fr\/wp-json\/wp\/v2\/product_cat?post=363630"},{"taxonomy":"product_tag","embeddable":true,"href":"https:\/\/www.avenuedesigncanada.com\/fr\/wp-json\/wp\/v2\/product_tag?post=363630"}],"curies":[{"name":"wp","href":"https:\/\/api.w.org\/{rel}","templated":true}]}}