{"id":363641,"date":"2025-03-25T12:11:12","date_gmt":"2025-03-25T16:11:12","guid":{"rendered":"https:\/\/www.avenuedesigncanada.com\/?post_type=product&#038;p=363641"},"modified":"2026-02-12T10:47:44","modified_gmt":"2026-02-12T15:47:44","slug":"fauteuil-pivotant-victoria-copy","status":"publish","type":"product","link":"https:\/\/www.avenuedesigncanada.com\/fr\/product\/fauteuil-pivotant-victoria-copy\/","title":{"rendered":"Chaise pivotante Randy"},"content":{"rendered":"<p><em>Le fauteuil pivotant Randy pr\u00e9sente les caract\u00e9ristiques suivantes :<\/em><\/p>\n<p>Un coussin de dos en Poly\/Duvet<\/p>\n<p>Un coussin d\u2019assise en mousse recouvert de duvet<\/p>\n<p>Base m\u00e9tallique pivotante<\/p>\n<p>Une structure en bois massif<\/p>\n<p>Fait au Canada<\/p>\n<p>Options:<\/p>\n<p>Choix de tissu ou cuir<\/p>\n<p>Choix de fini<\/p>\n<p>Vous avez des questions sur ce produit ?<\/p>\n<p>Nos designers sont l\u00e0 pour vous aider.<\/p>\n<p>Appelez-nous au (514) 340-9351<\/p>\n","protected":false},"excerpt":{"rendered":"<p>Le fauteuil pivotant Randy offre un \u00e9quilibre parfait entre confort et style contemporain. Son coussin de dossier en poly\/duvet et son assise en mousse\/duvet offrent un soutien luxueux, tandis que la base pivotante en m\u00e9tal et le cadre robuste en bois dur garantissent la durabilit\u00e9 et la mobilit\u00e9. Fi\u00e8rement fabriqu\u00e9e au Canada, cette chaise peut \u00eatre personnalis\u00e9e avec le tissu ou le cuir de votre choix et une vari\u00e9t\u00e9 de finitions en bois, ce qui en fait un ajout raffin\u00e9 et polyvalent \u00e0 n&rsquo;importe quel espace.  <\/p>\n<p>&nbsp;<\/p>\n","protected":false},"featured_media":363647,"template":"","meta":{"_kad_blocks_custom_css":"","_kad_blocks_head_custom_js":"","_kad_blocks_body_custom_js":"","_kad_blocks_footer_custom_js":"","_kad_post_transparent":"default","_kad_post_title":"","_kad_post_layout":"default","_kad_post_sidebar_id":"","_kad_post_content_style":"default","_kad_post_vertical_padding":"default","_kad_post_feature":"","_kad_post_feature_position":"","_kad_post_header":false,"_kad_post_footer":false,"_kad_post_classname":""},"product_brand":[],"product_cat":[1965,1320],"product_tag":[1371],"class_list":{"0":"post-363641","1":"product","2":"type-product","3":"status-publish","4":"has-post-thumbnail","6":"product_cat-chaise-sur-mesure","7":"product_cat-fauteuils","8":"product_tag-hkhaju-fr","10":"first","11":"instock","12":"product-type-simple","13":"entry","14":"content-bg","15":"loop-entry"},"taxonomy_info":{"product_cat":[{"value":1965,"label":"Chaise Sur Mesure"},{"value":1320,"label":"Fauteuils"}],"product_tag":[{"value":1371,"label":"HKHAJU"}]},"featured_image_src_large":["https:\/\/www.avenuedesigncanada.com\/wp-content\/uploads\/2025\/03\/Randy-swivel-chair-face-1024x1024.jpg",1024,1024,true],"author_info":[],"comment_info":"","_links":{"self":[{"href":"https:\/\/www.avenuedesigncanada.com\/fr\/wp-json\/wp\/v2\/product\/363641","targetHints":{"allow":["GET"]}}],"collection":[{"href":"https:\/\/www.avenuedesigncanada.com\/fr\/wp-json\/wp\/v2\/product"}],"about":[{"href":"https:\/\/www.avenuedesigncanada.com\/fr\/wp-json\/wp\/v2\/types\/product"}],"wp:featuredmedia":[{"embeddable":true,"href":"https:\/\/www.avenuedesigncanada.com\/fr\/wp-json\/wp\/v2\/media\/363647"}],"wp:attachment":[{"href":"https:\/\/www.avenuedesigncanada.com\/fr\/wp-json\/wp\/v2\/media?parent=363641"}],"wp:term":[{"taxonomy":"product_brand","embeddable":true,"href":"https:\/\/www.avenuedesigncanada.com\/fr\/wp-json\/wp\/v2\/product_brand?post=363641"},{"taxonomy":"product_cat","embeddable":true,"href":"https:\/\/www.avenuedesigncanada.com\/fr\/wp-json\/wp\/v2\/product_cat?post=363641"},{"taxonomy":"product_tag","embeddable":true,"href":"https:\/\/www.avenuedesigncanada.com\/fr\/wp-json\/wp\/v2\/product_tag?post=363641"}],"curies":[{"name":"wp","href":"https:\/\/api.w.org\/{rel}","templated":true}]}}