{"id":363652,"date":"2025-03-25T13:35:17","date_gmt":"2025-03-25T17:35:17","guid":{"rendered":"https:\/\/www.avenuedesigncanada.com\/?post_type=product&#038;p=363652"},"modified":"2026-02-12T10:47:45","modified_gmt":"2026-02-12T15:47:45","slug":"fauteuil-pivotant-randy-copy","status":"publish","type":"product","link":"https:\/\/www.avenuedesigncanada.com\/fr\/product\/fauteuil-pivotant-randy-copy\/","title":{"rendered":"Chaise pivotante Melynda"},"content":{"rendered":"<p><em>Le fauteuil pivotant Melynda pr\u00e9sente les caract\u00e9ristiques suivantes :<\/em><\/p>\n<p>Dos capitonn\u00e9<\/p>\n<p>Un coussin d\u2019assise en mousse recouvert de duvet<\/p>\n<p>Base m\u00e9tallique pivotante<\/p>\n<p>Une structure en bois massif<\/p>\n<p>Fait au Canada<\/p>\n<p>Options:<\/p>\n<p>Choix de tissu ou cuir<\/p>\n<p>Choix de fini<\/p>\n<p>Vous avez des questions sur ce produit ?<\/p>\n<p>Nos designers sont l\u00e0 pour vous aider.<\/p>\n<p>Appelez-nous au (514) 340-9351<\/p>\n","protected":false},"excerpt":{"rendered":"<p>D\u00e9couvrez Melynda, l&rsquo;incarnation de la sophistication et du confort dans le monde des chaises longues pivotantes. Reposant sur une base m\u00e9tallique \u00e9l\u00e9gante, Melynda allie design contemporain et fonctionnalit\u00e9. Son dossier touffet\u00e9, marque d&rsquo;une \u00e9l\u00e9gance intemporelle, vous berce dans une d\u00e9tente opulente, offrant un refuge moelleux \u00e0 la fin d&rsquo;une longue journ\u00e9e. Gr\u00e2ce \u00e0 un l\u00e9ger mouvement de pivotement, Melynda am\u00e9liore votre exp\u00e9rience de la d\u00e9tente, vous permettant de pivoter sans effort vers n&rsquo;importe quel angle, que ce soit pour converser ou simplement pour trouver l&rsquo;endroit parfait pour se reposer. Melynda n&rsquo;est pas seulement une chaise, c&rsquo;est l&rsquo;incarnation d&rsquo;un style raffin\u00e9, qui s&rsquo;impose dans tout espace de vie moderne.    <\/p>\n<p>&nbsp;<\/p>\n","protected":false},"featured_media":363658,"template":"","meta":{"_kad_blocks_custom_css":"","_kad_blocks_head_custom_js":"","_kad_blocks_body_custom_js":"","_kad_blocks_footer_custom_js":"","_kad_post_transparent":"default","_kad_post_title":"","_kad_post_layout":"default","_kad_post_sidebar_id":"","_kad_post_content_style":"default","_kad_post_vertical_padding":"default","_kad_post_feature":"","_kad_post_feature_position":"","_kad_post_header":false,"_kad_post_footer":false,"_kad_post_classname":""},"product_brand":[],"product_cat":[1965,1320],"product_tag":[1371],"class_list":{"0":"post-363652","1":"product","2":"type-product","3":"status-publish","4":"has-post-thumbnail","6":"product_cat-chaise-sur-mesure","7":"product_cat-fauteuils","8":"product_tag-hkhaju-fr","10":"first","11":"instock","12":"product-type-simple","13":"entry","14":"content-bg","15":"loop-entry"},"taxonomy_info":{"product_cat":[{"value":1965,"label":"Chaise Sur Mesure"},{"value":1320,"label":"Fauteuils"}],"product_tag":[{"value":1371,"label":"HKHAJU"}]},"featured_image_src_large":["https:\/\/www.avenuedesigncanada.com\/wp-content\/uploads\/2025\/03\/Melynda-chair-face-1024x1024.jpg",1024,1024,true],"author_info":[],"comment_info":"","_links":{"self":[{"href":"https:\/\/www.avenuedesigncanada.com\/fr\/wp-json\/wp\/v2\/product\/363652","targetHints":{"allow":["GET"]}}],"collection":[{"href":"https:\/\/www.avenuedesigncanada.com\/fr\/wp-json\/wp\/v2\/product"}],"about":[{"href":"https:\/\/www.avenuedesigncanada.com\/fr\/wp-json\/wp\/v2\/types\/product"}],"wp:featuredmedia":[{"embeddable":true,"href":"https:\/\/www.avenuedesigncanada.com\/fr\/wp-json\/wp\/v2\/media\/363658"}],"wp:attachment":[{"href":"https:\/\/www.avenuedesigncanada.com\/fr\/wp-json\/wp\/v2\/media?parent=363652"}],"wp:term":[{"taxonomy":"product_brand","embeddable":true,"href":"https:\/\/www.avenuedesigncanada.com\/fr\/wp-json\/wp\/v2\/product_brand?post=363652"},{"taxonomy":"product_cat","embeddable":true,"href":"https:\/\/www.avenuedesigncanada.com\/fr\/wp-json\/wp\/v2\/product_cat?post=363652"},{"taxonomy":"product_tag","embeddable":true,"href":"https:\/\/www.avenuedesigncanada.com\/fr\/wp-json\/wp\/v2\/product_tag?post=363652"}],"curies":[{"name":"wp","href":"https:\/\/api.w.org\/{rel}","templated":true}]}}