{"id":363662,"date":"2025-03-25T13:46:04","date_gmt":"2025-03-25T17:46:04","guid":{"rendered":"https:\/\/www.avenuedesigncanada.com\/?post_type=product&#038;p=363662"},"modified":"2026-02-12T10:47:45","modified_gmt":"2026-02-12T15:47:45","slug":"fauteuil-pivotant-melynda-copy","status":"publish","type":"product","link":"https:\/\/www.avenuedesigncanada.com\/fr\/product\/fauteuil-pivotant-melynda-copy\/","title":{"rendered":"Chaise pivotante Celeste"},"content":{"rendered":"<p><em>La chaise pivotante Celeste pr\u00e9sente les caract\u00e9ristiques suivantes :<\/em><\/p>\n<p>Assise et dossier rembourr\u00e9s attach\u00e9s<\/p>\n<p>Base pivotante en bois<\/p>\n<p>Une structure en bois massif<\/p>\n<p>Fait au Canada<\/p>\n<p>Options:<\/p>\n<p>Choix de tissu ou cuir<\/p>\n<p>Choix de fini<\/p>\n<p>Vous avez des questions sur ce produit ?<\/p>\n<p>Nos designers sont l\u00e0 pour vous aider.<\/p>\n<p>Appelez-nous au (514) 340-9351<\/p>\n","protected":false},"excerpt":{"rendered":"<p>Voici Celeste, le summum de la polyvalence et de l&rsquo;\u00e9l\u00e9gance en mati\u00e8re de fauteuils pivotants sans accoudoirs. Avec une gracieuse base en bois qui peut \u00eatre personnalis\u00e9e dans la teinture de votre choix, Celeste se fond sans effort dans n&rsquo;importe quel d\u00e9cor. Son design \u00e9pur\u00e9 et minimaliste d\u00e9gage un charme intemporel, ce qui en fait un ajout polyvalent \u00e0 tout espace de vie. La fonction de pivotement \u00e0 360 degr\u00e9s de Celeste vous invite \u00e0 profiter d&rsquo;une mobilit\u00e9 et d&rsquo;un confort sans faille, vous permettant d&rsquo;engager des conversations ou simplement de profiter de votre environnement avec aisance. Que vous pr\u00e9f\u00e9riez une esth\u00e9tique classique, rustique ou moderne, Celeste est la pi\u00e8ce d&rsquo;accent parfaite qui ajoute \u00e0 la fois style et fonctionnalit\u00e9 \u00e0 votre maison.    <\/p>\n<p>&nbsp;<\/p>\n","protected":false},"featured_media":402778,"template":"","meta":{"_kad_blocks_custom_css":"","_kad_blocks_head_custom_js":"","_kad_blocks_body_custom_js":"","_kad_blocks_footer_custom_js":"","_kad_post_transparent":"default","_kad_post_title":"","_kad_post_layout":"default","_kad_post_sidebar_id":"","_kad_post_content_style":"default","_kad_post_vertical_padding":"default","_kad_post_feature":"","_kad_post_feature_position":"","_kad_post_header":false,"_kad_post_footer":false,"_kad_post_classname":""},"product_brand":[],"product_cat":[1965,1320],"product_tag":[1371],"class_list":{"0":"post-363662","1":"product","2":"type-product","3":"status-publish","4":"has-post-thumbnail","6":"product_cat-chaise-sur-mesure","7":"product_cat-fauteuils","8":"product_tag-hkhaju-fr","10":"first","11":"instock","12":"product-type-simple","13":"entry","14":"content-bg","15":"loop-entry"},"taxonomy_info":{"product_cat":[{"value":1965,"label":"Chaise Sur Mesure"},{"value":1320,"label":"Fauteuils"}],"product_tag":[{"value":1371,"label":"HKHAJU"}]},"featured_image_src_large":["https:\/\/www.avenuedesigncanada.com\/wp-content\/uploads\/2026\/01\/39-1024x1024.png",1024,1024,true],"author_info":[],"comment_info":"","_links":{"self":[{"href":"https:\/\/www.avenuedesigncanada.com\/fr\/wp-json\/wp\/v2\/product\/363662","targetHints":{"allow":["GET"]}}],"collection":[{"href":"https:\/\/www.avenuedesigncanada.com\/fr\/wp-json\/wp\/v2\/product"}],"about":[{"href":"https:\/\/www.avenuedesigncanada.com\/fr\/wp-json\/wp\/v2\/types\/product"}],"wp:featuredmedia":[{"embeddable":true,"href":"https:\/\/www.avenuedesigncanada.com\/fr\/wp-json\/wp\/v2\/media\/402778"}],"wp:attachment":[{"href":"https:\/\/www.avenuedesigncanada.com\/fr\/wp-json\/wp\/v2\/media?parent=363662"}],"wp:term":[{"taxonomy":"product_brand","embeddable":true,"href":"https:\/\/www.avenuedesigncanada.com\/fr\/wp-json\/wp\/v2\/product_brand?post=363662"},{"taxonomy":"product_cat","embeddable":true,"href":"https:\/\/www.avenuedesigncanada.com\/fr\/wp-json\/wp\/v2\/product_cat?post=363662"},{"taxonomy":"product_tag","embeddable":true,"href":"https:\/\/www.avenuedesigncanada.com\/fr\/wp-json\/wp\/v2\/product_tag?post=363662"}],"curies":[{"name":"wp","href":"https:\/\/api.w.org\/{rel}","templated":true}]}}