{"id":363860,"date":"2025-03-27T12:05:58","date_gmt":"2025-03-27T16:05:58","guid":{"rendered":"https:\/\/www.avenuedesigncanada.com\/?post_type=product&#038;p=363860"},"modified":"2026-02-12T10:47:49","modified_gmt":"2026-02-12T15:47:49","slug":"tabouret-de-comptoir-londono-copy","status":"publish","type":"product","link":"https:\/\/www.avenuedesigncanada.com\/fr\/product\/tabouret-de-comptoir-londono-copy\/","title":{"rendered":"Tabouret Jennifer"},"content":{"rendered":"<p><em>Le tabouret Jennifer pr\u00e9sente les caract\u00e9ristiques suivantes :<\/em><br \/>\nCon\u00e7u avec des pieds en bois classiques et un cadre en bois dur solide, ce tabouret fabriqu\u00e9 au Canada offre un confort intemporel et une durabilit\u00e9 quotidienne pour le comptoir et le bar.<\/p>\n<p>Options :<br \/>\nChoix de tissu ou de cuir.<br \/>\nChoix de la couleur du bois.<br \/>\nDisponible en hauteur de comptoir ou de bar.<\/p>\n<p>Avez-vous des questions \u00e0 propos de ce produit ?<br \/>\nNos designers sont l\u00e0 pour vous aider. Appelez-nous au (514) 340-9351<\/p>\n","protected":false},"excerpt":{"rendered":"<p>Le tabouret Jennifer est dot\u00e9 de pieds en bois classiques et d&rsquo;un cadre en bois dur solide, offrant un confort intemporel et une durabilit\u00e9 quotidienne. Personnalisable en tissu ou en cuir et en couleur de bois, il convient aussi bien \u00e0 la hauteur du comptoir qu&rsquo;\u00e0 celle du bar.   <\/p>\n","protected":false},"featured_media":363864,"template":"","meta":{"_kad_blocks_custom_css":"","_kad_blocks_head_custom_js":"","_kad_blocks_body_custom_js":"","_kad_blocks_footer_custom_js":"","_kad_post_transparent":"","_kad_post_title":"","_kad_post_layout":"","_kad_post_sidebar_id":"","_kad_post_content_style":"","_kad_post_vertical_padding":"","_kad_post_feature":"","_kad_post_feature_position":"","_kad_post_header":false,"_kad_post_footer":false,"_kad_post_classname":""},"product_brand":[],"product_cat":[1305],"product_tag":[1371],"class_list":{"0":"post-363860","1":"product","2":"type-product","3":"status-publish","4":"has-post-thumbnail","6":"product_cat-tabourets","7":"product_tag-hkhaju-fr","9":"first","10":"instock","11":"product-type-simple","12":"entry","13":"content-bg","14":"loop-entry"},"taxonomy_info":{"product_cat":[{"value":1305,"label":"Tabourets"}],"product_tag":[{"value":1371,"label":"HKHAJU"}]},"featured_image_src_large":["https:\/\/www.avenuedesigncanada.com\/wp-content\/uploads\/2025\/03\/Jennifer-stool-back-1024x1024.jpg",1024,1024,true],"author_info":[],"comment_info":"","_links":{"self":[{"href":"https:\/\/www.avenuedesigncanada.com\/fr\/wp-json\/wp\/v2\/product\/363860","targetHints":{"allow":["GET"]}}],"collection":[{"href":"https:\/\/www.avenuedesigncanada.com\/fr\/wp-json\/wp\/v2\/product"}],"about":[{"href":"https:\/\/www.avenuedesigncanada.com\/fr\/wp-json\/wp\/v2\/types\/product"}],"wp:featuredmedia":[{"embeddable":true,"href":"https:\/\/www.avenuedesigncanada.com\/fr\/wp-json\/wp\/v2\/media\/363864"}],"wp:attachment":[{"href":"https:\/\/www.avenuedesigncanada.com\/fr\/wp-json\/wp\/v2\/media?parent=363860"}],"wp:term":[{"taxonomy":"product_brand","embeddable":true,"href":"https:\/\/www.avenuedesigncanada.com\/fr\/wp-json\/wp\/v2\/product_brand?post=363860"},{"taxonomy":"product_cat","embeddable":true,"href":"https:\/\/www.avenuedesigncanada.com\/fr\/wp-json\/wp\/v2\/product_cat?post=363860"},{"taxonomy":"product_tag","embeddable":true,"href":"https:\/\/www.avenuedesigncanada.com\/fr\/wp-json\/wp\/v2\/product_tag?post=363860"}],"curies":[{"name":"wp","href":"https:\/\/api.w.org\/{rel}","templated":true}]}}