{"id":363873,"date":"2025-03-27T12:24:51","date_gmt":"2025-03-27T16:24:51","guid":{"rendered":"https:\/\/www.avenuedesigncanada.com\/?post_type=product&#038;p=363873"},"modified":"2026-02-12T10:47:50","modified_gmt":"2026-02-12T15:47:50","slug":"tabouret-jennifer-copy","status":"publish","type":"product","link":"https:\/\/www.avenuedesigncanada.com\/fr\/product\/tabouret-jennifer-copy\/","title":{"rendered":"Chaise de salle \u00e0 manger lumineuse"},"content":{"rendered":"<p><em>La chaise de salle \u00e0 manger Bright pr\u00e9sente les caract\u00e9ristiques suivantes :<\/em><\/p>\n<p>Pieds en bois<\/p>\n<p>Une structure en bois massif<\/p>\n<p>Fait au Canada<\/p>\n<p>Options<\/p>\n<p>Choix de tissu ou cuir<\/p>\n<p>Choix de la couleur du bois<br \/>\nVous avez des questions sur ce produit ? Nos designers sont l\u00e0 pour vous aider. Appelez-nous au (514) 340-9351  <\/p>\n","protected":false},"excerpt":{"rendered":"<p>La chaise de salle \u00e0 manger Bright est un mod\u00e8le intemporel qui s&rsquo;appuie sur un savoir-faire de qualit\u00e9. Fabriqu\u00e9e au Canada, elle est dot\u00e9e d&rsquo;un cadre en bois dur massif et d&rsquo;\u00e9l\u00e9gants pieds en bois qui lui conf\u00e8rent \u00e0 la fois durabilit\u00e9 et chaleur. Con\u00e7ue pour \u00eatre polyvalente, la chaise Bright Dining peut \u00eatre personnalis\u00e9e avec le tissu ou le cuir de votre choix, ainsi qu&rsquo;avec une s\u00e9lection de finitions en bois, ce qui lui permet de s&rsquo;int\u00e9grer harmonieusement dans les salles \u00e0 manger modernes et classiques.  <\/p>\n","protected":false},"featured_media":402651,"template":"","meta":{"_kad_blocks_custom_css":"","_kad_blocks_head_custom_js":"","_kad_blocks_body_custom_js":"","_kad_blocks_footer_custom_js":"","_kad_post_transparent":"","_kad_post_title":"","_kad_post_layout":"","_kad_post_sidebar_id":"","_kad_post_content_style":"","_kad_post_vertical_padding":"","_kad_post_feature":"","_kad_post_feature_position":"","_kad_post_header":false,"_kad_post_footer":false,"_kad_post_classname":""},"product_brand":[],"product_cat":[1970,1302],"product_tag":[1371],"class_list":{"0":"post-363873","1":"product","2":"type-product","3":"status-publish","4":"has-post-thumbnail","6":"product_cat-chaise-a-manger-sur-mesure","7":"product_cat-chaises","8":"product_tag-hkhaju-fr","10":"first","11":"instock","12":"product-type-simple","13":"entry","14":"content-bg","15":"loop-entry"},"taxonomy_info":{"product_cat":[{"value":1970,"label":"chaise \u00e0 manger sur mesure"},{"value":1302,"label":"Chaises"}],"product_tag":[{"value":1371,"label":"HKHAJU"}]},"featured_image_src_large":["https:\/\/www.avenuedesigncanada.com\/wp-content\/uploads\/2026\/01\/19-1-1024x1024.png",1024,1024,true],"author_info":[],"comment_info":"","_links":{"self":[{"href":"https:\/\/www.avenuedesigncanada.com\/fr\/wp-json\/wp\/v2\/product\/363873","targetHints":{"allow":["GET"]}}],"collection":[{"href":"https:\/\/www.avenuedesigncanada.com\/fr\/wp-json\/wp\/v2\/product"}],"about":[{"href":"https:\/\/www.avenuedesigncanada.com\/fr\/wp-json\/wp\/v2\/types\/product"}],"wp:featuredmedia":[{"embeddable":true,"href":"https:\/\/www.avenuedesigncanada.com\/fr\/wp-json\/wp\/v2\/media\/402651"}],"wp:attachment":[{"href":"https:\/\/www.avenuedesigncanada.com\/fr\/wp-json\/wp\/v2\/media?parent=363873"}],"wp:term":[{"taxonomy":"product_brand","embeddable":true,"href":"https:\/\/www.avenuedesigncanada.com\/fr\/wp-json\/wp\/v2\/product_brand?post=363873"},{"taxonomy":"product_cat","embeddable":true,"href":"https:\/\/www.avenuedesigncanada.com\/fr\/wp-json\/wp\/v2\/product_cat?post=363873"},{"taxonomy":"product_tag","embeddable":true,"href":"https:\/\/www.avenuedesigncanada.com\/fr\/wp-json\/wp\/v2\/product_tag?post=363873"}],"curies":[{"name":"wp","href":"https:\/\/api.w.org\/{rel}","templated":true}]}}