{"id":363993,"date":"2025-03-28T11:15:39","date_gmt":"2025-03-28T15:15:39","guid":{"rendered":"https:\/\/www.avenuedesigncanada.com\/?post_type=product&#038;p=363993"},"modified":"2026-02-12T10:47:52","modified_gmt":"2026-02-12T15:47:52","slug":"ottoman-brompton-copy","status":"publish","type":"product","link":"https:\/\/www.avenuedesigncanada.com\/fr\/product\/ottoman-brompton-copy\/","title":{"rendered":"Pouf Pac Man"},"content":{"rendered":"<p><em>Le pouf Pac Man pr\u00e9sente:<\/em><\/p>\n<p>Compl\u00e8tement rembourr\u00e9e<\/p>\n<p>Une tructure en bois massif<\/p>\n<p>Fait au Canada<\/p>\n<p>Options:<\/p>\n<p>Choix de tissu ou cuir<\/p>\n<p>Dimensions:<\/p>\n<p>Pouf circulaire, 25&Prime; x 25&Prime; x 18&Prime;h<\/p>\n<p>Pouf en forme de lune, 36&Prime; x 24&Prime; x 16&Prime;h<\/p>\n<p>Avez-vous des questions \u00e0 propos de ce produit ?<\/p>\n<p>Nos designers sont l\u00e0 pour vous aider. Appelez-nous au (514) 340-9351<\/p>\n","protected":false},"excerpt":{"rendered":"<p>Le pouf Pacman offre un design \u00e0 la fois ludique et sophistiqu\u00e9 gr\u00e2ce \u00e0 ses deux pi\u00e8ces embo\u00eet\u00e9es qui peuvent \u00eatre utilis\u00e9es ensemble ou s\u00e9par\u00e9ment. Compos\u00e9 d&rsquo;un ottoman en forme de lune et d&rsquo;un ottoman circulaire, ce meuble polyvalent cr\u00e9e un effet visuel saisissant tout en maximisant la fonctionnalit\u00e9. L&rsquo;ottoman en forme de lune peut \u00eatre positionn\u00e9 de mani\u00e8re \u00e0 s&rsquo;enrouler autour du cercle, formant ainsi une forme coh\u00e9sive et dynamique, ou chaque pi\u00e8ce peut \u00eatre utilis\u00e9e seule pour des usages diff\u00e9rents. Recouvert d&rsquo;un tissu ou d&rsquo;un cuir doux et durable, le pouf Pacman ajoute une touche de modernit\u00e9 \u00e0 tout salon ou salle de s\u00e9jour, alliant un design cr\u00e9atif \u00e0 un confort pratique pour une pi\u00e8ce d&rsquo;apparat unique.<\/p>\n<p>&nbsp;<\/p>\n","protected":false},"featured_media":363996,"template":"","meta":{"_kad_blocks_custom_css":"","_kad_blocks_head_custom_js":"","_kad_blocks_body_custom_js":"","_kad_blocks_footer_custom_js":"","_kad_post_transparent":"default","_kad_post_title":"","_kad_post_layout":"default","_kad_post_sidebar_id":"","_kad_post_content_style":"default","_kad_post_vertical_padding":"default","_kad_post_feature":"","_kad_post_feature_position":"","_kad_post_header":false,"_kad_post_footer":false,"_kad_post_classname":""},"product_brand":[],"product_cat":[1325,1968],"product_tag":[1371],"class_list":{"0":"post-363993","1":"product","2":"type-product","3":"status-publish","4":"has-post-thumbnail","6":"product_cat-poufs","7":"product_cat-pouf-sur-mesure","8":"product_tag-hkhaju-fr","10":"first","11":"instock","12":"product-type-simple","13":"entry","14":"content-bg","15":"loop-entry"},"taxonomy_info":{"product_cat":[{"value":1325,"label":"Ottomans"},{"value":1968,"label":"pouf sur mesure"}],"product_tag":[{"value":1371,"label":"HKHAJU"}]},"featured_image_src_large":["https:\/\/www.avenuedesigncanada.com\/wp-content\/uploads\/2025\/03\/Pac-Man-Ottoman-2-parts-1024x1024.jpg",1024,1024,true],"author_info":[],"comment_info":"","_links":{"self":[{"href":"https:\/\/www.avenuedesigncanada.com\/fr\/wp-json\/wp\/v2\/product\/363993","targetHints":{"allow":["GET"]}}],"collection":[{"href":"https:\/\/www.avenuedesigncanada.com\/fr\/wp-json\/wp\/v2\/product"}],"about":[{"href":"https:\/\/www.avenuedesigncanada.com\/fr\/wp-json\/wp\/v2\/types\/product"}],"wp:featuredmedia":[{"embeddable":true,"href":"https:\/\/www.avenuedesigncanada.com\/fr\/wp-json\/wp\/v2\/media\/363996"}],"wp:attachment":[{"href":"https:\/\/www.avenuedesigncanada.com\/fr\/wp-json\/wp\/v2\/media?parent=363993"}],"wp:term":[{"taxonomy":"product_brand","embeddable":true,"href":"https:\/\/www.avenuedesigncanada.com\/fr\/wp-json\/wp\/v2\/product_brand?post=363993"},{"taxonomy":"product_cat","embeddable":true,"href":"https:\/\/www.avenuedesigncanada.com\/fr\/wp-json\/wp\/v2\/product_cat?post=363993"},{"taxonomy":"product_tag","embeddable":true,"href":"https:\/\/www.avenuedesigncanada.com\/fr\/wp-json\/wp\/v2\/product_tag?post=363993"}],"curies":[{"name":"wp","href":"https:\/\/api.w.org\/{rel}","templated":true}]}}