{"id":364231,"date":"2025-04-01T10:19:16","date_gmt":"2025-04-01T14:19:16","guid":{"rendered":"https:\/\/www.avenuedesigncanada.com\/?post_type=product&#038;p=364231"},"modified":"2026-02-12T10:47:54","modified_gmt":"2026-02-12T15:47:54","slug":"banc-diego-copy","status":"publish","type":"product","link":"https:\/\/www.avenuedesigncanada.com\/fr\/product\/banc-diego-copy\/","title":{"rendered":"Banc Lina"},"content":{"rendered":"<p><em>Le banc Lina pr\u00e9sente:<\/p>\n<p><\/em><\/p>\n<p>Un coussin d\u2019assise en mousse avec housse de duvet<\/p>\n<p>Des pieds en m\u00e9tal<\/p>\n<p>Une structure en bois massif<\/p>\n<p>Fait au Canada<\/p>\n<p>Options:<\/p>\n<p>Choix de tissu ou cuir<\/p>\n<p><span style=\"font-weight: 400;\">Vous avez des questions sur ce produit ?<\/p>\n<p><\/span><span style=\"font-weight: 400;\">Nos designers sont l\u00e0 pour vous aider.<\/span> Appelez-nous au (514) 340-9351.<\/p>\n<p>&nbsp;<\/p>\n","protected":false},"excerpt":{"rendered":"<p>Le banc Lina allie un design \u00e9l\u00e9gant \u00e0 un confort luxueux. Son assise en mousse recouverte d&rsquo;un rev\u00eatement en m\u00e9lange de duvet offre un confort moelleux et un bon soutien, tandis que ses pieds m\u00e9talliques \u00e9l\u00e9gants et son cadre en bois massif robuste garantissent durabilit\u00e9 et style. Fi\u00e8rement fabriqu\u00e9 au Canada, ce banc est enti\u00e8rement personnalisable avec le tissu ou le cuir de votre choix, ce qui en fait un ajout polyvalent et raffin\u00e9 \u00e0 tout espace de vie, entr\u00e9e ou chambre \u00e0 coucher.<\/p>\n<p>&nbsp;<\/p>\n","protected":false},"featured_media":410867,"template":"","meta":{"_kad_blocks_custom_css":"","_kad_blocks_head_custom_js":"","_kad_blocks_body_custom_js":"","_kad_blocks_footer_custom_js":"","_kad_post_transparent":"default","_kad_post_title":"","_kad_post_layout":"default","_kad_post_sidebar_id":"","_kad_post_content_style":"default","_kad_post_vertical_padding":"default","_kad_post_feature":"","_kad_post_feature_position":"","_kad_post_header":false,"_kad_post_footer":false,"_kad_post_classname":""},"product_brand":[],"product_cat":[1297,1318,1968],"product_tag":[1371],"class_list":{"0":"post-364231","1":"product","2":"type-product","3":"status-publish","4":"has-post-thumbnail","6":"product_cat-bancs","7":"product_cat-bancs-2","8":"product_cat-pouf-sur-mesure","9":"product_tag-hkhaju-fr","11":"first","12":"instock","13":"product-type-simple","14":"entry","15":"content-bg","16":"loop-entry"},"taxonomy_info":{"product_cat":[{"value":1297,"label":"Bancs"},{"value":1318,"label":"Bancs"},{"value":1968,"label":"pouf sur mesure"}],"product_tag":[{"value":1371,"label":"HKHAJU"}]},"featured_image_src_large":["https:\/\/www.avenuedesigncanada.com\/wp-content\/uploads\/2025\/04\/lina-1024x1024.png",1024,1024,true],"author_info":[],"comment_info":"","_links":{"self":[{"href":"https:\/\/www.avenuedesigncanada.com\/fr\/wp-json\/wp\/v2\/product\/364231","targetHints":{"allow":["GET"]}}],"collection":[{"href":"https:\/\/www.avenuedesigncanada.com\/fr\/wp-json\/wp\/v2\/product"}],"about":[{"href":"https:\/\/www.avenuedesigncanada.com\/fr\/wp-json\/wp\/v2\/types\/product"}],"wp:featuredmedia":[{"embeddable":true,"href":"https:\/\/www.avenuedesigncanada.com\/fr\/wp-json\/wp\/v2\/media\/410867"}],"wp:attachment":[{"href":"https:\/\/www.avenuedesigncanada.com\/fr\/wp-json\/wp\/v2\/media?parent=364231"}],"wp:term":[{"taxonomy":"product_brand","embeddable":true,"href":"https:\/\/www.avenuedesigncanada.com\/fr\/wp-json\/wp\/v2\/product_brand?post=364231"},{"taxonomy":"product_cat","embeddable":true,"href":"https:\/\/www.avenuedesigncanada.com\/fr\/wp-json\/wp\/v2\/product_cat?post=364231"},{"taxonomy":"product_tag","embeddable":true,"href":"https:\/\/www.avenuedesigncanada.com\/fr\/wp-json\/wp\/v2\/product_tag?post=364231"}],"curies":[{"name":"wp","href":"https:\/\/api.w.org\/{rel}","templated":true}]}}