{"id":364239,"date":"2025-04-01T10:29:34","date_gmt":"2025-04-01T14:29:34","guid":{"rendered":"https:\/\/www.avenuedesigncanada.com\/?post_type=product&#038;p=364239"},"modified":"2026-02-12T10:47:54","modified_gmt":"2026-02-12T15:47:54","slug":"ottoman-brompton-copy-2","status":"publish","type":"product","link":"https:\/\/www.avenuedesigncanada.com\/fr\/product\/ottoman-brompton-copy-2\/","title":{"rendered":"Pouf Brompton 60"},"content":{"rendered":"<p><em>Le pouf Brompton pr\u00e9sente les caract\u00e9ristiques suivantes :<\/em><\/p>\n<p>Un si\u00e8ge tuft\u00e9 cannel\u00e9<br \/>\nPieds en bois<br \/>\nStructure en bois dur<br \/>\nFabrication canadienne<\/p>\n<p>Options :<br \/>\nChoix de tissu ou de cuir<br \/>\nChoix de couleur de bois<\/p>\n<p><span style=\"font-weight: 400;\">Vous avez des questions sur ce produit ?<br \/>\n<\/span><span style=\"font-weight: 400;\">Nos designers sont l\u00e0 pour vous aider.<\/span> Appelez-nous au (514) 340-9351<\/p>\n","protected":false},"excerpt":{"rendered":"<p>Le pouf Brompton apporte une \u00e9l\u00e9gance raffin\u00e9e et du confort \u00e0 tout espace. Avec son assise joliment tuft\u00e9e et cannel\u00e9e, il ajoute de la texture et de la sophistication, tandis que les pieds en bois et le cadre robuste en bois dur assurent une durabilit\u00e9 \u00e0 long terme. Fi\u00e8rement fabriqu\u00e9 au Canada, ce pouf est enti\u00e8rement personnalisable avec votre choix de tissu ou de cuir et une s\u00e9lection de finitions en bois, ce qui en fait une pi\u00e8ce d&rsquo;accent polyvalente pour les salons, les chambres \u00e0 coucher ou les salles d&rsquo;habillage.  <\/p>\n<p>&nbsp;<\/p>\n","protected":false},"featured_media":405072,"template":"","meta":{"_kad_blocks_custom_css":"","_kad_blocks_head_custom_js":"","_kad_blocks_body_custom_js":"","_kad_blocks_footer_custom_js":"","_kad_post_transparent":"default","_kad_post_title":"","_kad_post_layout":"default","_kad_post_sidebar_id":"","_kad_post_content_style":"default","_kad_post_vertical_padding":"default","_kad_post_feature":"","_kad_post_feature_position":"","_kad_post_header":false,"_kad_post_footer":false,"_kad_post_classname":""},"product_brand":[],"product_cat":[1325,1968],"product_tag":[1371],"class_list":{"0":"post-364239","1":"product","2":"type-product","3":"status-publish","4":"has-post-thumbnail","6":"product_cat-poufs","7":"product_cat-pouf-sur-mesure","8":"product_tag-hkhaju-fr","10":"first","11":"instock","12":"product-type-simple","13":"entry","14":"content-bg","15":"loop-entry"},"taxonomy_info":{"product_cat":[{"value":1325,"label":"Ottomans"},{"value":1968,"label":"pouf sur mesure"}],"product_tag":[{"value":1371,"label":"HKHAJU"}]},"featured_image_src_large":["https:\/\/www.avenuedesigncanada.com\/wp-content\/uploads\/2025\/04\/228-1024x1024.png",1024,1024,true],"author_info":[],"comment_info":"","_links":{"self":[{"href":"https:\/\/www.avenuedesigncanada.com\/fr\/wp-json\/wp\/v2\/product\/364239","targetHints":{"allow":["GET"]}}],"collection":[{"href":"https:\/\/www.avenuedesigncanada.com\/fr\/wp-json\/wp\/v2\/product"}],"about":[{"href":"https:\/\/www.avenuedesigncanada.com\/fr\/wp-json\/wp\/v2\/types\/product"}],"wp:featuredmedia":[{"embeddable":true,"href":"https:\/\/www.avenuedesigncanada.com\/fr\/wp-json\/wp\/v2\/media\/405072"}],"wp:attachment":[{"href":"https:\/\/www.avenuedesigncanada.com\/fr\/wp-json\/wp\/v2\/media?parent=364239"}],"wp:term":[{"taxonomy":"product_brand","embeddable":true,"href":"https:\/\/www.avenuedesigncanada.com\/fr\/wp-json\/wp\/v2\/product_brand?post=364239"},{"taxonomy":"product_cat","embeddable":true,"href":"https:\/\/www.avenuedesigncanada.com\/fr\/wp-json\/wp\/v2\/product_cat?post=364239"},{"taxonomy":"product_tag","embeddable":true,"href":"https:\/\/www.avenuedesigncanada.com\/fr\/wp-json\/wp\/v2\/product_tag?post=364239"}],"curies":[{"name":"wp","href":"https:\/\/api.w.org\/{rel}","templated":true}]}}