{"id":364259,"date":"2025-04-01T10:49:56","date_gmt":"2025-04-01T14:49:56","guid":{"rendered":"https:\/\/www.avenuedesigncanada.com\/?post_type=product&#038;p=364259"},"modified":"2026-02-12T10:47:55","modified_gmt":"2026-02-12T15:47:55","slug":"pouf-hunter-copy","status":"publish","type":"product","link":"https:\/\/www.avenuedesigncanada.com\/fr\/product\/pouf-hunter-copy\/","title":{"rendered":"Pouf Sierra"},"content":{"rendered":"<p><em>Le pouf Sierra pr\u00e9sente:<\/em><\/p>\n<p>Un dessus rembourr\u00e9e<\/p>\n<p>Un base en bois<\/p>\n<p>Une table en placage de ch\u00eane<\/p>\n<p>Une tructure en bois massif<\/p>\n<p>Fait au Canada<\/p>\n<p>Options:<\/p>\n<p>Choix de tissu ou cuir<\/p>\n<p>Choix de fini<\/p>\n<p><span style=\"font-weight: 400;\">Vous avez des questions sur ce produit ?<\/p>\n<p><\/span><span style=\"font-weight: 400;\">Nos designers sont l\u00e0 pour vous aider.<\/span> Appelez-nous au (514) 340-9351<\/p>\n","protected":false},"excerpt":{"rendered":"<p>Le pouf Sierra allie confort et design fonctionnel. Dot\u00e9 d&rsquo;une assise enti\u00e8rement rembourr\u00e9e, d&rsquo;un cadre en bois massif robuste et d&rsquo;une \u00e9l\u00e9gante base en bois, il comprend \u00e9galement une table int\u00e9gr\u00e9e en placage de ch\u00eane, parfaite pour plus de commodit\u00e9. Fi\u00e8rement fabriqu\u00e9 au Canada, ce meuble polyvalent peut \u00eatre personnalis\u00e9 avec le tissu ou le cuir de votre choix, ainsi qu&rsquo;une s\u00e9lection de finitions en bois qui s&rsquo;harmonisent avec votre espace et votre style.<\/p>\n<p>&nbsp;<\/p>\n","protected":false},"featured_media":364261,"template":"","meta":{"_kad_blocks_custom_css":"","_kad_blocks_head_custom_js":"","_kad_blocks_body_custom_js":"","_kad_blocks_footer_custom_js":"","_kad_post_transparent":"default","_kad_post_title":"","_kad_post_layout":"default","_kad_post_sidebar_id":"","_kad_post_content_style":"default","_kad_post_vertical_padding":"default","_kad_post_feature":"","_kad_post_feature_position":"","_kad_post_header":false,"_kad_post_footer":false,"_kad_post_classname":""},"product_brand":[],"product_cat":[1325,1968],"product_tag":[1371],"class_list":{"0":"post-364259","1":"product","2":"type-product","3":"status-publish","4":"has-post-thumbnail","6":"product_cat-poufs","7":"product_cat-pouf-sur-mesure","8":"product_tag-hkhaju-fr","10":"first","11":"instock","12":"product-type-simple","13":"entry","14":"content-bg","15":"loop-entry"},"taxonomy_info":{"product_cat":[{"value":1325,"label":"Ottomans"},{"value":1968,"label":"pouf sur mesure"}],"product_tag":[{"value":1371,"label":"HKHAJU"}]},"featured_image_src_large":["https:\/\/www.avenuedesigncanada.com\/wp-content\/uploads\/2025\/04\/Sierra-ottoman-face-1024x1024.jpg",1024,1024,true],"author_info":[],"comment_info":"","_links":{"self":[{"href":"https:\/\/www.avenuedesigncanada.com\/fr\/wp-json\/wp\/v2\/product\/364259","targetHints":{"allow":["GET"]}}],"collection":[{"href":"https:\/\/www.avenuedesigncanada.com\/fr\/wp-json\/wp\/v2\/product"}],"about":[{"href":"https:\/\/www.avenuedesigncanada.com\/fr\/wp-json\/wp\/v2\/types\/product"}],"wp:featuredmedia":[{"embeddable":true,"href":"https:\/\/www.avenuedesigncanada.com\/fr\/wp-json\/wp\/v2\/media\/364261"}],"wp:attachment":[{"href":"https:\/\/www.avenuedesigncanada.com\/fr\/wp-json\/wp\/v2\/media?parent=364259"}],"wp:term":[{"taxonomy":"product_brand","embeddable":true,"href":"https:\/\/www.avenuedesigncanada.com\/fr\/wp-json\/wp\/v2\/product_brand?post=364259"},{"taxonomy":"product_cat","embeddable":true,"href":"https:\/\/www.avenuedesigncanada.com\/fr\/wp-json\/wp\/v2\/product_cat?post=364259"},{"taxonomy":"product_tag","embeddable":true,"href":"https:\/\/www.avenuedesigncanada.com\/fr\/wp-json\/wp\/v2\/product_tag?post=364259"}],"curies":[{"name":"wp","href":"https:\/\/api.w.org\/{rel}","templated":true}]}}