{"id":364280,"date":"2025-04-01T11:26:21","date_gmt":"2025-04-01T15:26:21","guid":{"rendered":"https:\/\/www.avenuedesigncanada.com\/?post_type=product&#038;p=364280"},"modified":"2026-02-12T10:47:56","modified_gmt":"2026-02-12T15:47:56","slug":"lit-altidore-copy","status":"publish","type":"product","link":"https:\/\/www.avenuedesigncanada.com\/fr\/product\/lit-altidore-copy\/","title":{"rendered":"Lit Paramount"},"content":{"rendered":"<p><em>Le lit Paramount pr\u00e9sente les caract\u00e9ristiques suivantes :<\/em><\/p>\n<p>T\u00eate de lit et cadre contemporains rembourr\u00e9s<br \/>\nBase en bois<br \/>\nCadre en bois dur<br \/>\nFabrication canadienne<\/p>\n<p>Options<br \/>\nChoix du tissu ou du cuir<br \/>\nChoix de la couleur du bois<\/p>\n<p>Taille Queen : 64.5 x 107 x 50h\u00a0\u00bb.<\/p>\n<p>Vous avez des questions sur ce produit ?<br \/>\nNos concepteurs sont l\u00e0 pour vous aider. Appelez-nous au (514) 340-9351 <\/p>\n","protected":false},"excerpt":{"rendered":"<p>Le lit Paramount allie l&rsquo;\u00e9l\u00e9gance contemporaine \u00e0 un savoir-faire raffin\u00e9. Dot\u00e9 d&rsquo;une t\u00eate de lit et d&rsquo;un cadre \u00e9l\u00e9gants et rembourr\u00e9s, il repose sur une base en bois robuste avec un cadre en bois dur durable, offrant \u00e0 la fois style et qualit\u00e9 durable. Fi\u00e8rement fabriqu\u00e9 au Canada, ce lit est enti\u00e8rement personnalisable avec votre choix de tissu ou de cuir et une vari\u00e9t\u00e9 de finitions de bois, ce qui en fait une pi\u00e8ce ma\u00eetresse polyvalente et sophistiqu\u00e9e pour toute chambre \u00e0 coucher.  <\/p>\n","protected":false},"featured_media":364286,"template":"","meta":{"_kad_blocks_custom_css":"","_kad_blocks_head_custom_js":"","_kad_blocks_body_custom_js":"","_kad_blocks_footer_custom_js":"","_kad_post_transparent":"default","_kad_post_title":"","_kad_post_layout":"default","_kad_post_sidebar_id":"","_kad_post_content_style":"default","_kad_post_vertical_padding":"default","_kad_post_feature":"","_kad_post_feature_position":"","_kad_post_header":false,"_kad_post_footer":false,"_kad_post_classname":""},"product_brand":[],"product_cat":[1296],"product_tag":[1371],"class_list":{"0":"post-364280","1":"product","2":"type-product","3":"status-publish","4":"has-post-thumbnail","6":"product_cat-lits","7":"product_tag-hkhaju-fr","9":"first","10":"instock","11":"product-type-simple","12":"entry","13":"content-bg","14":"loop-entry"},"taxonomy_info":{"product_cat":[{"value":1296,"label":"Lits"}],"product_tag":[{"value":1371,"label":"HKHAJU"}]},"featured_image_src_large":["https:\/\/www.avenuedesigncanada.com\/wp-content\/uploads\/2025\/04\/Paramount-bed-face-1024x1024.jpg",1024,1024,true],"author_info":[],"comment_info":"","_links":{"self":[{"href":"https:\/\/www.avenuedesigncanada.com\/fr\/wp-json\/wp\/v2\/product\/364280","targetHints":{"allow":["GET"]}}],"collection":[{"href":"https:\/\/www.avenuedesigncanada.com\/fr\/wp-json\/wp\/v2\/product"}],"about":[{"href":"https:\/\/www.avenuedesigncanada.com\/fr\/wp-json\/wp\/v2\/types\/product"}],"wp:featuredmedia":[{"embeddable":true,"href":"https:\/\/www.avenuedesigncanada.com\/fr\/wp-json\/wp\/v2\/media\/364286"}],"wp:attachment":[{"href":"https:\/\/www.avenuedesigncanada.com\/fr\/wp-json\/wp\/v2\/media?parent=364280"}],"wp:term":[{"taxonomy":"product_brand","embeddable":true,"href":"https:\/\/www.avenuedesigncanada.com\/fr\/wp-json\/wp\/v2\/product_brand?post=364280"},{"taxonomy":"product_cat","embeddable":true,"href":"https:\/\/www.avenuedesigncanada.com\/fr\/wp-json\/wp\/v2\/product_cat?post=364280"},{"taxonomy":"product_tag","embeddable":true,"href":"https:\/\/www.avenuedesigncanada.com\/fr\/wp-json\/wp\/v2\/product_tag?post=364280"}],"curies":[{"name":"wp","href":"https:\/\/api.w.org\/{rel}","templated":true}]}}