{"id":387236,"date":"2025-10-09T10:13:41","date_gmt":"2025-10-09T14:13:41","guid":{"rendered":"https:\/\/www.avenuedesigncanada.com\/?post_type=product&#038;p=387236"},"modified":"2026-02-12T10:47:56","modified_gmt":"2026-02-12T15:47:56","slug":"table-de-chevet-westfall","status":"publish","type":"product","link":"https:\/\/www.avenuedesigncanada.com\/fr\/product\/table-de-chevet-westfall\/","title":{"rendered":"Table de chevet Westfall"},"content":{"rendered":"<p><em>Les caract\u00e9ristiques de la table de chevet Westfall:<\/em><\/p>\n<p>Un design audacieux prend forme avec des formes audacieuses et des finitions mixtes sur cette table de nuit.<\/p>\n<p>Caisse fabriqu\u00e9e en ch\u00eane blanc massif et placage en finition Bluff, avec dessus et c\u00f4t\u00e9s en finition White Plaster.<\/p>\n<p>Le couvercle blanc est ouvert de chaque c\u00f4t\u00e9, de sorte que le bo\u00eetier en bois de ch\u00eane est visible.<\/p>\n<p>Trois tiroirs \u00e0 fermeture progressive avec poign\u00e9e en acier inoxydable en nickel terni sur le tiroir du haut et tirettes sur les tiroirs du milieu et du bas<\/p>\n<p>Syst\u00e8me de chargement USB \u00e0 deux ports<\/p>\n<p>Patins ajustables<\/p>\n<p>Ne convient pas pour une t\u00e9l\u00e9vision<\/p>\n<p>Avez-vous des questions \u00e0 propos de ce produit ? Nos designers sont l\u00e0 pour vous aider.  Appelez-nous au (514) 340-9351<\/p>\n","protected":false},"excerpt":{"rendered":"<p>La table de chevet Westfall affiche un style audacieux avec son design original et ses finitions mixtes. Elle joue avec les perspectives : on dirait qu&rsquo;un simple caisson en bois avec une finition Bluff est envelopp\u00e9 d&rsquo;un couvercle blanc, mettant en valeur les c\u00f4t\u00e9s dentel\u00e9s. Un syst\u00e8me de recharge USB \u00e0 deux ports ajoute une touche high-tech \u00e0 l&rsquo;arri\u00e8re du caisson.  <\/p>\n","protected":false},"featured_media":387259,"template":"","meta":{"_kad_blocks_custom_css":"","_kad_blocks_head_custom_js":"","_kad_blocks_body_custom_js":"","_kad_blocks_footer_custom_js":"","_kad_post_transparent":"","_kad_post_title":"","_kad_post_layout":"","_kad_post_sidebar_id":"","_kad_post_content_style":"","_kad_post_vertical_padding":"","_kad_post_feature":"","_kad_post_feature_position":"","_kad_post_header":false,"_kad_post_footer":false,"_kad_post_classname":""},"product_brand":[],"product_cat":[1299],"product_tag":[1844],"class_list":{"0":"post-387236","1":"product","2":"type-product","3":"status-publish","4":"has-post-thumbnail","6":"product_cat-tables-de-nuit","7":"product_tag-barcelona-cg-fr-2","9":"first","10":"instock","11":"taxable","12":"shipping-taxable","13":"product-type-simple","14":"entry","15":"content-bg","16":"loop-entry"},"taxonomy_info":{"product_cat":[{"value":1299,"label":"Tables de chevet"}],"product_tag":[{"value":1844,"label":"BARCELONA - CG"}]},"featured_image_src_large":["https:\/\/www.avenuedesigncanada.com\/wp-content\/uploads\/2025\/10\/332232-1-1024x1024.jpg",1024,1024,true],"author_info":[],"comment_info":"","_links":{"self":[{"href":"https:\/\/www.avenuedesigncanada.com\/fr\/wp-json\/wp\/v2\/product\/387236","targetHints":{"allow":["GET"]}}],"collection":[{"href":"https:\/\/www.avenuedesigncanada.com\/fr\/wp-json\/wp\/v2\/product"}],"about":[{"href":"https:\/\/www.avenuedesigncanada.com\/fr\/wp-json\/wp\/v2\/types\/product"}],"wp:featuredmedia":[{"embeddable":true,"href":"https:\/\/www.avenuedesigncanada.com\/fr\/wp-json\/wp\/v2\/media\/387259"}],"wp:attachment":[{"href":"https:\/\/www.avenuedesigncanada.com\/fr\/wp-json\/wp\/v2\/media?parent=387236"}],"wp:term":[{"taxonomy":"product_brand","embeddable":true,"href":"https:\/\/www.avenuedesigncanada.com\/fr\/wp-json\/wp\/v2\/product_brand?post=387236"},{"taxonomy":"product_cat","embeddable":true,"href":"https:\/\/www.avenuedesigncanada.com\/fr\/wp-json\/wp\/v2\/product_cat?post=387236"},{"taxonomy":"product_tag","embeddable":true,"href":"https:\/\/www.avenuedesigncanada.com\/fr\/wp-json\/wp\/v2\/product_tag?post=387236"}],"curies":[{"name":"wp","href":"https:\/\/api.w.org\/{rel}","templated":true}]}}